{"id":11778,"date":"2020-12-13T08:28:52","date_gmt":"2020-12-13T08:28:52","guid":{"rendered":"https:\/\/www.ticketswhales.com\/?post_type=product&#038;p=11778"},"modified":"2023-11-07T21:16:27","modified_gmt":"2023-11-07T21:16:27","slug":"hiking-trails-in-barahona-dominican-republic-cachote-mountains-tropical-fruits-swim","status":"publish","type":"product","link":"https:\/\/ballenajorobada.com\/ro\/Tours-Excursions\/lunch\/trasee-de-excursione-in-barahona-republica-dominicana-munti-cachote-fructe-tropicale-inot","title":{"rendered":"Trasee de drume\u021bii \u00een Barahona (Republica Dominican\u0103). Mun\u021bii Cachote, fructe tropicale \u0219i \u00eenot"},"content":{"rendered":"<section class=\"wpb-content-wrapper\"><div class=\"vc_row wpb_row vc_row-fluid\" ><div class=\"wpb_column vc_column_container vc_col-sm-12\"><div class=\"vc_column-inner\"><div class=\"wpb_wrapper\">\n\t<div class=\"wpb_text_column wpb_content_element\" >\n\t\t<div class=\"wpb_wrapper\">\n\t\t\t<p><span style=\"vertical-align: inherit;\"><span style=\"vertical-align: inherit;\"><\/p>\n\n\t\t<\/div>\n\t<\/div>\n<div class=\"vc_btn3-container vc_btn3-inline\" ><button class=\"vc_general vc_btn3 vc_btn3-size-md vc_btn3-shape-rounded vc_btn3-style-modern vc_btn3-color-green\">REZERVA ACUM<\/button><\/div>\n\t<div class=\"wpb_text_column wpb_content_element\" >\n\t\t<div class=\"wpb_wrapper\">\n\t\t\t<p><\/span><\/span><\/p>\n<div class=\"vc_row wpb_row vc_row-fluid\">\n<div class=\"wpb_column vc_column_container vc_col-sm-12\">\n<div class=\"vc_column-inner\">\n<div class=\"wpb_wrapper\">\n<div class=\"mkdf-section-title-holder\">\n<div class=\"mkdf-st-inner\">\n<h5 class=\"mkdf-st-subtitle\">Mun\u021bii Cachote, fructe tropicale \u0219i \u00eenot<\/h5>\n<h3 class=\"mkdf-st-title\">Trasee de drume\u021bii \u00een Barahona (Republica Dominican\u0103).<\/h3>\n<\/div>\n<\/div>\n<\/div>\n<\/div>\n<\/div>\n<\/div>\n<div class=\"vc_row wpb_row vc_row-fluid\">\n<div class=\"wpb_column vc_column_container vc_col-sm-12\">\n<div class=\"vc_column-inner\">\n<div class=\"wpb_wrapper\">\n<div class=\"wpb_text_column wpb_content_element\">\n<div class=\"wpb_wrapper\">\n<h4><b><i>Prezentare general\u0103<\/i><\/b><\/h4>\n<p>Bucura\u021bi-v\u0103 de o zi de drume\u021bie \u00een Mun\u021bii Cachote, Barahona. Pornind de la Comunitatea Paraiso. \u00cenv\u0103\u021bare despre zonele planta\u021biilor de cafea. \u00cenot \u00een izvoare naturale \u0219i una dintre cele mai frumoase plaje din Republica Dominican\u0103 cu fotografii pitore\u0219ti.<\/p>\n<h4><b>Incluziuni \u0219i excluderi<\/b><\/h4>\n<p>&nbsp;<\/p>\n<p><b>Incluziuni<\/b><\/p>\n<ol>\n<li>Ghid local cu experien\u021b\u0103 \u00een siguran\u021b\u0103 \u00een zon\u0103.<\/li>\n<li>Transport privat pentru grupuri mici<\/li>\n<li>Toate taxele, taxele \u0219i taxele de manipulare<\/li>\n<li>Preluare \/ Transport de la hotelul dvs. (zona Barahona \/ Para\u00edso \/ Los Patos)<\/li>\n<li>Ghid local care vorbe\u0219te englez\u0103 sau francez\u0103<\/li>\n<li>Pr\u00e2nz tipic (tip sandvi\u0219uri) \u0219i o sticl\u0103 de ap\u0103<\/li>\n<li>Taxe locale<\/li>\n<li>Drume\u021bii<\/li>\n<li>Piscine naturale<\/li>\n<\/ol>\n<p><b>Excluderile<\/b><\/p>\n<ol>\n<li>Gratuitatii<\/li>\n<li>Toate B\u0103uturile<\/li>\n<li>Toate serviciile nu sunt men\u021bionate \u00een mod special<\/li>\n<li>Cheltuieli personale \u0219i bac\u0219i\u0219uri<\/li>\n<\/ol>\n<h4><em><strong>Plecare \u0219i \u00eentoarcere<\/strong><\/em><\/h4>\n<p>C\u0103l\u0103torul va primi un punct de \u00eent\u00e2lnire dup\u0103 Procesul de Rezervare. Tururile \u00eencep \u0219i se termin\u0103 \u00een punctele dvs. de \u00eent\u00e2lnire.<\/p>\n<p>Dificultate: Medie-Dificult\u0103<br \/>\nDurata plimbare: 5-6 ore<br \/>\nAltitudine: 800 metri<br \/>\nPlecare de la Hotel: 08.00 AM<br \/>\n\u00centoarcere la hotel: ora 17.00<\/p>\n<h2 class=\"styles__heading___mD4_3\" data-radium=\"true\">Trasee de drume\u021bii \u00een Barahona (Republica Dominican\u0103). Mun\u021bii Cachote, fructe tropicale \u0219i \u00eenot<\/h2>\n<h4><em>La ce s\u0103 te a\u0219tep\u021bi?<\/em><\/h4>\n<p>Vom \u00eencepe aceast\u0103 plimbare \u00een ora\u0219ul Ojeda, care este renumit pentru marea sa produc\u021bie de fructe \u0219i legume tipice Caraibelor. Pe parcurs, putem gusta avocado, portocale, grapefruit, l\u0103m\u00e2i, guava, mango, papaya, sapote \u0219i soursop!<\/p>\n<p>Dup\u0103 1 or\u0103 \u0219i jum\u0103tate de urcare, vom ajunge la un punct de vedere impresionant asupra ora\u0219ului Para\u00edso, Riosito \u0219i mun\u021bii \u00eenal\u021bi Cachote.<\/p>\n<p>Vom continua urcarea \u00eentr-o clim\u0103 mai rece \u0219i mai umed\u0103 p\u00e2n\u0103 ajungem \u00een ora\u0219ul Barrio Nuevo unde vom lua pr\u00e2nzul.<\/p>\n<p>Dup\u0103-amiaza vom traversa o ferm\u0103 de cafea magnific\u0103 pe v\u00e2rful muntelui la 800 de metri deasupra nivelului m\u0103rii. Apoi vom cobor\u00ee 1 or\u0103 p\u00e2n\u0103 ajungem \u00een defileul Riosito unde ne putem sc\u0103lda \u00eentr-o frumoas\u0103 piscin\u0103 natural\u0103 \u00eenconjurat\u0103 de p\u0103durea tropical\u0103.<\/p>\n<p>Continua\u021bi s\u0103 merge\u021bi prin valea Riosito pentru a \u00eencheia ziua f\u0103c\u00e2nd baie pe plaja Paraiso.<\/p>\n<h4><em><strong>Ce ar trebui s\u0103 aduci?<\/strong><\/em><\/h4>\n<ul>\n<li>aparat foto<\/li>\n<li>Muguri repelent<\/li>\n<li>Lotiune de plaja<\/li>\n<li>Toalet\u0103<\/li>\n<li>P\u0103l\u0103rie<\/li>\n<li>Pantaloni comozi<\/li>\n<li>Pantofi de drume\u021bie pentru p\u0103dure<\/li>\n<li>Sandale \u00een zonele de prim\u0103var\u0103.<\/li>\n<li>\u00cembr\u0103c\u0103minte de \u00eenot<\/li>\n<\/ul>\n<p>&nbsp;<\/p>\n<h4><b><i>Preluare la hotel<\/i><\/b><\/h4>\n<p>Pentru acest tur este oferit transfer de la hotel. Preluare\/Transport de la hotelul dumneavoastr\u0103 (zona Barahona\/Paraiso\/Los Patos).<\/p>\n<p><b>Not\u0103:<\/b>\u00a0Dac\u0103 a\u021bi rezervat \u00een termen de 24 de ore de la ora de plecare a turului\/excursiei, putem aranja preluarea de la hotel. Prelu\u0103m doar din zonele Barahona. Odat\u0103 ce achizi\u021bia dvs. este finalizat\u0103, v\u0103 vom trimite informa\u021bii complete de contact (num\u0103r de telefon, adres\u0103 de e-mail etc.) pentru ghidul nostru local pentru a organiza aranjamentele de ridicare.<\/p>\n<h4><b><i>Confirmare informa\u021bii suplimentare<\/i><\/b><\/h4>\n<ol>\n<li>Biletele sunt Chitan\u021ba dup\u0103 plata acestui Tur. Pute\u021bi afi\u0219a plata pe telefon.<\/li>\n<li>Punctul de \u00eent\u00e2lnire va fi primit dup\u0103 procesul de rezervare.<\/li>\n<li>Copiii trebuie s\u0103 fie \u00eenso\u021bi\u021bi de un adult.<\/li>\n<li>Nu este accesibil cu scaunul cu rotile<\/li>\n<li>Bebelu\u0219ii trebuie s\u0103 stea pe poale<\/li>\n<li>Nu este recomandat c\u0103l\u0103torilor cu probleme de spate<\/li>\n<li>Nu este recomandat c\u0103l\u0103torilor \u00eens\u0103rcinate<\/li>\n<li>F\u0103r\u0103 probleme cardiace sau alte afec\u021biuni medicale grave<\/li>\n<li>Majoritatea c\u0103l\u0103torilor pot participa<\/li>\n<\/ol>\n<h4><b><i>Politica de anulare<\/i><\/b><\/h4>\n<p>Pentru o rambursare complet\u0103, anula\u021bi cu cel pu\u021bin 72 de ore \u00eenainte de data de \u00eencepere a experien\u021bei. Fondurile se vor pierde dac\u0103 rezervarea este anulat\u0103 \u00een aceea\u0219i zi a c\u0103l\u0103toriei.<\/p>\n<\/div>\n<\/div>\n<\/div>\n<\/div>\n<\/div>\n<\/div>\n\n\t\t<\/div>\n\t<\/div>\n<\/div><\/div><\/div><\/div><div class=\"wpb_column vc_column_container vc_col-sm-12\"><div class=\"vc_column-inner\"><div class=\"wpb_wrapper\"><\/div><\/div><\/div><div class=\"wpb_column vc_column_container vc_col-sm-12\"><div class=\"vc_column-inner\"><div class=\"wpb_wrapper\"><\/div><\/div><\/div>\n<\/section>","protected":false},"excerpt":{"rendered":"<p>Cump\u0103ra\u021bi bilete cu abonament de o zi la Bahia las Aguilas din Barahona. Conducerea prin parcul na\u021bional Jaragua \u0219i \u00eendreptarea c\u0103tre Cabo Rojo, unde v\u0103 a\u0219teapt\u0103 o barc\u0103. Dup\u0103 o plimbare de 15 minute cu barca, ve\u021bi ajunge la frumoasa \u0219i izolat\u0103 Bah\u00eda de las \u00c1guilas, care este considerat\u0103 cea mai frumoas\u0103 plaj\u0103 din \u021bar\u0103. Pr\u00e2nzul va fi servit pe plaj\u0103 \u0219i ave\u021bi \u0219ansa de a merge la \u00eenot sau pur \u0219i simplu s\u0103 v\u0103 relaxa\u021bi pe plaj\u0103. Bucura\u021bi-v\u0103 de nisipul alb curat al acestei plaje lungi de 8 km.<\/p>\n<p>&nbsp;<\/p>\n<p><strong>Selecta\u021bi ziua pentru aceast\u0103 c\u0103l\u0103torie:<\/strong><\/p>","protected":false},"featured_media":11651,"template":"","meta":[],"product_brand":[],"product_cat":[160,847],"product_tag":[850,566,849,848],"class_list":{"0":"post-11778","1":"product","2":"type-product","3":"status-publish","4":"has-post-thumbnail","6":"product_cat-lunch","7":"product_cat-barahona","8":"product_tag-barahona-hiking","9":"product_tag-barahona-tours","10":"product_tag-cachote-tour","11":"product_tag-paraiso-tour","13":"first","14":"instock","15":"sale","16":"sold-individually","17":"shipping-taxable","18":"product-type-external"},"_links":{"self":[{"href":"https:\/\/ballenajorobada.com\/ro\/wp-json\/wp\/v2\/product\/11778","targetHints":{"allow":["GET"]}}],"collection":[{"href":"https:\/\/ballenajorobada.com\/ro\/wp-json\/wp\/v2\/product"}],"about":[{"href":"https:\/\/ballenajorobada.com\/ro\/wp-json\/wp\/v2\/types\/product"}],"wp:featuredmedia":[{"embeddable":true,"href":"https:\/\/ballenajorobada.com\/ro\/wp-json\/wp\/v2\/media\/11651"}],"wp:attachment":[{"href":"https:\/\/ballenajorobada.com\/ro\/wp-json\/wp\/v2\/media?parent=11778"}],"wp:term":[{"taxonomy":"product_brand","embeddable":true,"href":"https:\/\/ballenajorobada.com\/ro\/wp-json\/wp\/v2\/product_brand?post=11778"},{"taxonomy":"product_cat","embeddable":true,"href":"https:\/\/ballenajorobada.com\/ro\/wp-json\/wp\/v2\/product_cat?post=11778"},{"taxonomy":"product_tag","embeddable":true,"href":"https:\/\/ballenajorobada.com\/ro\/wp-json\/wp\/v2\/product_tag?post=11778"}],"curies":[{"name":"wp","href":"https:\/\/api.w.org\/{rel}","templated":true}]}}