{"id":9686,"date":"2019-10-25T17:17:13","date_gmt":"2019-10-25T17:17:13","guid":{"rendered":"https:\/\/www.ticketswhales.com\/?post_type=product&#038;p=9686"},"modified":"2025-02-02T17:13:59","modified_gmt":"2025-02-02T17:13:59","slug":"ermitano-beach-playa-ermitano-boat-tour-and-playa-onda-half-day-trip-samana-dominican-republic","status":"publish","type":"product","link":"https:\/\/ballenajorobada.com\/ro\/Tours-Excursions\/lunch\/ermitano-beach-playa-ermitano-boat-tour-si-playa-onda-excursie-de-jumatate-zi-samana-republica-dominicana","title":{"rendered":"(Plaja Ermitano) Tur cu barca la Playa Ermita\u00f1o \u0219i Playa Onda, excursie de jum\u0103tate de zi, Saman\u00e1 \u2013 Republica Dominican\u0103."},"content":{"rendered":"<section class=\"wpb-content-wrapper\"><div class=\"vc_row wpb_row vc_row-fluid\" ><div class=\"wpb_column vc_column_container vc_col-sm-12\"><div class=\"vc_column-inner\"><div class=\"wpb_wrapper\"><div class=\"vc_btn3-container vc_btn3-inline\" ><a class=\"vc_general vc_btn3 vc_btn3-size-md vc_btn3-shape-rounded vc_btn3-style-modern vc_btn3-color-green\" href=\"https:\/\/bookingadventures.tours\/booking.php?tour_id=7e99c2fca5922e90ee3d1d2969786362\" title=\"\" rel=\"noopener\">REZERVA ACUM<\/a><\/div><div class=\"mkdf-section-title-holder\" style=\"text-align: left\">\n\t<div class=\"mkdf-st-inner\">\n\t\t\t\t\t<h5 class=\"mkdf-st-subtitle\" >\n\t\t\t\tPr\u00e2nz, plimbare cu barca \u0219i transport privat de la hoteluri.\t\t\t<\/h5>\n\t\t\t\t\t\t\t<h3 class=\"mkdf-st-title\" >\n\t\t\t\t(Plaja Ermitano) Tur cu barca la Playa Ermita\u00f1o \u0219i Playa Onda, excursie de jum\u0103tate de zi, Saman\u00e1 - Republica Dominican\u0103.\t\t\t<\/h3>\n\t\t\t\t\t<\/div>\n<\/div>\n\t<div class=\"wpb_text_column wpb_content_element\" >\n\t\t<div class=\"wpb_wrapper\">\n\t\t\t<h2 class=\"styles__heading___mD4_3\" data-radium=\"true\">(Plaja Ermitano) Tur cu barca la Playa Ermita\u00f1o \u0219i excursie privat\u0103 la Playa Onda.<\/h2>\n<h4><b><i>Prezentare general\u0103 <\/i><\/b><\/h4>\n<p>C\u0103l\u0103toria \u00eencepe s\u0103 te ia de la hotel sau de la aeroportul din zona Samana sau Las Galeras. \u00cencepe\u021bi-v\u0103 experien\u021ba la Playa El Valle, o plaj\u0103 frumoas\u0103 \u0219i unic\u0103 \u00een apropiere de Saman\u00e1. Bucura\u021bi-v\u0103 de o plimbare de 25 de minute cu barca p\u00e2n\u0103 la Playa Ermita\u00f1o, care este o plaj\u0103 \u00eenc\u0103 neexplorat\u0103 \u0219i izolat\u0103, cu ap\u0103 albastru turcoaz. Savura\u021bi apa proasp\u0103t\u0103 de cocos. Descoperi\u021bi frumuse\u021bea real\u0103 \u0219i neatins\u0103 a Republicii Dominicane \u0219i cufunda\u021bi-v\u0103 \u00een natur\u0103, \u00een timp ce explora\u021bi pe\u0219tera secret\u0103 din apropiere. R\u0103m\u00e2ne\u021bi la Playa Ermita\u00f1o at\u00e2t timp c\u00e2t dori\u021bi \u0219i vizita\u021bi Playa Onda, o alt\u0103 plaj\u0103 s\u0103lbatic\u0103 frumoas\u0103, la doar 15 minute de mers cu barca. \u00centoarce\u021bi-v\u0103 la Playa El Valle \u0219i apoi merge\u021bi la Saman\u00e1, ve\u021bi vedea casele locale \u0219i ve\u021bi afla despre via\u021ba real\u0103 dominican\u0103.<\/p>\n<p>&nbsp;<\/p>\n<ul>\n<li>Ghid local cu experien\u021b\u0103 \u00een siguran\u021b\u0103 \u00een zon\u0103.<\/li>\n<li>Transport privat<\/li>\n<li>Taxe incluse<\/li>\n<li>Pranz la plaja<\/li>\n<li>Ghid turistic local \u00een spaniol\u0103, englez\u0103 sau francez\u0103.<\/li>\n<li>Drume\u021bii<\/li>\n<\/ul>\n<h4><b>Incluziuni \u0219i excluderi<\/b><\/h4>\n<p>&nbsp;<\/p>\n<p><b>Incluziuni<\/b><\/p>\n<ol>\n<li><span style=\"font-weight: 400;\">Ghid local cu experien\u021b\u0103 \u00een siguran\u021b\u0103 \u00een zon\u0103.<\/span><\/li>\n<li>Transport privat pentru grupuri mici<\/li>\n<li style=\"font-weight: 400;\">Plaja El Rincon<\/li>\n<li>Dominican House Ranch<\/li>\n<li>R\u00e2ul Cano Frio<\/li>\n<li style=\"font-weight: 400;\"><span style=\"font-weight: 400;\">Toate taxele, taxele \u0219i taxele de manipulare<\/span><\/li>\n<li style=\"font-weight: 400;\"><span style=\"font-weight: 400;\">Taxe locale<\/span><\/li>\n<li>Pranz la plaja<\/li>\n<li>Drume\u021bii<\/li>\n<li style=\"font-weight: 400;\"><span style=\"font-weight: 400;\">Toate activit\u0103\u021bile<\/span><\/li>\n<\/ol>\n<p><b> Excluderile<\/b><\/p>\n<ol>\n<li style=\"font-weight: 400;\"><span style=\"font-weight: 400;\">Gratuitatii<\/span><\/li>\n<li>Toate B\u0103uturile<\/li>\n<\/ol>\n<h4><em><strong>Plecare \u0219i \u00eentoarcere<\/strong><\/em><\/h4>\n<p><span style=\"font-weight: 400;\">C\u0103l\u0103torul va primi un punct de \u00eent\u00e2lnire dup\u0103 Procesul de Rezervare. Tururile \u00eencep \u0219i se termin\u0103 \u00een punctele dvs. de \u00eent\u00e2lnire.<\/span><\/p>\n<h2 class=\"styles__heading___mD4_3\" data-radium=\"true\">(Plaja Ermitano) Tur cu barca la Playa Ermita\u00f1o \u0219i excursie privat\u0103 la Playa Onda.<\/h2>\n<h4><em>La ce s\u0103 te a\u0219tep\u021bi?<\/em><\/h4>\n<p>Dup\u0103 ce a\u021bi plecat din zona hotelurilor din Samana \u0219i ve\u021bi conduce pe str\u0103zile dominicane, ve\u021bi vedea \u0219i \u00eenv\u0103\u021ba despre stilul de via\u021b\u0103 al localnicilor. Aceast\u0103 plaj\u0103 este situat\u0103 \u00eentre Playa Honda \u0219i Playa El Valle, \u00een Peninsula Samana. Are o lungime de 400 de metri \u0219i este \u00eenconjurat de recife. Singura modalitate de a accesa aceast\u0103 plaj\u0103 este drume\u021bia, printr-o potec\u0103 dens\u0103 asem\u0103n\u0103toare junglei sau cu o barc\u0103.<\/p>\n<p><span style=\"vertical-align: inherit;\"><span style=\"vertical-align: inherit;\">La historia de nume este fascinante e interesante\u2026 Juan El Ermita\u00f1o aparent era un pirata francez, care, arrepentido, desembarc\u00f3 un zi \u00een aceast\u0103 plaj\u0103 de Saman\u00e1. <\/span><span style=\"vertical-align: inherit;\">Cuenta la historia que hab\u00eda estado solo \u0219i izolat din lume \u00een cursul anului 1780. La leyenda dice que dup\u0103 22 de ani de exilio, a fost descubierto prin surprindere prin sus antiguos compa\u00f1eros corsarios que lo creyeron muerto. <\/span><span style=\"vertical-align: inherit;\">Pero los espa\u00f1oles, asombrados por su austeridad y constancia, le concedieron el perd\u00f3n, consider\u00e1ndolo casi un santo. <\/span><span style=\"vertical-align: inherit;\">Pero como toda historia de piratas que se precie, Juan El Ermita\u00f1o guardaba un gran secreto: guardaba un precioso bot\u00edn de su \u00e9poca de pirata que se escond\u00eda en esta playa.<\/span><\/span><\/p>\n<p>C\u00e2nd ajungi acolo vei vedea \u00een fa\u021ba ta un peisaj perfect de carte po\u0219tal\u0103. Vei avea impresia de a fi unic \u00een lume \u00een acest loc magic al vegeta\u021biei sale luxuriante \u0219i tropicale \u0219i prin frumuse\u021bea apelor sale cristaline. Aceast\u0103 plaj\u0103 face ca o experien\u021b\u0103 uimitoare s\u0103 devin\u0103 realitate.<\/p>\n<p>Versiunea turc\u0103 \u0219i suedez\u0103 a serialelor Survivor au fost filmate pe aceast\u0103 plaj\u0103<\/p>\n<p>Acest tur, organizat de \u201eBooking Adventures\u201d, \u00eencepe la punctul de \u00eent\u00e2lnire stabilit cu Ghidul nostru Turistic. Vino cu Booking Adventures \u0219i ia pr\u00e2nzul la plaj\u0103 \u0219i bucur\u0103-te de una dintre cele mai uimitoare plaje din Samana, Republica Dominican\u0103.<\/p>\n<h4><em><strong>Ce ar trebui s\u0103 aduci?<\/strong><\/em><\/h4>\n<ul>\n<li style=\"font-weight: 400;\"><span style=\"font-weight: 400;\">aparat foto<\/span><\/li>\n<li style=\"font-weight: 400;\"><span style=\"font-weight: 400;\">Muguri repelent<\/span><\/li>\n<li style=\"font-weight: 400;\"><span style=\"font-weight: 400;\">Lotiune de plaja<\/span><\/li>\n<li>Ap\u0103<\/li>\n<li style=\"font-weight: 400;\"><span style=\"font-weight: 400;\">P\u0103l\u0103rie<\/span><\/li>\n<li style=\"font-weight: 400;\"><span style=\"font-weight: 400;\">Pantaloni comozi<\/span><\/li>\n<li style=\"font-weight: 400;\"><span style=\"font-weight: 400;\">Pantofi de drume\u021bie pentru p\u0103dure<\/span><\/li>\n<li style=\"font-weight: 400;\"><span style=\"font-weight: 400;\">Sandale \u00een zonele de prim\u0103var\u0103.<\/span><\/li>\n<li style=\"font-weight: 400;\"><span style=\"font-weight: 400;\">\u00cembr\u0103c\u0103minte de \u00eenot<\/span><\/li>\n<\/ul>\n<p>&nbsp;<\/p>\n<h4><b><i>Preluare la hotel <\/i><\/b><\/h4>\n<p><span style=\"font-weight: 400;\">Pentru acest tur este oferit transfer de la hotel. <\/span><\/p>\n<p>&nbsp;<\/p>\n<p><b>Not\u0103:<\/b><span style=\"font-weight: 400;\"> Dac\u0103 rezerva\u021bi \u00een termen de 24 de ore de la ora de plecare a turului\/excursiei, putem aranja preluarea de la hotel. Pur \u0219i simplu ridic\u0103m din zona Samana. Odat\u0103 ce achizi\u021bia dvs. este finalizat\u0103, v\u0103 vom trimite informa\u021bii complete de contact (num\u0103r de telefon, adres\u0103 de e-mail etc.) pentru ghidul nostru local pentru a organiza aranjamentele de ridicare.<\/span><\/p>\n<h4><b><i>Confirmare informa\u021bii suplimentare <\/i><\/b><\/h4>\n<ol>\n<li>Biletele sunt Chitan\u021ba dup\u0103 plata acestui Tur. Pute\u021bi afi\u0219a plata pe telefon.<\/li>\n<li style=\"font-weight: 400;\"><span style=\"font-weight: 400;\">Punctul de \u00eent\u00e2lnire va fi primit dup\u0103 procesul de rezervare.<\/span><\/li>\n<li style=\"font-weight: 400;\"><span style=\"font-weight: 400;\">Copiii trebuie s\u0103 fie \u00eenso\u021bi\u021bi de un adult.<\/span><\/li>\n<li style=\"font-weight: 400;\"><span style=\"font-weight: 400;\"> Nu este accesibil cu scaunul cu rotile <\/span><\/li>\n<li style=\"font-weight: 400;\"><span style=\"font-weight: 400;\">Bebelu\u0219ii trebuie s\u0103 stea pe poale <\/span><\/li>\n<li style=\"font-weight: 400;\"><span style=\"font-weight: 400;\">Nu este recomandat c\u0103l\u0103torilor cu probleme de spate<\/span><\/li>\n<li style=\"font-weight: 400;\"><span style=\"font-weight: 400;\">Nu este recomandat c\u0103l\u0103torilor \u00eens\u0103rcinate <\/span><\/li>\n<li style=\"font-weight: 400;\"><span style=\"font-weight: 400;\"> F\u0103r\u0103 probleme cardiace sau alte afec\u021biuni medicale grave <\/span><\/li>\n<li style=\"font-weight: 400;\"><span style=\"font-weight: 400;\">Majoritatea c\u0103l\u0103torilor pot participa<\/span><\/li>\n<\/ol>\n<h4><b><i>Politica de anulare<\/i><\/b><\/h4>\n<p>Pentru o rambursare complet\u0103, v\u0103 rug\u0103m s\u0103 citi\u021bi politicile noastre de anulare\u00a0<a href=\"https:\/\/www.ticketswhales.com\/online-booking\/\" target=\"_blank\" rel=\"noopener\" data-saferedirecturl=\"https:\/\/www.google.com\/url?q=https:\/\/www.ticketswhales.com\/online-booking\/&amp;source=gmail&amp;ust=1672532492004000&amp;usg=AOvVaw3ylqI1cdbIPTimEqEWneyd\">Click aici<\/a>. Fondurile se vor pierde dac\u0103 rezervarea este anulat\u0103 \u00een aceea\u0219i zi a c\u0103l\u0103toriei.<\/p>\n\n\t\t<\/div>\n\t<\/div>\n<\/div><\/div><\/div><\/div><div class=\"vc_row wpb_row vc_row-fluid\" ><div class=\"wpb_column vc_column_container vc_col-sm-12\"><div class=\"vc_column-inner\"><div class=\"wpb_wrapper\">\n\t<div class=\"wpb_video_widget wpb_content_element vc_clearfix   vc_video-aspect-ratio-169 vc_video-el-width-100 vc_video-align-left\" >\n\t\t<div class=\"wpb_wrapper\">\n\t\t\t<h2 class=\"wpb_heading wpb_video_heading\">Urm\u0103ri\u021bi videoclipul:<\/h2>\n\t\t\t<div class=\"wpb_video_wrapper\"><a href=\"https:\/\/vimeo.com\/263076708\" rel=\"noopener\">https:\/\/vimeo.com\/263076708<\/a><\/div>\n\t\t<\/div>\n\t<\/div>\n<\/div><\/div><\/div><\/div><div class=\"vc_row wpb_row vc_row-fluid\" ><div class=\"wpb_column vc_column_container vc_col-sm-12\"><div class=\"vc_column-inner\"><div class=\"wpb_wrapper\"><div class=\"vc_empty_space\"   style=\"height: 32px\"><span class=\"vc_empty_space_inner\"><\/span><\/div>\n\t<div class=\"wpb_text_column wpb_content_element\" >\n\t\t<div class=\"wpb_wrapper\">\n\t\t\t<h4>Contacteaz\u0103-ne?<\/h4>\n<h5>Rezervare aventuri<\/h5>\n<p><em><strong>Localnicii<\/strong>\u00a0\u0219i\u00a0<strong>Na\u0163ionalii<\/strong>\u00a0Ghizi turistici \u0219i servicii pentru oaspe\u021bi<\/em><\/p>\n<p><span class=\"text-turquoise\">Rezervari:<\/span>\u00a0Tururi \u0219i excursii \u00een Dom. Reprezentant.<\/p>\n<p><img decoding=\"async\" class=\"emoji\" draggable=\"false\" src=\"https:\/\/s.w.org\/images\/core\/emoji\/11.2.0\/svg\/1f4de.svg\" alt=\"\ud83d\udcde\" title=\"\">\u00a0Tel\/Whatsapp\u00a0\u00a0<a href=\"tel:+1-809-720-6035\">+1-809-720-6035<\/a>.<\/p>\n<p><img decoding=\"async\" class=\"emoji\" draggable=\"false\" src=\"https:\/\/s.w.org\/images\/core\/emoji\/11.2.0\/svg\/1f4e9.svg\" alt=\"\ud83d\udce9\" title=\"\">\u00a0<a href=\"mailto:info@bookingadventures.com.do\">info@bookingadventures.com.do<\/a><\/p>\n<p><strong>Suntem flexibili, stabilim tururi private prin Whatsapp:\u00a0<a href=\"tel:+18097206035\">+18097206035.<\/a><\/strong><\/p>\n\n\t\t<\/div>\n\t<\/div>\n<div class=\"vc_empty_space\"   style=\"height: 32px\"><span class=\"vc_empty_space_inner\"><\/span><\/div><\/div><\/div><\/div><\/div><div class=\"vc_row wpb_row vc_row-fluid\" ><div class=\"wpb_column vc_column_container vc_col-sm-12\"><div class=\"vc_column-inner\"><div class=\"wpb_wrapper\"><div class=\"vc_btn3-container vc_btn3-inline\" ><a class=\"vc_general vc_btn3 vc_btn3-size-md vc_btn3-shape-rounded vc_btn3-style-modern vc_btn3-color-green\" href=\"https:\/\/bookingadventures.tours\/booking.php?tour_id=7e99c2fca5922e90ee3d1d2969786362\" title=\"\" rel=\"noopener\">REZERVA ACUM<\/a><\/div><\/div><\/div><\/div><\/div>\n<\/section>","protected":false},"excerpt":{"rendered":"<pre id=\"tw-target-text\" class=\"tw-data-text tw-text-large tw-ta\" dir=\"ltr\" data-placeholder=\"Translation\" data-ved=\"2ahUKEwiCmvnO05CCAxVehP0HHTI_C5cQ3ewLegQIChAQ\"><span class=\"Y2IQFc\" lang=\"en\">\u00cencepe\u021bi-v\u0103 experien\u021ba la Playa El Valle, o plaj\u0103 frumoas\u0103 \u0219i unic\u0103 l\u00e2ng\u0103 Saman\u00e1. Bucura\u021bi-v\u0103 de o plimbare de 25 de minute cu barca p\u00e2n\u0103 la Playa Ermita\u00f1o, care este o plaj\u0103 \u00eenc\u0103 neexplorat\u0103 \u0219i retras\u0103, cu ap\u0103 albastru turcoaz. Bucura\u021bi-v\u0103 de ap\u0103 proasp\u0103t\u0103 de nuc\u0103 de cocos. Descoperi\u021bi frumuse\u021bea real\u0103, neatins\u0103 a Republicii Dominicane \u0219i scufund\u0103-te \u00een natur\u0103 \u00een timp ce explorezi pe\u0219tera secret\u0103 din apropiere. R\u0103m\u00e2ne\u021bi \u00een Playa Ermita\u00f1o at\u00e2ta timp c\u00e2t dori\u021bi \u0219i vizita\u021bi Playa Onda, o alt\u0103 plaj\u0103 s\u0103lbatic\u0103 frumoas\u0103, la doar 15 minute de mers cu barca. \u00centoarce\u021bi-v\u0103 la Playa El Valle \u0219i apoi merge\u021bi la Saman\u00e1, ve\u021bi vedea casele locale \u0219i ve\u021bi afla despre via\u021ba real\u0103 dominican\u0103. Aceasta este o experien\u021b\u0103 de jum\u0103tate de zi a adev\u0103ratului Saman\u00e1 din Republica Dominican\u0103.<\/span><\/pre>\n<p>&nbsp;<\/p>\n<p><i><b>Face\u021bi clic pe REZERV\u0102 ACUM pentru a vedea disponibilitatea\u00a0<\/b><\/i><\/p>","protected":false},"featured_media":17166,"template":"","meta":[],"product_brand":[],"product_cat":[160,655,456,170,255],"product_tag":[510,516,520,515,519,522,521,517,523,511,518,512,514,513,327,375,200,187],"class_list":{"0":"post-9686","1":"product","2":"type-product","3":"status-publish","4":"has-post-thumbnail","6":"product_cat-lunch","7":"product_cat-1-samana","8":"product_cat-day-trips","9":"product_cat-local-tour-guides","10":"product_cat-tours-excursions-samana-bay-dominican-republic","11":"product_tag-ermitano-beach-playa-ermitano-boat-tour-and-playa-onda-private-trip","12":"product_tag-ermitano-beach","13":"product_tag-ermitano-excursion","14":"product_tag-ermitano-samana","15":"product_tag-ermitano-tour","16":"product_tag-las-terrenas-excursions","17":"product_tag-las-terrenas-tours","18":"product_tag-onda-beach","19":"product_tag-playa-ermitano-and-playa-onda-private-boat-tour","20":"product_tag-playa-ermitano-tour","21":"product_tag-playa-honda-samana","22":"product_tag-playa-onda","23":"product_tag-playa-onda-location","24":"product_tag-playa-onda-samana-maps","25":"product_tag-private-tours-samana","26":"product_tag-samana-dominican-republic","27":"product_tag-samana-excursions","28":"product_tag-samana-tours","30":"first","31":"instock","32":"sale","33":"sold-individually","34":"shipping-taxable","35":"product-type-external"},"_links":{"self":[{"href":"https:\/\/ballenajorobada.com\/ro\/wp-json\/wp\/v2\/product\/9686","targetHints":{"allow":["GET"]}}],"collection":[{"href":"https:\/\/ballenajorobada.com\/ro\/wp-json\/wp\/v2\/product"}],"about":[{"href":"https:\/\/ballenajorobada.com\/ro\/wp-json\/wp\/v2\/types\/product"}],"wp:featuredmedia":[{"embeddable":true,"href":"https:\/\/ballenajorobada.com\/ro\/wp-json\/wp\/v2\/media\/17166"}],"wp:attachment":[{"href":"https:\/\/ballenajorobada.com\/ro\/wp-json\/wp\/v2\/media?parent=9686"}],"wp:term":[{"taxonomy":"product_brand","embeddable":true,"href":"https:\/\/ballenajorobada.com\/ro\/wp-json\/wp\/v2\/product_brand?post=9686"},{"taxonomy":"product_cat","embeddable":true,"href":"https:\/\/ballenajorobada.com\/ro\/wp-json\/wp\/v2\/product_cat?post=9686"},{"taxonomy":"product_tag","embeddable":true,"href":"https:\/\/ballenajorobada.com\/ro\/wp-json\/wp\/v2\/product_tag?post=9686"}],"curies":[{"name":"wp","href":"https:\/\/api.w.org\/{rel}","templated":true}]}}