{"id":9918,"date":"2020-03-29T08:08:03","date_gmt":"2020-03-29T08:08:03","guid":{"rendered":"https:\/\/www.ticketswhales.com\/Tours-Excursions\/uncategorized\/import-placeholder-for-9917\/"},"modified":"2025-02-02T17:15:43","modified_gmt":"2025-02-02T17:15:43","slug":"birdwatching-punta-cana-birding-tours-from-punta-cana-to-los-haitises-national-park","status":"publish","type":"product","link":"https:\/\/ballenajorobada.com\/sk\/Tours-Excursions\/fees-entrace\/pozorovanie-vtactva-punta-cana-vtacie-vylety-z-punta-cana-do-narodneho-parku-los-haitises","title":{"rendered":"Pozorovanie vt\u00e1kov Punta Cana \u2013 v\u00fdlety za vt\u00e1kmi z Punta Cana do n\u00e1rodn\u00e9ho parku Los Haitises"},"content":{"rendered":"<section class=\"wpb-content-wrapper\"><div class=\"vc_row wpb_row vc_row-fluid\" ><div class=\"wpb_column vc_column_container vc_col-sm-12\"><div class=\"vc_column-inner\"><div class=\"wpb_wrapper\">\n\t<div class=\"wpb_text_column wpb_content_element\" >\n\t\t<div class=\"wpb_wrapper\">\n\t\t\t<div class=\"vc_row wpb_row vc_row-fluid\">\n<div class=\"wpb_column vc_column_container vc_col-sm-12\">\n<div class=\"vc_column-inner\">\n<div class=\"wpb_wrapper\">\n<div class=\"mkdf-section-title-holder\">\n<div class=\"mkdf-st-inner\">\n<h5 class=\"mkdf-st-subtitle\">Pozorovanie vt\u00e1kov v n\u00e1rodnom parku Los Haitises<\/h5>\n<h2 class=\"mkdf-st-title\">Vt\u00e1\u010die v\u00fdlety z Punta Cana do n\u00e1rodn\u00e9ho parku Los Haitises<\/h2>\n<\/div>\n<\/div>\n<\/div>\n<\/div>\n<\/div>\n<\/div>\n<div class=\"vc_row wpb_row vc_row-fluid\">\n<div class=\"wpb_column vc_column_container vc_col-sm-12\">\n<div class=\"vc_column-inner\">\n<div class=\"wpb_wrapper\">\n<div class=\"wpb_text_column wpb_content_element\">\n<div class=\"wpb_wrapper\">\n<h4><b><i>Preh\u013ead<\/i><\/b><\/h4>\n<section><\/section>\n<p>Iba n\u00e1v\u0161tevy pon\u00fakan\u00e9 v Dominik\u00e1nskej republike s n\u00e1rodn\u00fdmi a miestnymi turistick\u00fdmi sprievodcami certifikovan\u00fdmi ministerstvom cestovn\u00e9ho ruchu v Dominik\u00e1nskej republike. Kontaktujte priamych miestnych odborn\u00edkov a nav\u0161t\u00edvte n\u00e1rodn\u00fd park Los Haitises. Zatia\u013e \u010do v\u00e4\u010d\u0161ina \u013eud\u00ed vyr\u00e1\u017ea lo\u010fou, aby presk\u00famala park a jeho jaskyne, ostrovy. Zameriame sa na \u0161t\u00fadium ornitol\u00f3gov v n\u00e1rodnom parku Los Haitises. U\u017e\u00edvanie si a u\u010denie sa o projektoch na ochranu vo\u013ene \u017eij\u00facich \u017eivo\u010d\u00edchov na s\u00fakromn\u00fdch v\u00fdletoch.<\/p>\n<p>Chr\u00e1nime 110 druhov vt\u00e1kov, ktor\u00e9 m\u00f4\u017eete n\u00e1js\u0165 v n\u00e1rodnom parku Los Haitises. Prech\u00e1dzka t\u00fdmto \u010darovn\u00fdm lesom pri h\u013eadan\u00ed papag\u00e1jov, Todys, Ridgwayov\u00fdch jastrabov, tanagerov, kolibr\u00edkov a mnoh\u00fdch \u010fal\u0161\u00edch. Poskytovanie zauj\u00edmavej hist\u00f3rie o v\u0161etk\u00fdch t\u00fdchto vt\u00e1koch, ktor\u00e9 m\u00f4\u017eete vidie\u0165 na Humitskom chodn\u00edku. Pozn\u00e1me biotopy \u0161kv\u0155n Ridgwayov\u00fdch, sov popolav\u00fdch a in\u00fdch endemick\u00fdch druhov. T\u00e1to prehliadka je zameran\u00e1 na pr\u00edrodu a je viac s\u00fastreden\u00e1 na inform\u00e1cie o vo\u013ene \u017eij\u00facich \u017eivo\u010d\u00edchoch s o\u010dak\u00e1van\u00edm miestnych sprievodcov certifikovan\u00fdch ako ornitol\u00f3g.<\/p>\n<p><strong>V\u00e4\u010d\u0161inou ide o s\u00fakromn\u00fa prehliadku pre skuto\u010dne kvalitn\u00fd z\u00e1\u017eitok.<\/strong><\/p>\n<p>Pozrite si zoznam najbe\u017enej\u0161\u00edch vt\u00e1kov na na\u0161ich cest\u00e1ch:\u00a0<a href=\"https:\/\/avibase.bsc-eoc.org\/checklist.jsp?lang=ES&amp;p2=1&amp;list=clements&amp;synlang=EN&amp;region=DO0005&amp;version=text&amp;lifelist=&amp;highlight=0\" target=\"_blank\" rel=\"noopener\"><strong>KLIKNITE TU<\/strong><\/a><\/p>\n<h4><\/h4>\n<h4><b>Inkl\u00fazie a vyl\u00fa\u010denia<\/b><\/h4>\n<p><b>Inkl\u00fazie<\/b><\/p>\n<ol>\n<li>3 hodiny prech\u00e1dzky vt\u00e1kmi po chodn\u00edkoch v parku<\/li>\n<li>V\u0161etky dane, poplatky a manipula\u010dn\u00e9 poplatky<\/li>\n<li>Miestne dane<\/li>\n<li>obed<\/li>\n<li>\u00daradn\u00edci Ekol\u00f3govia Sprievodcovia anglicky\/\u0161panielsky<\/li>\n<li>Transfer z Punta Cana<\/li>\n<\/ol>\n<p><b>Vyl\u00fa\u010denia<\/b><\/p>\n<ol>\n<li>Spropitn\u00e9<\/li>\n<li>Alkoholick\u00e9 n\u00e1poje<\/li>\n<\/ol>\n<p>&nbsp;<\/p>\n<h4><a id=\"departure-return\" class=\"aal_anchor\" href=\"https:\/\/www.ticketswhales.com\/Tours-Excursions\/fees-entrace\/birdwatching-punta-cana-birding-tours-from-punta-cana-to-los-haitises-national-park\/#departure-return\" target=\"_blank\" rel=\"noopener\" aria-hidden=\"true\"><\/a><em><strong>Odchod a n\u00e1vrat<\/strong><\/em><\/h4>\n<p>Prehliadka organizovan\u00e1 sprievodcami \u201eBooking Adventures locals Ornitologist tour Guides\u201c za\u010d\u00edna na mieste stretnutia s turistick\u00fdm sprievodcom. Cestuj\u00faci dostane miesto stretnutia po procese rezerv\u00e1cie. Prehliadky za\u010d\u00ednaj\u00fa a kon\u010dia na na\u0161ich miestach stretnutia.<\/p>\n<p>&nbsp;<\/p>\n<h4><a id=\"what-to-expect\" class=\"aal_anchor\" href=\"https:\/\/www.ticketswhales.com\/Tours-Excursions\/fees-entrace\/birdwatching-punta-cana-birding-tours-from-punta-cana-to-los-haitises-national-park\/#what-to-expect\" target=\"_blank\" rel=\"noopener\" aria-hidden=\"true\"><\/a><b><i>\u010co o\u010dak\u00e1va\u0165?<\/i><\/b><\/h4>\n<p><em><strong>Z\u00edskajte l\u00edstok<\/strong><\/em>\u00a0na pozorovanie vt\u00e1kov v n\u00e1rodnom parku Los Haitises z Punta Cana. Cesta z Punta cana do n\u00e1rodn\u00e9ho parku trv\u00e1 pribli\u017ene 1:45 min\u00faty. Ke\u010f doraz\u00edte do parku, dostaneme 30-min\u00fatov\u00fa pe\u0161iu turistiku a pozorovanie jastrabov, m\u00e1me mo\u017enos\u0165 pokra\u010dova\u0165 v pe\u0161ej turistike a skontrolova\u0165 papag\u00e1je, piculety a in\u00e9 endemick\u00e9 druhy v n\u00e1rodnom parku Los Haitises.<\/p>\n<p>N\u00e1rodn\u00fd park Los Haitises m\u00e1 v Sabana de la Mar len dve vt\u00e1\u010die chodn\u00edky. Cestou do n\u00e1rodn\u00e9ho parku Los Hiatises zastavujeme na niektor\u00fdch miestach, aby sme videli viac vt\u00e1kov.<\/p>\n<p>Po 4 a pol hodin\u00e1ch pozn\u00e1vania vt\u00e1kov v n\u00e1rodnom parku Los Haitises sa t\u00e1to exkurzia kon\u010d\u00ed na rovnakom mieste, ako za\u010dala.<\/p>\n<p><strong>Pozn\u00e1mka: Tieto z\u00e1jazdy s\u00fa s ofici\u00e1lnymi ekologick\u00fdmi sprievodcami. Pros\u00edm, rezervujte si \u010das, preto\u017ee v parku nie je pr\u00edli\u0161 ve\u013ea \u0161pecialistov.<\/strong><\/p>\n<p>&nbsp;<\/p>\n<h4><a id=\"what-you-should-bring\" class=\"aal_anchor\" href=\"https:\/\/www.ticketswhales.com\/Tours-Excursions\/fees-entrace\/birdwatching-punta-cana-birding-tours-from-punta-cana-to-los-haitises-national-park\/#what-you-should-bring\" target=\"_blank\" rel=\"noopener\" aria-hidden=\"true\"><\/a><em><strong>\u010co by ste si mali prinies\u0165?<\/strong><\/em><\/h4>\n<ul>\n<li>fotoapar\u00e1t<\/li>\n<li>\u010ealekoh\u013ead<\/li>\n<li>Repelentn\u00e9 p\u00fa\u010diky<\/li>\n<li>opa\u013eovac\u00ed kr\u00e9m<\/li>\n<li>Klob\u00fak<\/li>\n<li>Pohodln\u00e9 nohavice<\/li>\n<li>Turistick\u00e1 obuv do lesa<\/li>\n<li>Sand\u00e1le do jarn\u00fdch oblast\u00ed.<\/li>\n<li>Oble\u010denie na pl\u00e1vanie<\/li>\n<\/ul>\n<p>&nbsp;<\/p>\n<h4><a id=\"hotel-pickup\" class=\"aal_anchor\" href=\"https:\/\/www.ticketswhales.com\/Tours-Excursions\/fees-entrace\/birdwatching-punta-cana-birding-tours-from-punta-cana-to-los-haitises-national-park\/#hotel-pickup\" target=\"_blank\" rel=\"noopener\" aria-hidden=\"true\"><\/a><b><i>Pickup Hotel<\/i><\/b><\/h4>\n<p>Pre tento z\u00e1jazd je k dispoz\u00edcii vyzdvihnutie v hoteli.<\/p>\n<p><b>Pozn\u00e1mka:<\/b>\u00a0Ak si rezervujete do 24 hod\u00edn od \u010dasu odchodu z\u00e1jazdu\/exkurzie, m\u00f4\u017eeme zabezpe\u010di\u0165 vyzdvihnutie v hoteli v Punta Cana. Po dokon\u010den\u00ed n\u00e1kupu v\u00e1m po\u0161leme kompletn\u00e9 kontaktn\u00e9 inform\u00e1cie (telef\u00f3nne \u010d\u00edslo, e-mailov\u00fa adresu at\u010f.) pre n\u00e1\u0161ho miestneho sprievodcu, aby sme mohli zabezpe\u010di\u0165 vyzdvihnutie.<\/p>\n<h4><a id=\"additional-info-confirmation\" class=\"aal_anchor\" href=\"https:\/\/www.ticketswhales.com\/Tours-Excursions\/fees-entrace\/birdwatching-punta-cana-birding-tours-from-punta-cana-to-los-haitises-national-park\/#additional-info-confirmation\" target=\"_blank\" rel=\"noopener\" aria-hidden=\"true\"><\/a><b><i>Potvrdenie dodato\u010dn\u00fdch inform\u00e1ci\u00ed<\/i><\/b><\/h4>\n<ol>\n<li>Vstupenky s\u00fa potvrden\u00edm po zaplaten\u00ed tohto z\u00e1jazdu. Platbu m\u00f4\u017eete zobrazi\u0165 na telef\u00f3ne.<\/li>\n<li>Miesto stretnutia bude prijat\u00e9 po procese rezerv\u00e1cie.<\/li>\n<li>Deti musia by\u0165 v sprievode dospelej osoby.<\/li>\n<li>Bezbari\u00e9rov\u00fd pr\u00edstup<\/li>\n<li>Doj\u010dat\u00e1 musia sedie\u0165 na kolen\u00e1ch<\/li>\n<li>Neodpor\u00fa\u010da sa pre cestuj\u00facich s probl\u00e9mami s chrbtom<\/li>\n<li>Neodpor\u00fa\u010da sa pre tehotn\u00e9 cestovate\u013eky<\/li>\n<li>\u017diadne srdcov\u00e9 probl\u00e9my ani in\u00e9 v\u00e1\u017ene zdravotn\u00e9 \u0165a\u017ekosti<\/li>\n<li>V\u00e4\u010d\u0161ina cestovate\u013eov sa m\u00f4\u017ee z\u00fa\u010dastni\u0165<\/li>\n<\/ol>\n<p>Tento z\u00e1jazd je pon\u00fakan\u00fd minim\u00e1lne pre 2 osoby a maxim\u00e1lne pre 15 os\u00f4b. V pr\u00edpade men\u0161ieho po\u010dtu \u013eud\u00ed n\u00e1s pros\u00edm kontaktujte.<\/p>\n<h4><a id=\"cancellation-policy\" class=\"aal_anchor\" href=\"https:\/\/www.ticketswhales.com\/Tours-Excursions\/fees-entrace\/birdwatching-punta-cana-birding-tours-from-punta-cana-to-los-haitises-national-park\/#cancellation-policy\" target=\"_blank\" rel=\"noopener\" aria-hidden=\"true\"><\/a><b><i>Podmienky zru\u0161enia<\/i><\/b><\/h4>\n<p>Ak chcete z\u00edska\u0165 pln\u00fa n\u00e1hradu, zru\u0161te aspo\u0148 24 hod\u00edn pred d\u00e1tumom za\u010diatku z\u00e1\u017eitku.<\/p>\n<\/div>\n<\/div>\n<\/div>\n<\/div>\n<\/div>\n<\/div>\n<div class=\"vc_row wpb_row vc_row-fluid\">\n<div class=\"wpb_column vc_column_container vc_col-sm-12\">\n<div class=\"vc_column-inner\">\n<div class=\"wpb_wrapper\">\n<div class=\"wpb_text_column wpb_content_element\">\n<div class=\"wpb_wrapper\">\n<h4>Kontaktuj n\u00e1s?<\/h4>\n<h5><em><strong>Rezerva\u010dn\u00e9 dobrodru\u017estv\u00e1<\/strong><\/em><\/h5>\n<p><em><strong>Miestni obyvatelia<\/strong>\u00a0a\u00a0<strong>\u0160t\u00e1tni pr\u00edslu\u0161n\u00edci<\/strong>\u00a0Sprievodcovia a slu\u017eby pre host\u00ed<\/em><\/p>\n<p><span class=\"text-turquoise\">Rezerv\u00e1cie:<\/span>\u00a0Prehliadky a exkurzie v Dom. Rep.<\/p>\n<p>\ud83d\udcde Tel \/ Whatsapp\u00a0\u00a0<a href=\"tel: 1-809-720-6035\">+1-809-720-6035<\/a>.<\/p>\n<p>\ud83d\udce9\u00a0<a href=\"mailto:info@bookingadventures.com.do\">info@bookingadventures.com.do<\/a><\/p>\n<p><strong>Flexibilne nastavujeme s\u00fakromn\u00e9 prehliadky od Whatsapp:\u00a0<a href=\"tel: 18097206035\">+18097206035.<\/a><\/strong><\/p>\n<\/div>\n<\/div>\n<\/div>\n<\/div>\n<\/div>\n<\/div>\n\n\t\t<\/div>\n\t<\/div>\n<\/div><\/div><\/div><\/div><div class=\"wpb_column vc_column_container vc_col-sm-12\"><div class=\"vc_column-inner\"><div class=\"wpb_wrapper\"><\/div><\/div><\/div><div class=\"wpb_column vc_column_container vc_col-sm-12\"><div class=\"vc_column-inner\"><div class=\"wpb_wrapper\"><\/div><\/div><\/div>\n<\/section>","protected":false},"excerpt":{"rendered":"<p><span style=\"vertical-align: inherit;\"><span style=\"vertical-align: inherit;\">Pozorovanie vt\u00e1kov: Cel\u00e9 dopoludnie na chodn\u00edkoch da\u017e\u010fov\u00e9ho pralesa n\u00e1rodn\u00e9ho parku Los Haitises. Tento park m\u00e1 \u0161irok\u00fa \u0161k\u00e1lu druhov vt\u00e1kov a zvierat a je ob\u013e\u00faben\u00fd medzi pozorovate\u013emi vt\u00e1ctva. Zatia\u013e \u010do viden\u00fd po\u010det m\u00f4\u017ee by\u0165 vy\u0161\u0161\u00ed ako inde, poloha Cano Hondo v mierne vlhkej oblasti krajiny znamen\u00e1, \u017ee da\u017e\u010fov\u00fd prales je otvorenej\u0161\u00ed s men\u0161\u00edm po\u010dtom kakaov\u00fdch a k\u00e1vov\u00fdch plant\u00e1\u017e\u00ed, \u010do u\u013eah\u010duje spozorovanie vo\u013ene \u017eij\u00facich \u017eivo\u010d\u00edchov.<\/span><\/span><\/p>\n<p>Toto je s\u00fakromn\u00fd v\u00fdlet. M\u00f4\u017eete si vybra\u0165 \u010das, kedy za\u010da\u0165 s pozorovan\u00edm vt\u00e1kov a kedy sa vr\u00e1ti\u0165 do Punta Cana.<\/p>\n<p><strong>Vyberte d\u00e1tum aktivity:<\/strong><\/p>","protected":false},"featured_media":17200,"template":"","meta":[],"product_brand":[],"product_cat":[178,948,946,932,168,159,927,170,169,773,971,964,253,254,255],"product_tag":[586,237,582,584,628,236,583,625,630,629,585,171,624,209,627,239,238,175,240],"class_list":{"0":"post-9918","1":"product","2":"type-product","3":"status-publish","4":"has-post-thumbnail","6":"product_cat-hiking","7":"product_cat-1-punta-cana","8":"product_cat-1-sabana-de-la-mar","9":"product_cat-birdwatching-los-haitises","10":"product_cat-caves","11":"product_cat-fees-entrace","12":"product_cat-hiking-los-haitises","13":"product_cat-local-tour-guides","14":"product_cat-mangroves","15":"product_cat-private-tours-excursions","16":"product_cat-punta-cana-private-tours","17":"product_cat-punta-cana-los-haitises","18":"product_cat-tours-and-excursions","19":"product_cat-tours-excursions-los-haitises-national-park","20":"product_cat-tours-excursions-samana-bay-dominican-republic","21":"product_tag-biding-sabana-de-la-mar","22":"product_tag-birding","23":"product_tag-birding-dominican-republic","24":"product_tag-birding-in-los-haitises","25":"product_tag-los-haitises-national-park-birding-tour-from-punta-cana","26":"product_tag-birdwatching","27":"product_tag-birdwatching-dominicana","28":"product_tag-birdwtaching","29":"product_tag-carretera-cano-hondo","30":"product_tag-eco-lodge-paraiso-cano-hondo","31":"product_tag-hire-a-guide-in-los-haitises","32":"product_tag-los-haitises","33":"product_tag-los-haitises-birding","34":"product_tag-los-haitises-national-park","35":"product_tag-los-haitises-national-park-cano-hondo","36":"product_tag-nature","37":"product_tag-ridgways-hawk","38":"product_tag-sabana-de-la-mar","39":"product_tag-wildlife","41":"first","42":"instock","43":"sale","44":"sold-individually","45":"shipping-taxable","46":"product-type-external"},"_links":{"self":[{"href":"https:\/\/ballenajorobada.com\/sk\/wp-json\/wp\/v2\/product\/9918","targetHints":{"allow":["GET"]}}],"collection":[{"href":"https:\/\/ballenajorobada.com\/sk\/wp-json\/wp\/v2\/product"}],"about":[{"href":"https:\/\/ballenajorobada.com\/sk\/wp-json\/wp\/v2\/types\/product"}],"wp:featuredmedia":[{"embeddable":true,"href":"https:\/\/ballenajorobada.com\/sk\/wp-json\/wp\/v2\/media\/17200"}],"wp:attachment":[{"href":"https:\/\/ballenajorobada.com\/sk\/wp-json\/wp\/v2\/media?parent=9918"}],"wp:term":[{"taxonomy":"product_brand","embeddable":true,"href":"https:\/\/ballenajorobada.com\/sk\/wp-json\/wp\/v2\/product_brand?post=9918"},{"taxonomy":"product_cat","embeddable":true,"href":"https:\/\/ballenajorobada.com\/sk\/wp-json\/wp\/v2\/product_cat?post=9918"},{"taxonomy":"product_tag","embeddable":true,"href":"https:\/\/ballenajorobada.com\/sk\/wp-json\/wp\/v2\/product_tag?post=9918"}],"curies":[{"name":"wp","href":"https:\/\/api.w.org\/{rel}","templated":true}]}}