{"id":12453,"date":"2021-03-27T19:17:04","date_gmt":"2021-03-27T19:17:04","guid":{"rendered":"https:\/\/www.ticketswhales.com\/?post_type=product&#038;p=12453"},"modified":"2023-11-07T20:26:43","modified_gmt":"2023-11-07T20:26:43","slug":"los-haitises-tainos-canoe-mountain-bike-tour","status":"publish","type":"product","link":"https:\/\/ballenajorobada.com\/sl\/Tours-Excursions\/tours-excursions-los-haitises-national-park\/gorsko-kolesarska-tura-s-kanujem-los-haitises-tainos","title":{"rendered":"Gorska kolesa + Taino&#039;s Canoe Los Haitises"},"content":{"rendered":"<section class=\"wpb-content-wrapper\"><div class=\"vc_row wpb_row vc_row-fluid\" ><div class=\"wpb_column vc_column_container vc_col-sm-12\"><div class=\"vc_column-inner\"><div class=\"wpb_wrapper\"><div class=\"vc_btn3-container vc_btn3-inline\" ><button class=\"vc_general vc_btn3 vc_btn3-size-md vc_btn3-shape-rounded vc_btn3-style-modern vc_btn3-color-green\">REZERVIRAJTE ZDAJ<\/button><\/div>\n\t<div class=\"wpb_text_column wpb_content_element\" >\n\t\t<div class=\"wpb_wrapper\">\n\t\t\t<p><span style=\"vertical-align: inherit;\"><span style=\"vertical-align: inherit;\"><\/p>\n\n\t\t<\/div>\n\t<\/div>\n\n\t<div class=\"wpb_text_column wpb_content_element\" >\n\t\t<div class=\"wpb_wrapper\">\n\t\t\t<p><\/span><\/span><\/p>\n<h2>Gorska kolesa + Taino&#039;s Canoe Los Haitises<\/h2>\n<p>&nbsp;<\/p>\n<p>Potujte z lokalnim strokovnjakom in pridobite edinstveno izku\u0161njo kolesarjenja, ki se za\u010dne v mestu Sabana de la Mar. Ta tura vas bo popeljala po \u010dudoviti pokrajini pode\u017eelja Dominikanske republike. Ko se boste vozili s kolesom, se boste lahko pozdravili! kmetom, ki jezdijo svoje konje ali motorje do svoje posesti in med ogledom se boste lahko spustili v pustolov\u0161\u010dino in lokalno kulturo iz Sabane de la Mar. Nekaj dejstev o Los Haitises: je ena najve\u010djih apnen\u010dastih formacij na svetu, kraj za ohranjanje endemi\u010dnih vrst, Lokacija z ve\u010dino biotske raznovrstnosti otoka, tam je eden najve\u010djih gozdov mangrove Quisqueya in jama z najve\u010d piktogrami Karibov.<\/p>\n<p>Vas zanima vsakdanje \u017eivljenje Ta\u00ednov? Z aktivnostjo Taino Adventure se boste popeljali nazaj v \u010das in izkusili svet domorodnih ljudstev Dominikanske republike.<\/p>\n<p>Kanu je bil verjetno najpomembnej\u0161i del \u017eivljenja Ta\u00ednov. Z njim so lovili ribe, potovali na manj\u0161e otoke, komunicirali z drugimi plemeni in obiskovali \u0161amane za obrede, zdravljenje in prerokovanje. Pri Booking Adventures vas \u017eelimo potopiti v svet Ta\u00ednosa.<\/p>\n<p>&nbsp;<\/p>\n<h4><a id=\"inclusions-exclusions\" class=\"aal_anchor\" href=\"https:\/\/bookingadventures.com.do\/dominicantour\/mountain-bikes-tainos-canoe-los-haitises\/#inclusions-exclusions\" aria-hidden=\"true\" rel=\"noopener\"><\/a><b>Vklju\u010ditve in izklju\u010ditve<\/b><\/h4>\n<p><b>Vklju\u010dki<\/b><\/p>\n<ol>\n<li>Izlet s kanuji<\/li>\n<li>gorska kolesa<\/li>\n<li>Brezpla\u010dna majica s Tainovim piktogramom<\/li>\n<li>Okus kruha Casabe<\/li>\n<li>Ogledi jam<\/li>\n<li>Vsi davki, pristojbine in manipulativni stro\u0161ki<\/li>\n<li>Lokalni davki<\/li>\n<li>Lokalni vodnik<\/li>\n<\/ol>\n<p><b>Izklju\u010ditve<\/b><\/p>\n<ol>\n<li>Napitnine<\/li>\n<li>Prenos<\/li>\n<li>Kosilo ni vklju\u010deno<\/li>\n<li>Alkoholne pija\u010de<\/li>\n<\/ol>\n<p>&nbsp;<\/p>\n<h4><a id=\"departure-return\" class=\"aal_anchor\" href=\"https:\/\/bookingadventures.com.do\/dominicantour\/mountain-bikes-tainos-canoe-los-haitises\/#departure-return\" aria-hidden=\"true\" rel=\"noopener\"><\/a><em><strong>Odhod in povratek<\/strong><\/em><\/h4>\n<p>Potnik bo dobil zbirali\u0161\u010de po opravljenem postopku rezervacije. Ogledi se za\u010dnejo in kon\u010dajo na na\u0161ih zbirali\u0161\u010dih.<\/p>\n<h4><a id=\"what-to-expect\" class=\"aal_anchor\" href=\"https:\/\/bookingadventures.com.do\/dominicantour\/mountain-bikes-tainos-canoe-los-haitises\/#what-to-expect\" aria-hidden=\"true\" rel=\"noopener\"><\/a><b><i>Kaj pri\u010dakovati?<\/i><\/b><\/h4>\n<p>Pri tej dejavnosti se boste podali na pot v ro\u010dno izdelanih kanujih, tako kot so to po\u010deli Ta\u00ednovi. Sli\u0161ali boste \u0161tevilne zvoke, ki so zaznamovali njihovo povezanost z naravo: klicanje \u017eerjavov, potapljanje rakov v vodo in ne\u017eno pljuskanje valov ob naravne skalne formacije. Oboki korenin mangrove vas bodo spomnili na katedrale in res so bili Ta\u00ednosi (\u010deprav niso imeli cerkva) globoko duhovni. Ko se odpravite z na\u0161im vodnikom, boste u\u017eivali v bogati raznolikosti ptic, plazilcev in rib v mangrovah. Zaslepljen od iskric valov, ki me\u017eikajo v jutranji svetlobi, gora Saman\u00e1 v daljavi in smaragdno zelene barve zibajo\u010dih se palm.<\/p>\n<p>Nato boste lahko obiskali nekaj jam, ki so bile \u0161e posebej pomembne za Ta\u00ednos. Potovali so od jame do jame, obiskovali modre ljudi, se zatekli pred orkani in kot to\u010dka sre\u010danja z drugimi plemeni. Ko boste enkrat v jamah, boste lahko cenili ti\u0161ino in posve\u010deno avro prostora. Videli boste nekaj kamnorezov, imenovanih petroglifi, ki predstavljajo njihova bo\u017eanstva in duhove. Nazadnje boste lahko poskusili nekaj istega tropskega sadja, ki ga je nabral Ta\u00ednos, preden se vrnete na zbirali\u0161\u010de.<\/p>\n<p>Na tem izletu bodo na\u0161i strokovni vodniki opisali \u0161tevilne uporabe kanujev, kako so \u017eiveli Ta\u00ednovi pred Kolumbovim \u010dasom in kako je gozd mangrov bistvenega pomena za zdravje okolja.<\/p>\n<p>&nbsp;<\/p>\n<h4><a id=\"what-you-should-bring\" class=\"aal_anchor\" href=\"https:\/\/bookingadventures.com.do\/dominicantour\/mountain-bikes-tainos-canoe-los-haitises\/#what-you-should-bring\" aria-hidden=\"true\" rel=\"noopener\"><\/a><em><strong>Kaj morate prinesti?<\/strong><\/em><\/h4>\n<ul>\n<li>Kamera<\/li>\n<li>Odganjalni popki<\/li>\n<li>son\u010dna krema<\/li>\n<li>Klobuk<\/li>\n<li>Udobne hla\u010de<\/li>\n<li>Sandali ali \u010devlji za blatna obmo\u010dja.<\/li>\n<li>Kopalna obla\u010dila<\/li>\n<\/ul>\n<p>&nbsp;<\/p>\n<h4><a id=\"hotel-pickup\" class=\"aal_anchor\" href=\"https:\/\/bookingadventures.com.do\/dominicantour\/mountain-bikes-tainos-canoe-los-haitises\/#hotel-pickup\" aria-hidden=\"true\" rel=\"noopener\"><\/a><b><i>Prevzem v hotelu<\/i><\/b><\/h4>\n<p>Prevzem iz hotela za to turnejo ni na voljo.<\/p>\n<p><b>Opomba:<\/b>\u00a0\u010de rezervirate v 24 urah po \u010dasu odhoda potovanja\/izleta, lahko organiziramo hotelski prevzem z dopla\u010dilom. Ko bo va\u0161 nakup opravljen, vam bomo poslali popolne kontaktne podatke (telefonsko \u0161tevilko, e-po\u0161tni naslov itd.) za na\u0161ega lokalnega turisti\u010dnega vodnika, ki bo organiziral prevzem.<\/p>\n<h4><a id=\"additional-info-confirmation\" class=\"aal_anchor\" href=\"https:\/\/bookingadventures.com.do\/dominicantour\/mountain-bikes-tainos-canoe-los-haitises\/#additional-info-confirmation\" aria-hidden=\"true\" rel=\"noopener\"><\/a><b><i>Potrditev dodatnih informacij<\/i><\/b><\/h4>\n<ol>\n<li>Vstopnice so potrdilo po pla\u010dilu tega izleta. Pla\u010dilo lahko prika\u017eete na telefonu.<\/li>\n<li>Zbirno mesto bo prejeto po opravljenem postopku rezervacije.<\/li>\n<li>Otroci morajo biti v spremstvu odrasle osebe.<\/li>\n<li>Ni dostopno z invalidskim vozi\u010dkom<\/li>\n<li>Dojen\u010dki morajo sedeti v naro\u010dju<\/li>\n<li>Ni priporo\u010dljivo za popotnike s te\u017eavami s hrbtom<\/li>\n<li>Ni priporo\u010dljivo za nose\u010dnice<\/li>\n<li>Brez te\u017eav s srcem ali drugih resnih zdravstvenih te\u017eav<\/li>\n<li>Ve\u010dina popotnikov lahko sodeluje<\/li>\n<\/ol>\n\n\t\t<\/div>\n\t<\/div>\n<\/div><\/div><\/div><\/div><div class=\"wpb_column vc_column_container vc_col-sm-12\"><div class=\"vc_column-inner\"><div class=\"wpb_wrapper\"><\/div><\/div><\/div><div class=\"wpb_column vc_column_container vc_col-sm-12\"><div class=\"vc_column-inner\"><div class=\"wpb_wrapper\"><\/div><\/div><\/div><div class=\"wpb_column vc_column_container vc_col-sm-12\"><div class=\"vc_column-inner\"><div class=\"wpb_wrapper\"><\/div><\/div><\/div><div class=\"wpb_column vc_column_container vc_col-sm-12\"><div class=\"vc_column-inner\"><div class=\"wpb_wrapper\"><\/div><\/div><\/div><div class=\"wpb_column vc_column_container vc_col-sm-12\"><div class=\"vc_column-inner\"><div class=\"wpb_wrapper\"><\/div><\/div><\/div>\n<\/section>","protected":false},"excerpt":{"rendered":"<p><span style=\"font-weight: 400;\"><span style=\"vertical-align: inherit;\"><span style=\"vertical-align: inherit;\">Pri tej dejavnosti se boste odpravili v ro\u010dno izdelanih kanujih, tako kot so to po\u010deli Tainovi. Sli\u0161ali boste \u0161tevilne zvoke, ki so zaznamovali njihovo povezanost z naravo: klicanje \u017eerjavov, potapljanje rakov v vodo in ne\u017eno pljuskanje valov ob naravne skalne formacije. Oboki korenin mangrove vas bodo spomnili na katedrale in v resnici so bili Tainovi (\u010deprav niso imeli cerkva) globoko duhovni. <\/span><\/span><\/span><\/p>\n<p><span style=\"font-weight: 400;\"><span style=\"vertical-align: inherit;\"><span style=\"vertical-align: inherit;\"> Ko se odpravite z na\u0161im vodnikom, boste u\u017eivali v bogati raznolikosti ptic, plazilcev in rib v mangrovah. Zaslepljena z iskrico valov, ki utripajo v jutranji svetlobi, gore Samana v daljavi in smaragdno zelenilo zibajo\u010dih se palm.\u00a0<\/span><\/span><\/span><\/p>\n<p><strong>Izberite datum izleta:<\/strong><\/p>","protected":false},"featured_media":12221,"template":"","meta":[],"product_brand":[],"product_cat":[838,946,867,930,926,254,255],"product_tag":[176,211,868,869,192,319,208,206,207,171,877,209,426,837,327,175,199,200],"class_list":{"0":"post-12453","1":"product","2":"type-product","3":"status-publish","4":"has-post-thumbnail","6":"product_cat-mangroves-projects","7":"product_cat-1-sabana-de-la-mar","8":"product_cat-los-haitises","9":"product_cat-mountain-bike-los-haitises","10":"product_cat-tainos-canoes","11":"product_cat-tours-excursions-los-haitises-national-park","12":"product_cat-tours-excursions-samana-bay-dominican-republic","13":"product_tag-cano-hondo","14":"product_tag-cano-hondo-hotel","15":"product_tag-canoes","16":"product_tag-canoes-dominican-republic","17":"product_tag-day-tour-cano-hondo","18":"product_tag-kayak-dominican-republic","19":"product_tag-kayaking-dominican-republic","20":"product_tag-kayaking-los-haitises","21":"product_tag-kayaks","22":"product_tag-los-haitises","23":"product_tag-los-haitises-mountain-bike","24":"product_tag-los-haitises-national-park","25":"product_tag-los-haitises-tours","26":"product_tag-mangroves-reforestation-in-los-haitises-with-locals","27":"product_tag-private-tours-samana","28":"product_tag-sabana-de-la-mar","29":"product_tag-samana-bay","30":"product_tag-samana-excursions","32":"first","33":"instock","34":"sale","35":"sold-individually","36":"shipping-taxable","37":"product-type-external"},"_links":{"self":[{"href":"https:\/\/ballenajorobada.com\/sl\/wp-json\/wp\/v2\/product\/12453","targetHints":{"allow":["GET"]}}],"collection":[{"href":"https:\/\/ballenajorobada.com\/sl\/wp-json\/wp\/v2\/product"}],"about":[{"href":"https:\/\/ballenajorobada.com\/sl\/wp-json\/wp\/v2\/types\/product"}],"wp:featuredmedia":[{"embeddable":true,"href":"https:\/\/ballenajorobada.com\/sl\/wp-json\/wp\/v2\/media\/12221"}],"wp:attachment":[{"href":"https:\/\/ballenajorobada.com\/sl\/wp-json\/wp\/v2\/media?parent=12453"}],"wp:term":[{"taxonomy":"product_brand","embeddable":true,"href":"https:\/\/ballenajorobada.com\/sl\/wp-json\/wp\/v2\/product_brand?post=12453"},{"taxonomy":"product_cat","embeddable":true,"href":"https:\/\/ballenajorobada.com\/sl\/wp-json\/wp\/v2\/product_cat?post=12453"},{"taxonomy":"product_tag","embeddable":true,"href":"https:\/\/ballenajorobada.com\/sl\/wp-json\/wp\/v2\/product_tag?post=12453"}],"curies":[{"name":"wp","href":"https:\/\/api.w.org\/{rel}","templated":true}]}}