{"id":16643,"date":"2023-11-06T07:14:14","date_gmt":"2023-11-06T07:14:14","guid":{"rendered":"https:\/\/www.ticketswhales.com\/?post_type=product&#038;p=16643"},"modified":"2023-11-06T08:59:17","modified_gmt":"2023-11-06T08:59:17","slug":"los-haitises-cueva-el-naranjo-y-laguna-cristal-from-samana","status":"publish","type":"product","link":"https:\/\/ballenajorobada.com\/sl\/Tours-Excursions\/haitises\/los-haitises-cueva-el-naranjo-y-laguna-cristal-iz-samane","title":{"rendered":"Los Haitises: Cueva el Naranjo y Laguna Cristal iz Samane"},"content":{"rendered":"<section class=\"wpb-content-wrapper\"><div class=\"vc_row wpb_row vc_row-fluid\" ><div class=\"wpb_column vc_column_container vc_col-sm-12\"><div class=\"vc_column-inner\"><div class=\"wpb_wrapper\">\n\t<div class=\"wpb_text_column wpb_content_element\" >\n\t\t<div class=\"wpb_wrapper\">\n\t\t\t<h2><span style=\"font-weight: 400;\">Los Haitises: Cueva el Naranjo y Laguna Cristal<\/span><\/h2>\n<p>&nbsp;<\/p>\n<p><b>Pregled<\/b><span style=\"font-weight: 400;\">\u00a0<\/span><\/p>\n<p>&nbsp;<\/p>\n<p><span style=\"font-weight: 400;\">Narodni park Los Haitises je naravni zaklad Dominikanske republike, kjer je 25% sladke vode v Hispanioli. Med to izku\u0161njo bomo obiskali nekaj najpomembnej\u0161ih to\u010dk tega \u010dudovitega parka. Zagotovite si vstopnico za raziskovanje jame Ojo de Cielo, Laguna Cristal, reke Barracote in zaliva Samana.\u00a0<\/span><\/p>\n<p>&nbsp;<\/p>\n<p><span style=\"font-weight: 400;\">S hidrografskega vidika<\/span><span style=\"font-weight: 400;\">, Los Haitises in njegova vplivna obmo\u010dja obsegajo dve regiji: spodnje pore\u010dje reke Yuna ter obmo\u010dje Miches in Sabana de la Mar. Yuna odteka skozi dve ustji: sama Yuna in Barracote. Poleg tega so na tem obmo\u010dju reke Payabo, Los Cocos in Naranjo ter kanali Cabirma, Estero, Prieto in drugi.<\/span><\/p>\n<p>&nbsp;<\/p>\n<p><span style=\"font-weight: 400;\">O pokrajini Los Haitises,<\/span><span style=\"font-weight: 400;\"> poleg jam so \u0161e Ca\u00f1o Hondo, Punta Arena, Ca\u00f1o Salado, Bah\u00eda de San Lorenzo in Cayo de los P\u00e1jaros, ki so zelo impresivni krajinski elementi. Slednjega, ki se nahaja med Boca del Infierno in El Naranjo Arriba, je zlahka prepoznati po skoraj stalni prisotnosti uhljev in pelikanov.<\/span><\/p>\n<p>&nbsp;<\/p>\n<p><span style=\"font-weight: 400;\">O mestu Sanchez,<\/span><span style=\"font-weight: 400;\"> Prej je bilo majhno mesto z imenom Las Ca\u00f1itas, leta 1888 pa je bilo povzdignjeno v status ob\u010dine, imenovane po enem od ustanoviteljev Dominikanske republike, Franciscu del Rosario S\u00e1nchez. Njen pomen in \u0161tevilo prebivalcev sta se pove\u010dala po vzpostavitvi \u017eeleznice leta 1865. Ta proga se je raz\u0161irila na osrednjo regijo Cibao in spremenila to majhno karibsko skupnost v najpomembnej\u0161e pristani\u0161\u010de v dr\u017eavi od konca 19. stoletja do za\u010detka 19. stoletja. naslednje stoletje. .<\/span><\/p>\n<p>&nbsp;<\/p>\n<p><span style=\"font-weight: 400;\">O Laguni Cristal,<\/span><span style=\"font-weight: 400;\"> Laguna Cristal je \u010dudovit izvir sladke vode na vratih nacionalnega parka Los Haitises, severno od province Monte Plata, ki ima edinstveno lepoto zaradi svojih naravnih znamenitosti in miru, ki nam ga daje. Laguno napaja podtalnica, ki prihaja iz sosednjega parka. Iz lagune nekaj sto metrov izvira majhna plovna reka, ki napaja reko Barracote, ki se nato izlije v zaliv San Lorenzo. Globoko naj bi bilo pribli\u017eno 200 metrov in premer 70 metrov.\u00a0<\/span><\/p>\n<p>&nbsp;<\/p>\n<p><span style=\"font-weight: 400;\">Jama El Naranjo<\/span><span style=\"font-weight: 400;\">, Reka El Naranjo, plovna kljub svoji dol\u017eini 120 metrov, izvira v votlini in jo lahko \u0161tejemo za dragulj narave v narodnem parku Los Haitises. Je zanimivost, ki jo je vredno poznati, saj vam omogo\u010da, da cenite najkraj\u0161o reko na tem obmo\u010dju. otok, s \u010dolnom lahko pridete do konca jame, od koder izvira voda. Jama je rezervoar netopirjev in hudournikov, v njenih vodah pa \u017eivijo domorodne vrste rib, ki so v drugih rekah in potokih stvar preteklosti, kot so guabine, dajaos, karpije, kozice in raki.<\/span><\/p>\n<p>&nbsp;<\/p>\n<p><b>Vklju\u010dki<\/b><\/p>\n<p><span style=\"font-weight: 400;\">Vsi davki, pristojbine in manipulativni stro\u0161ki<\/span><\/p>\n<p><span style=\"font-weight: 400;\">Lokalni davki<\/span><\/p>\n<p><span style=\"font-weight: 400;\">Uradni turisti\u010dni vodi\u010di ekolog angle\u0161ki\/\u0161panski jezik<\/span><\/p>\n<p><span style=\"font-weight: 400;\">Lokalni prevoz (prevzem v hotelu)<\/span><\/p>\n<p><span style=\"font-weight: 400;\">Gliser<\/span><\/p>\n<p><span style=\"font-weight: 400;\">Lokalno kosilo<\/span><\/p>\n<p><span style=\"font-weight: 400;\">Laguna Cristal\u00a0\u00a0<\/span><\/p>\n<p><span style=\"font-weight: 400;\">Cueva del Naranjo\u00a0<\/span><\/p>\n<p>&nbsp;<\/p>\n<p><b>Izklju\u010ditve<\/b><\/p>\n<p>&nbsp;<\/p>\n<p><span style=\"font-weight: 400;\">Napitnine<\/span><\/p>\n<p><span style=\"font-weight: 400;\">pija\u010da<\/span><\/p>\n<p><span style=\"font-weight: 400;\">\u00a0<\/span><\/p>\n<p>&nbsp;<\/p>\n<p><b>Odhod in povratek<\/b><\/p>\n<p><span style=\"font-weight: 400;\">Tura, ki jo organizira &quot;Booking Adventures&quot;, se za\u010dne na zbirnem mestu, ki ga dolo\u010di vodnik ali \u010dlan osebja. Potnik bo dobil zbirali\u0161\u010de po opravljenem postopku rezervacije. Ture se za\u010dnejo in kon\u010dajo na na\u0161ih zbirali\u0161\u010dih.<\/span><\/p>\n<p>&nbsp;<\/p>\n<p><b>Kaj pri\u010dakovati?<\/b><\/p>\n<p><span style=\"font-weight: 400;\">Zagotovite si vstopnico za Searching For The Los Haitises: Los Haitises: Cueva el Naranjo y Laguna Cristal, ta izku\u0161nja vam bo dala prilo\u017enost videti ve\u010dino biotske raznovrstnosti otoka.\u00a0<\/span><\/p>\n<p>&nbsp;<\/p>\n<p><span style=\"font-weight: 400;\">Ta dejavnost se bo za\u010dela z va\u0161im prevzemom iz nastanitve na katerem koli od teh obmo\u010dij:<\/span><\/p>\n<ul>\n<li style=\"font-weight: 400;\" aria-level=\"1\"><span style=\"font-weight: 400;\">Las Terrenas\u00a0<\/span><\/li>\n<li style=\"font-weight: 400;\" aria-level=\"1\"><span style=\"font-weight: 400;\">Sanchez\u00a0<\/span><\/li>\n<li style=\"font-weight: 400;\" aria-level=\"1\"><span style=\"font-weight: 400;\">Las Galeras<\/span><\/li>\n<li style=\"font-weight: 400;\" aria-level=\"1\"><span style=\"font-weight: 400;\">Santa Barbara de Samana\u00a0<\/span><\/li>\n<\/ul>\n<h3><b>Urnik<\/b><b>\u00a0<\/b><\/h3>\n<p><b>Sanchez Samana, plavanje v Laguna Cristal in El Naranjo River &amp; Caves\u00a0<\/b><\/p>\n<p>&nbsp;<\/p>\n<p><span style=\"font-weight: 400;\">Prevzem v hotelu: za\u010dne se ob 7.00 (odvisno od tega, kje se nahajate). Na obrazcu za rezervacijo so na voljo razli\u010dne mo\u017enosti \u010dasovnega razporeda. Tura traja 8 ur.\u00a0<\/span><\/p>\n<p>&nbsp;<\/p>\n<p><span style=\"font-weight: 400;\">To bo zgodnje jutro, ko vas bomo pobrali iz va\u0161ega hotela in vas odpeljali do na\u0161ega zbirnega mesta v Sanchez Samani, kjer se boste sre\u010dali z lokalnim turisti\u010dnim vodnikom, preden boste pregledali na\u010drt poti do konca dneva.\u00a0<\/span><\/p>\n<p>&nbsp;<\/p>\n<p><span style=\"font-weight: 400;\">Ko se pripravite, se vkrcamo na na\u0161 gliser, da se odpravimo v El Naranjo, ki je prva postaja dneva, kjer gremo v jamo s \u010dolnom in se kopamo v sladki vodi najkraj\u0161e reke na otoku.\u00a0<\/span><\/p>\n<p>&nbsp;<\/p>\n<p><span style=\"font-weight: 400;\">Va\u0161a druga vo\u017enja s \u010dolnom bo skozi reko Barracote, da pridete do Lagune Cristal. Morali bomo pluti po eni najve\u010djih rek na severovzhodu dr\u017eave. V Cristal Area bomo imeli odmor za kosilo pred skokom v vodo.<\/span><\/p>\n<p>&nbsp;<\/p>\n<p><span style=\"font-weight: 400;\">Ko bomo poskusili lokalno kosilo, si bomo privo\u0161\u010dili siesto ob laguni Cristal Lagoon in se nato odpravili na kopanje, preden se bomo vrnili v Sanchez Samano.\u00a0<\/span><\/p>\n<p>&nbsp;<\/p>\n<p><span style=\"font-weight: 400;\">Odhod v hotel: ob 16.00 ali kasneje, odvisno od \u010dasa, ko ste za\u010deli potovanje. Tura traja skupaj 8 ur.\u00a0<\/span><\/p>\n<p>&nbsp;<\/p>\n<p><span style=\"font-weight: 400;\">Dnevi in aktivnosti v programu se lahko spremenijo brez predhodnega obvestila zaradi nepredvidenih okoli\u0161\u010din ali dogodkov. Za ve\u010d informacij si oglejte celotne pogoje in dolo\u010dila.<\/span><\/p>\n\n\t\t<\/div>\n\t<\/div>\n<\/div><\/div><\/div><\/div>\n<\/section>","protected":false},"excerpt":{"rendered":"<p>Ogled reke el Naranjo z jamo in Cristal Lagun v nacionalnem parku Los Haitises z lokalnim strokovnim vodnikom. Kosilo in prevoz sta vklju\u010dena v provinco Samana.<\/p>","protected":false},"featured_media":16644,"template":"","meta":[],"product_brand":[],"product_cat":[1096],"product_tag":[1097],"class_list":{"0":"post-16643","1":"product","2":"type-product","3":"status-publish","4":"has-post-thumbnail","6":"product_cat-haitises","7":"product_tag-haitises","9":"first","10":"instock","11":"shipping-taxable","12":"product-type-external"},"_links":{"self":[{"href":"https:\/\/ballenajorobada.com\/sl\/wp-json\/wp\/v2\/product\/16643","targetHints":{"allow":["GET"]}}],"collection":[{"href":"https:\/\/ballenajorobada.com\/sl\/wp-json\/wp\/v2\/product"}],"about":[{"href":"https:\/\/ballenajorobada.com\/sl\/wp-json\/wp\/v2\/types\/product"}],"wp:featuredmedia":[{"embeddable":true,"href":"https:\/\/ballenajorobada.com\/sl\/wp-json\/wp\/v2\/media\/16644"}],"wp:attachment":[{"href":"https:\/\/ballenajorobada.com\/sl\/wp-json\/wp\/v2\/media?parent=16643"}],"wp:term":[{"taxonomy":"product_brand","embeddable":true,"href":"https:\/\/ballenajorobada.com\/sl\/wp-json\/wp\/v2\/product_brand?post=16643"},{"taxonomy":"product_cat","embeddable":true,"href":"https:\/\/ballenajorobada.com\/sl\/wp-json\/wp\/v2\/product_cat?post=16643"},{"taxonomy":"product_tag","embeddable":true,"href":"https:\/\/ballenajorobada.com\/sl\/wp-json\/wp\/v2\/product_tag?post=16643"}],"curies":[{"name":"wp","href":"https:\/\/api.w.org\/{rel}","templated":true}]}}