{"id":9907,"date":"2020-03-29T08:08:03","date_gmt":"2020-03-29T08:08:03","guid":{"rendered":"https:\/\/www.ticketswhales.com\/Tours-Excursions\/uncategorized\/import-placeholder-for-9683\/"},"modified":"2025-02-02T17:15:17","modified_gmt":"2025-02-02T17:15:17","slug":"los-haitises-national-park-hiking-4-hours-sendero-del-bosque-humedo-moist-forest-trail-2","status":"publish","type":"product","link":"https:\/\/ballenajorobada.com\/sl\/Tours-Excursions\/pohodnistvo\/los-haitises-nacionalni-park-pohodnistvo-4-ure-sendero-del-bosque-humedo-vlazna-gozdna-pot-2","title":{"rendered":"2 uri pohodni\u0161tva po de\u017eevnem gozdu Los Haitises"},"content":{"rendered":"<section class=\"wpb-content-wrapper\"><div class=\"vc_row wpb_row vc_row-fluid\" ><div class=\"wpb_column vc_column_container vc_col-sm-12\"><div class=\"vc_column-inner\"><div class=\"wpb_wrapper\"><div class=\"vc_btn3-container vc_btn3-inline\" ><a class=\"vc_general vc_btn3 vc_btn3-size-md vc_btn3-shape-rounded vc_btn3-style-modern vc_btn3-color-green\" href=\"https:\/\/bookingadventures.tours\/booking.php?tour_id=581a5e49219398b3dbe5f78e8276be1e\" title=\"\" rel=\"noopener\">REZERVIRAJTE ZDAJ<\/a><\/div><div class=\"mkdf-section-title-holder\" style=\"text-align: left\">\n\t<div class=\"mkdf-st-inner\">\n\t\t\t\t\t<h5 class=\"mkdf-st-subtitle\" >\n\t\t\t\tPohod po de\u017eevnem gozdu.\t\t\t<\/h5>\n\t\t\t\t\t\t\t<h3 class=\"mkdf-st-title\" >\n\t\t\t\tNarodni park Los Haitises \u2013 4-urno pohodni\u0161tvo Sendero del Bosque Humedo (pot po vla\u017enem gozdu).\t\t\t<\/h3>\n\t\t\t\t\t\t\t<p class=\"mkdf-st-text\" >\n\t\t\t\tZa to izku\u0161njo so potrebni najmanj 4 udele\u017eenci. \u010ce \u0161e niste 4, vas prosimo, da nas kontaktirate!\t\t\t<\/p>\n\t\t\t<\/div>\n<\/div><\/div><\/div><\/div><\/div><div class=\"vc_row wpb_row vc_row-fluid\" ><\/div><div class=\"wpb_column vc_column_container vc_col-sm-12\"><div class=\"vc_column-inner\"><div class=\"wpb_wrapper\"><\/div><\/div><\/div><div class=\"vc_row wpb_row vc_row-fluid\" ><\/div><div class=\"wpb_column vc_column_container vc_col-sm-12\"><div class=\"vc_column-inner\"><div class=\"wpb_wrapper\"><\/div><\/div><\/div><div class=\"vc_empty_space\"   style=\"height: 32px\"><span class=\"vc_empty_space_inner\"><\/span><\/div><div class=\"vc_empty_space\"   style=\"height: 32px\"><span class=\"vc_empty_space_inner\"><\/span><\/div><div class=\"vc_row wpb_row vc_row-fluid\" ><div class=\"wpb_column vc_column_container vc_col-sm-12\"><div class=\"vc_column-inner\"><div class=\"wpb_wrapper\"><div class=\"vc_btn3-container vc_btn3-inline\" ><a class=\"vc_general vc_btn3 vc_btn3-size-md vc_btn3-shape-rounded vc_btn3-style-modern vc_btn3-color-green\" href=\"https:\/\/bookingadventures.tours\/booking.php?tour_id=581a5e49219398b3dbe5f78e8276be1e\" title=\"\" rel=\"noopener\">REZERVIRAJTE ZDAJ<\/a><\/div><\/div><\/div><\/div><\/div>\n<\/section>","protected":false},"excerpt":{"rendered":"<p>4-urni pohod do narodnega parka Los Haitises z lokalnim vodnikom iz mesta Sabana de la Mar. Obisk tropskega de\u017eevnega gozda, obmo\u010dij kokosa, kave in kakava. Spoznavanje prvotne zgodovine narodnega parka Los Haitises.<\/p>\n<p>&nbsp;<\/p>\n<p><strong>Izberite datum pohodni\u0161kega izleta:<\/strong><\/p>","protected":false},"featured_media":16772,"template":"","meta":[],"product_brand":[],"product_cat":[178,946,927,254,255],"product_tag":[422,268,174,173,571,570,569,209,575,441,574,572,499,175,498,200,187,573],"class_list":{"0":"post-9907","1":"product","2":"type-product","3":"status-publish","4":"has-post-thumbnail","6":"product_cat-hiking","7":"product_cat-1-sabana-de-la-mar","8":"product_cat-hiking-los-haitises","9":"product_cat-tours-excursions-los-haitises-national-park","10":"product_cat-tours-excursions-samana-bay-dominican-republic","11":"product_tag-cano-hondo-sabana-de-la-mar","12":"product_tag-caves-los-haitises","13":"product_tag-eco-tours","14":"product_tag-excursion","15":"product_tag-hiking-los-haitises","16":"product_tag-hiking-sabana-de-la-mar","17":"product_tag-hiking-samana","18":"product_tag-los-haitises-national-park","19":"product_tag-los-haitises-national-park-entrance-fee","20":"product_tag-los-haitises-national-park-tour-from-las-terrenas","21":"product_tag-los-haitises-national-park-tour-from-santo-domingo","22":"product_tag-los-haitises-national-park-weather","23":"product_tag-los-haitises-sabana-de-la-mar","24":"product_tag-sabana-de-la-mar","25":"product_tag-sabana-de-la-mar-tour","26":"product_tag-samana-excursions","27":"product_tag-samana-tours","28":"product_tag-secrets-of-los-haitises","30":"first","31":"instock","32":"sale","33":"sold-individually","34":"shipping-taxable","35":"product-type-external"},"_links":{"self":[{"href":"https:\/\/ballenajorobada.com\/sl\/wp-json\/wp\/v2\/product\/9907","targetHints":{"allow":["GET"]}}],"collection":[{"href":"https:\/\/ballenajorobada.com\/sl\/wp-json\/wp\/v2\/product"}],"about":[{"href":"https:\/\/ballenajorobada.com\/sl\/wp-json\/wp\/v2\/types\/product"}],"wp:featuredmedia":[{"embeddable":true,"href":"https:\/\/ballenajorobada.com\/sl\/wp-json\/wp\/v2\/media\/16772"}],"wp:attachment":[{"href":"https:\/\/ballenajorobada.com\/sl\/wp-json\/wp\/v2\/media?parent=9907"}],"wp:term":[{"taxonomy":"product_brand","embeddable":true,"href":"https:\/\/ballenajorobada.com\/sl\/wp-json\/wp\/v2\/product_brand?post=9907"},{"taxonomy":"product_cat","embeddable":true,"href":"https:\/\/ballenajorobada.com\/sl\/wp-json\/wp\/v2\/product_cat?post=9907"},{"taxonomy":"product_tag","embeddable":true,"href":"https:\/\/ballenajorobada.com\/sl\/wp-json\/wp\/v2\/product_tag?post=9907"}],"curies":[{"name":"wp","href":"https:\/\/api.w.org\/{rel}","templated":true}]}}