{"id":13517,"date":"2021-12-30T09:25:29","date_gmt":"2021-12-30T09:25:29","guid":{"rendered":"https:\/\/www.ticketswhales.com\/?post_type=product&#038;p=13517"},"modified":"2023-02-25T21:48:23","modified_gmt":"2023-02-25T21:48:23","slug":"zipline-punta-cana-ziplining-in-the-jungle","status":"publish","type":"product","link":"https:\/\/ballenajorobada.com\/sv\/Tours-Excursions\/turer-och-utflykter\/zipline-punta-cana-skipning-i-djungeln","title":{"rendered":"Zipline Punta Cana - Ziplining i djungeln"},"content":{"rendered":"<section class=\"wpb-content-wrapper\"><div class=\"vc_row wpb_row vc_row-fluid\" ><div class=\"wpb_column vc_column_container vc_col-sm-12\"><div class=\"vc_column-inner\"><div class=\"wpb_wrapper\"><div class=\"mkdf-section-title-holder\" style=\"text-align: left\">\n\t<div class=\"mkdf-st-inner\">\n\t\t\t\t\t<h5 class=\"mkdf-st-subtitle\" >\n\t\t\t\tFr\u00e5n Punta Cana Hotell\t\t\t<\/h5>\n\t\t\t\t\t\t\t<h3 class=\"mkdf-st-title\" >\n\t\t\t\tZipline Punta Cana - Ziplining i djungeln\t\t\t<\/h3>\n\t\t\t\t\t\t\t<p class=\"mkdf-st-text\" >\n\t\t\t\tObservera: Turen b\u00f6rjar kl. 7.00 beroende p\u00e5 var du h\u00e4mtar hotellet.Tiden kan \u00e4ndras. Extra kostnader f\u00f6r upph\u00e4mtning i omr\u00e5den som inte anges i v\u00e5r beskrivning.\t\t\t<\/p>\n\t\t\t<\/div>\n<\/div><\/div><\/div><\/div><\/div><div class=\"vc_row wpb_row vc_row-fluid\" ><div class=\"wpb_column vc_column_container vc_col-sm-12\"><div class=\"vc_column-inner\"><div class=\"wpb_wrapper\"><div class=\"vc_empty_space\"   style=\"height: 32px\"><span class=\"vc_empty_space_inner\"><\/span><\/div><\/div><\/div><\/div><\/div><div class=\"vc_row wpb_row vc_row-fluid\" ><div class=\"wpb_column vc_column_container vc_col-sm-12\"><div class=\"vc_column-inner\"><div class=\"wpb_wrapper\"><div class=\"vc_btn3-container vc_btn3-inline\" ><button class=\"vc_general vc_btn3 vc_btn3-size-md vc_btn3-shape-rounded vc_btn3-style-modern vc_btn3-color-green\">BOKA NU<\/button><\/div>\n\t<div class=\"wpb_text_column wpb_content_element\" >\n\t\t<div class=\"wpb_wrapper\">\n\t\t\t<h4><b><i>\u00d6versikt <\/i><\/b><\/h4>\n<div>\n<p>Flyg genom regnskogens tr\u00e4dkronor p\u00e5 n\u00e5gra av Karibiens l\u00e4ngsta ziplines. Du g\u00e5r fr\u00e5n plattform till plattform i skogen \u00f6ver 12 kablar som \u00e4r placerade sida vid sida s\u00e5 att du kan \u00e5ka med en partner.<\/p>\n<p>Expertguider ger en s\u00e4kerhetsgenomg\u00e5ng och utf\u00f6r en fullst\u00e4ndig s\u00e4kerhetskontroll innan du flyger. L\u00e4ngs v\u00e4gen kan du h\u00e5lla utkik efter den inhemska floran och faunan i den tropiska skogen.<\/p>\n<ul>\n<li>Flygutsikt fr\u00e5n n\u00e5gra av Karibiens l\u00e4ngsta ziplines<\/li>\n<li>Se den inhemska floran och faunan i regnskogen<\/li>\n<li>Professionella guider ger s\u00e4kerhetsinformation och utrustning<\/li>\n<li>H\u00e4mtning och l\u00e4mning p\u00e5 hotellet ing\u00e5r<\/li>\n<\/ul>\n<\/div>\n<p>&nbsp;<\/p>\n<h4><b>Inkluderat och uteslutet<\/b><\/h4>\n<p>&nbsp;<\/p>\n<p><b>Inkluderat material<\/b><\/p>\n<p>&nbsp;<\/p>\n<ol>\n<li>ZIPLINE-turn\u00e9<\/li>\n<li>Upph\u00e4mtning med buss fr\u00e5n ditt hotell<\/li>\n<li style=\"font-weight: 400;\"><span style=\"font-weight: 400;\">Alla skatter, avgifter och hanteringsavgifter<\/span><\/li>\n<li style=\"font-weight: 400;\"><span style=\"font-weight: 400;\">Lokala skatter<\/span><\/li>\n<li style=\"font-weight: 400;\"><span style=\"font-weight: 400;\">Drycker<\/span><\/li>\n<\/ol>\n<p><b> Undantag<\/b><\/p>\n<ol>\n<li style=\"font-weight: 400;\"><span style=\"font-weight: 400;\">Dricks<\/span><\/li>\n<li>\n<div class=\"py-1 inclusions-exclusions-item d-flex\">\n<div class=\"d-inline-block inclusions-exclusions-text\">Alkoholhaltiga drycker (kan k\u00f6pas)<\/div>\n<\/div>\n<\/li>\n<li>Lunch<\/li>\n<\/ol>\n<p>&nbsp;<\/p>\n<h4><em><strong>Avresa och \u00e5terkomst<\/strong><\/em><\/h4>\n<p><span style=\"font-weight: 400;\">Resen\u00e4ren f\u00e5r en m\u00f6tesplats efter bokningsprocessen. Turerna b\u00f6rjar och avslutas p\u00e5 v\u00e5ra m\u00f6tesplatser.<\/span><\/p>\n<p>&nbsp;<\/p>\n<h4><b><i>Vad kan man f\u00f6rv\u00e4nta sig?<\/i><\/b><\/h4>\n<p>Bes\u00f6k Dominikanska republikens f\u00f6rsta zipline-tur, byggd av en av Costa Ricas mest erfarna byggare av ziplines-kretsar och certifierad av ACCT (Association for Challenge Courses technology). Ta del av de vackra landskapen och den intressanta kulturen under den 45 minuter l\u00e5nga resan till v\u00e5ra anl\u00e4ggningar.<\/p>\n<p>D\u00e4r kommer v\u00e5ra expertguider att ber\u00e4tta allt du beh\u00f6ver veta om aktiviteten och utrustningen. Efter s\u00e4kerhetsgenomg\u00e5ngen och v\u00e5r skolg\u00e5ng \u00e4r du redo f\u00f6r den f\u00f6rsta plattformen. S\u00e4kerligen f\u00e4st med kl\u00e4tterutrustning vid de dubbla linjeledningarna beh\u00f6ver du bara hoppa och njuta av \u00e5kturen.<\/p>\n<p>Turen best\u00e5r av 12 linjer f\u00f6rdelade p\u00e5 18 plattformar. Du beh\u00f6ver mellan en timme och en timme och 30 minuter f\u00f6r att genomf\u00f6ra kursen, men oroa dig inte, de f\u00f6rsta kablarna \u00e4r inte s\u00e4rskilt l\u00e5nga eller snabba f\u00f6r att bygga upp ditt sj\u00e4lvf\u00f6rtroende.<\/p>\n<p>N\u00e4r du kommer till kabel 6 kan du n\u00e5 en hastighet p\u00e5 55 km i timmen. Kabeln nummer 9 \u00e4r v\u00e5r h\u00f6gsta och kabeln 11 \u00e4r den enda kabeln sida vid sida i landet med 800 meter. I slutet serverar vi f\u00e4rska frukter.<\/p>\n<p><strong>Tidtabell:<\/strong><\/p>\n<p>7:00 - 14:00... Tiden \u00e4ndras beroende p\u00e5 var i Punta Cana du befinner dig.<\/p>\n<p>&nbsp;<\/p>\n<h4><em><strong>Vad ska du ta med dig?<\/strong><\/em><\/h4>\n<ul>\n<li style=\"font-weight: 400;\"><span style=\"font-weight: 400;\">Kamera<\/span><\/li>\n<li style=\"font-weight: 400;\"><span style=\"font-weight: 400;\">Repellerande knoppar<\/span><\/li>\n<li style=\"font-weight: 400;\"><span style=\"font-weight: 400;\">solkr\u00e4m<\/span><\/li>\n<li style=\"font-weight: 400;\"><span style=\"font-weight: 400;\">Hatt<\/span><\/li>\n<li style=\"font-weight: 400;\"><span style=\"font-weight: 400;\">Bekv\u00e4ma byxor<\/span><\/li>\n<li style=\"font-weight: 400;\"><span style=\"font-weight: 400;\">Vandringsskor f\u00f6r skogen<\/span><\/li>\n<li style=\"font-weight: 400;\"><span style=\"font-weight: 400;\">Sandaler till stranden<\/span><\/li>\n<li style=\"font-weight: 400;\"><span style=\"font-weight: 400;\">Badkl\u00e4der<\/span><\/li>\n<li>Kontanter f\u00f6r souvenirer<\/li>\n<\/ul>\n<p>&nbsp;<\/p>\n<h4><b><i>H\u00e4mtning p\u00e5 hotellet <\/i><\/b><\/h4>\n<p><span style=\"font-weight: 400;\">Upph\u00e4mtning av resen\u00e4rer erbjuds!<\/span><\/p>\n<p><span style=\"font-weight: 400;\">Vi h\u00e4mtar upp fr\u00e5n alla hotell i Punta Cana. Platsen f\u00f6r upph\u00e4mtning \u00e4r hotellets lobby<br \/>\nOm du bor i en l\u00e4genhet i omr\u00e5det kommer vi att h\u00e4mta dig vid l\u00e4genheten eller vid ing\u00e5ngen till den n\u00e4rmaste anl\u00e4ggningen... Vi st\u00e4ller in Pick up kontaktar oss via WhatsApp.<\/span><\/p>\n<p><b>Observera:<\/b><span style=\"font-weight: 400;\"> Om du bokar inom 24 timmar f\u00f6re turens\/utflyktens avg\u00e5ngstid kan vi ordna h\u00e4mtning p\u00e5 hotellet. N\u00e4r ditt k\u00f6p \u00e4r klart skickar vi dig fullst\u00e4ndig kontaktinformation (telefonnummer, e-postadress etc.) till v\u00e5r lokala guide f\u00f6r att organisera upph\u00e4mtning.<\/span><\/p>\n<h4><b><i>Ytterligare information Bekr\u00e4ftelse <\/i><\/b><\/h4>\n<ol>\n<li>Biljetterna \u00e4r kvittot efter att du har betalat denna turn\u00e9. Du kan visa betalningen p\u00e5 din telefon.<\/li>\n<li style=\"font-weight: 400;\"><span style=\"font-weight: 400;\">M\u00f6tesplatsen kommer att meddelas efter bokningsprocessen.<\/span><\/li>\n<li style=\"font-weight: 400;\"><span style=\"font-weight: 400;\">rullstolstillg\u00e4nglig <\/span><\/li>\n<li style=\"font-weight: 400;\"><span style=\"font-weight: 400;\">Sp\u00e4dbarn m\u00e5ste sitta i kn\u00e4vecken <\/span><\/li>\n<li style=\"font-weight: 400;\"><span style=\"font-weight: 400;\">De flesta resen\u00e4rer kan delta<\/span><\/li>\n<li><strong>Gravida kvinnor<\/strong>\u00a0f\u00e5r inte delta i denna aktivitet.<\/li>\n<\/ol>\n<h4><b><i>Avbokningspolicy<\/i><\/b><\/h4>\n<p>F\u00f6r full \u00e5terbetalning, l\u00e4s v\u00e5r policy f\u00f6r avbokningar.\u00a0<a href=\"https:\/\/ballenajorobada.com\/sv\/online-bokning\/\" target=\"_blank\" rel=\"noopener\" data-saferedirecturl=\"https:\/\/www.google.com\/url?q=https:\/\/ballenajorobada.com\/online-booking\/&amp;source=gmail&amp;ust=1672449202351000&amp;usg=AOvVaw1yAeVAPktmaVCqDujgUn90\">Klicka h\u00e4r<\/a>. Pengarna g\u00e5r f\u00f6rlorade om bokningen avbokas samma dag som resan \u00e4ger rum.<\/p>\n\n\t\t<\/div>\n\t<\/div>\n<div class=\"vc_btn3-container vc_btn3-inline\" ><button class=\"vc_general vc_btn3 vc_btn3-size-md vc_btn3-shape-rounded vc_btn3-style-modern vc_btn3-color-green\">BOKA NU<\/button><\/div><\/div><\/div><\/div><\/div><div class=\"vc_row wpb_row vc_row-fluid\" ><div class=\"wpb_column vc_column_container vc_col-sm-12\"><div class=\"vc_column-inner\"><div class=\"wpb_wrapper\">\n\t<div class=\"wpb_text_column wpb_content_element\" >\n\t\t<div class=\"wpb_wrapper\">\n\t\t\t<h4>Kontakta oss?<\/h4>\n<h5><em><strong>Bokning av \u00e4ventyr<\/strong><\/em><\/h5>\n<p><em><strong>Lokalbefolkningen<\/strong> och <strong>Nationals<\/strong> Guider och g\u00e4stservice<\/em><\/p>\n<p><span class=\"text-turquoise\">Reservationer:<\/span> Turer och utflykter i Dom. Rep.<\/p>\n\n\t\t<\/div>\n\t<\/div>\n<\/div><\/div><\/div><\/div><div class=\"vc_row wpb_row vc_row-fluid\" ><div class=\"wpb_column vc_column_container vc_col-sm-12\"><div class=\"vc_column-inner\"><div class=\"wpb_wrapper\"><div class=\"vc_empty_space\"   style=\"height: 32px\"><span class=\"vc_empty_space_inner\"><\/span><\/div>\n\t<div class=\"wpb_text_column wpb_content_element\" >\n\t\t<div class=\"wpb_wrapper\">\n\t\t\t<h4>Kontakta oss?<\/h4>\n<h5>Bokning av \u00e4ventyr<\/h5>\n<p><em><strong>Lokalbefolkningen<\/strong>\u00a0och\u00a0<strong>Nationals<\/strong>\u00a0Guider och g\u00e4stservice<\/em><\/p>\n<p><span class=\"text-turquoise\">Reservationer:<\/span>\u00a0Turer och utflykter i Dom. Rep.<\/p>\n<p><img decoding=\"async\" class=\"emoji\" draggable=\"false\" src=\"https:\/\/s.w.org\/images\/core\/emoji\/11.2.0\/svg\/1f4de.svg\" alt=\"\ud83d\udcde\" title=\"\">\u00a0Telefon \/ Whatsapp\u00a0\u00a0<a href=\"tel:+1-809-720-6035\">+1-809-720-6035<\/a>.<\/p>\n<p><img decoding=\"async\" class=\"emoji\" draggable=\"false\" src=\"https:\/\/s.w.org\/images\/core\/emoji\/11.2.0\/svg\/1f4e9.svg\" alt=\"\ud83d\udce9\" title=\"\">\u00a0<a href=\"mailto:info@bookingadventures.com.do\">info@bookingadventures.com.do<\/a><\/p>\n<p><strong>Vi \u00e4r flexibla n\u00e4r det g\u00e4ller att st\u00e4lla in privata turer via Whatsapp:\u00a0<a href=\"tel:+18097206035\">+18097206035.<\/a><\/strong><\/p>\n\n\t\t<\/div>\n\t<\/div>\n<div class=\"vc_empty_space\"   style=\"height: 32px\"><span class=\"vc_empty_space_inner\"><\/span><\/div><\/div><\/div><\/div><\/div><div class=\"vc_row wpb_row vc_row-fluid\" ><div class=\"wpb_column vc_column_container vc_col-sm-12\"><div class=\"vc_column-inner\"><div class=\"wpb_wrapper\"><div class=\"vc_btn3-container vc_btn3-inline\" ><button class=\"vc_general vc_btn3 vc_btn3-size-md vc_btn3-shape-rounded vc_btn3-style-modern vc_btn3-color-green\">BOKA NU<\/button><\/div><\/div><\/div><\/div><\/div>\n<\/section>","protected":false},"excerpt":{"rendered":"<p>F\u00f6r det ultimata \u00e4ventyret i Punta Cana kan du prova v\u00e5r 12-linjers zipline-bana! V\u00e5r bergsbana har ocks\u00e5 18 plattformar och \u00e4r hem f\u00f6r de tv\u00e5 l\u00e4ngsta linjerna i Dominikanska republiken och i Karibien. Du \u00e4r s\u00e4kert f\u00e4st med kl\u00e4tterutrustning i de dubbla linjeledningarna d\u00e4r den l\u00e4ngsta \u00e4r 800 meter l\u00e5ng!<\/p>\n<p><em><strong>V\u00e4nligen v\u00e4lj datum f\u00f6r turn\u00e9n\u00a0<\/strong><\/em><\/p>","protected":false},"featured_media":13519,"template":"","meta":[],"product_brand":[],"product_cat":[253,948,808,972,969,349,294],"product_tag":[1039,1037,1038,222,471,1041,313,1040,1036,1042],"class_list":{"0":"post-13517","1":"product","2":"type-product","3":"status-publish","4":"has-post-thumbnail","6":"product_cat-tours-and-excursions","7":"product_cat-1-punta-cana","8":"product_cat-punta-cana-buggy-tour","9":"product_cat-punta-cana-group-tours","10":"product_cat-punta-cana-buggies","11":"product_cat-tours-and-excursion-punta-cana","12":"product_cat-tours-excursions-punta-cana-dominican-republic","13":"product_tag-atv-and-zipline-punta-cana","14":"product_tag-best-zipline-in-punta-cana","15":"product_tag-longest-zipline-in-punta-cana","16":"product_tag-punta-cana","17":"product_tag-punta-cana-catamaran-party-with-snorkeling-and-parasailing","18":"product_tag-punta-cana-excursions","19":"product_tag-punta-cana-tours","20":"product_tag-zipline-dominican-republic","21":"product_tag-zipline-punta-cana-ziplining-in-the-jungle","22":"product_tag-ziplining","24":"first","25":"instock","26":"sale","27":"sold-individually","28":"shipping-taxable","29":"product-type-external"},"_links":{"self":[{"href":"https:\/\/ballenajorobada.com\/sv\/wp-json\/wp\/v2\/product\/13517","targetHints":{"allow":["GET"]}}],"collection":[{"href":"https:\/\/ballenajorobada.com\/sv\/wp-json\/wp\/v2\/product"}],"about":[{"href":"https:\/\/ballenajorobada.com\/sv\/wp-json\/wp\/v2\/types\/product"}],"wp:featuredmedia":[{"embeddable":true,"href":"https:\/\/ballenajorobada.com\/sv\/wp-json\/wp\/v2\/media\/13519"}],"wp:attachment":[{"href":"https:\/\/ballenajorobada.com\/sv\/wp-json\/wp\/v2\/media?parent=13517"}],"wp:term":[{"taxonomy":"product_brand","embeddable":true,"href":"https:\/\/ballenajorobada.com\/sv\/wp-json\/wp\/v2\/product_brand?post=13517"},{"taxonomy":"product_cat","embeddable":true,"href":"https:\/\/ballenajorobada.com\/sv\/wp-json\/wp\/v2\/product_cat?post=13517"},{"taxonomy":"product_tag","embeddable":true,"href":"https:\/\/ballenajorobada.com\/sv\/wp-json\/wp\/v2\/product_tag?post=13517"}],"curies":[{"name":"wp","href":"https:\/\/api.w.org\/{rel}","templated":true}]}}