{"id":8856,"date":"2019-04-11T11:50:47","date_gmt":"2019-04-11T11:50:47","guid":{"rendered":"https:\/\/www.ticketswhales.com\/?post_type=product&#038;p=8856"},"modified":"2025-02-02T17:04:14","modified_gmt":"2025-02-02T17:04:14","slug":"los-haitises-national-park-lunch-at-cano-hondo-from-sabana-de-la-mar","status":"publish","type":"product","link":"https:\/\/ballenajorobada.com\/sv\/Tours-Excursions\/tours-excursions-los-haitises-national-park\/los-haitises-nationalpark-lunch-vid-cano-hondo-fran-sabana-de-la-mar","title":{"rendered":"Los Haitises nationalpark + lunch p\u00e5 Ca\u00f1o Hondo fr\u00e5n Sabana de la Mar"},"content":{"rendered":"<section class=\"wpb-content-wrapper\"><div class=\"vc_row wpb_row vc_row-fluid\" ><div class=\"wpb_column vc_column_container vc_col-sm-12\"><div class=\"vc_column-inner\"><div class=\"wpb_wrapper\"><div class=\"vc_btn3-container vc_btn3-inline\" ><a class=\"vc_general vc_btn3 vc_btn3-size-md vc_btn3-shape-rounded vc_btn3-style-modern vc_btn3-color-green\" href=\"https:\/\/bookingadventures.tours\/booking.php?tour_id=564682de5ff3fb75370322d9bb29062a\" title=\"\" rel=\"noopener\">BOKA NU<\/a><\/div><div class=\"mkdf-section-title-holder\" style=\"text-align: left\">\n\t<div class=\"mkdf-st-inner\">\n\t\t\t\t\t<h5 class=\"mkdf-st-subtitle\" >\n\t\t\t\tLunch och simning vid naturliga k\u00e4llor\t\t\t<\/h5>\n\t\t\t\t\t\t\t<h3 class=\"mkdf-st-title\" >\n\t\t\t\tLos Haitises nationalpark + lunch p\u00e5 Cano Hondo fr\u00e5n Sabana de la Mar\t\t\t<\/h3>\n\t\t\t\t\t<\/div>\n<\/div><div class=\"vc_empty_space\"   style=\"height: 32px\"><span class=\"vc_empty_space_inner\"><\/span><\/div>\n\t<div class=\"wpb_text_column wpb_content_element\" >\n\t\t<div class=\"wpb_wrapper\">\n\t\t\t<div class=\"mkdf-single-product-content\">\n<div class=\"woocommerce-product-gallery woocommerce-product-gallery--with-images woocommerce-product-gallery--columns-4 images\" data-columns=\"4\"><\/div>\n<\/div>\n<div class=\"woocommerce-tabs wc-tabs-wrapper\">\n<div id=\"tab-description\" class=\"woocommerce-Tabs-panel woocommerce-Tabs-panel--description panel entry-content wc-tab\" role=\"tabpanel\" aria-labelledby=\"tab-title-description\">\n<div class=\"vc_row wpb_row vc_row-fluid\"><a id=\"overview\" class=\"aal_anchor\" style=\"font-size: 25px; font-weight: bold; letter-spacing: -0.005em;\" href=\"https:\/\/bookingadventures.com.do\/dominicantour\/los-haitises-national-park-lunch-at-cano-hondo-from-sabana-de-la-mar\/#overview\" aria-hidden=\"true\" rel=\"noopener\"><\/a><b style=\"color: #303030; font-size: 25px; letter-spacing: -0.005em;\"><i>\u00d6versikt<\/i><\/b><\/div>\n<p>Heldagsutflykt Los Haitises nationalpark och lunch p\u00e5 Ca\u00f1o Hondo plus simning i naturliga k\u00e4llor. F\u00f6lj med oss och bes\u00f6k Dominikanska republikens vackraste nationalpark, bes\u00f6ka mangrover, grottor och San Lorenzo Bay. Dem Tillbaka till Ca\u00f1o Hondo hamn f\u00f6r att vandra 15 minuter att g\u00e5 och njuta av en typisk lunch med havsutsikt till Los Haitises nationalpark. Efter detta Simning i naturlig v\u00e5r till 16:30.<\/p>\n<p>Efter denna upplevelse f\u00e5r du din tid p\u00e5 stranden plus lokal lunch p\u00e5 stranden.<\/p>\n<ul>\n<li>Inkluderar lunchbuff\u00e9<\/li>\n<li>Simma i naturliga k\u00e4llor<\/li>\n<li>Avgifter ing\u00e5r<\/li>\n<li>Guiden inneh\u00e5ller instruktioner och \u00f6vervakning<\/li>\n<\/ul>\n<p>&nbsp;<\/p>\n<h4><a id=\"inclusions-exclusions\" class=\"aal_anchor\" href=\"https:\/\/bookingadventures.com.do\/dominicantour\/los-haitises-national-park-lunch-at-cano-hondo-from-sabana-de-la-mar\/#inclusions-exclusions\" aria-hidden=\"true\" rel=\"noopener\"><\/a><b>Inkluderat och uteslutet<\/b><\/h4>\n<p>&nbsp;<\/p>\n<p><b>Inkluderat material<\/b><\/p>\n<ol>\n<li>\u00a0lunch p\u00e5 Ecolodge<\/li>\n<li>Tur i Los Haitises + grottor och piktografer<\/li>\n<li>Alla skatter, avgifter och hanteringsavgifter<\/li>\n<li>Lokala skatter<\/li>\n<li>Drycker<\/li>\n<li>Alla verksamheter<\/li>\n<li>Lokal guide<\/li>\n<\/ol>\n<p><b>Undantag<\/b><\/p>\n<ol>\n<li>Dricks<\/li>\n<li>\u00d6verf\u00f6ring<\/li>\n<li>Alkoholhaltiga drycker<\/li>\n<\/ol>\n<p>&nbsp;<\/p>\n<h4><a id=\"departure-return\" class=\"aal_anchor\" href=\"https:\/\/bookingadventures.com.do\/dominicantour\/los-haitises-national-park-lunch-at-cano-hondo-from-sabana-de-la-mar\/#departure-return\" aria-hidden=\"true\" rel=\"noopener\"><\/a><em><strong>Avresa och \u00e5terkomst<\/strong><\/em><\/h4>\n<p>Resen\u00e4ren f\u00e5r en m\u00f6tesplats efter bokningsprocessen. Turerna b\u00f6rjar och avslutas p\u00e5 v\u00e5ra m\u00f6tesplatser.<\/p>\n<p>&nbsp;<\/p>\n<h4><a id=\"what-to-expect\" class=\"aal_anchor\" href=\"https:\/\/bookingadventures.com.do\/dominicantour\/los-haitises-national-park-lunch-at-cano-hondo-from-sabana-de-la-mar\/#what-to-expect\" aria-hidden=\"true\" rel=\"noopener\"><\/a><b><i>Vad kan man f\u00f6rv\u00e4nta sig?<\/i><\/b><\/h4>\n<p>&nbsp;<\/p>\n<p><em><strong>K\u00f6p dina biljetter<\/strong><\/em>\u00a0f\u00f6r att bes\u00f6ka Los Haitises nationalpark med en underbar lunch p\u00e5 Cano Hondo och simning i de naturliga k\u00e4llorna. Ta en b\u00e5ttur genom mangrovetr\u00e4sk, f\u00f6rbi gamla piratgrottor och in i skyddade skogar i detta pittoreska reservat med start fr\u00e5n omr\u00e5det Ca\u00f1o Hondo Hotels eller fr\u00e5n Sabana de la Mar.<\/p>\n<p>Turn\u00e9n, organiserad av &quot;Booking Adventures&quot; b\u00f6rjar vid m\u00f6tesplatsen som st\u00e4lls in med reseguiden. Kom med Booking Adventures och b\u00f6rja kolla in n\u00e5gra f\u00e5gelfyllda mangroveskogar, b\u00f6ljande kullar med frodig vegetation och grottor av\u00a0<em><strong>Nationalparken Los Haitises<\/strong><\/em>. Ta en b\u00e5tutflykt fr\u00e5n floden Ca\u00f1o Hondo, Sabana de la Mar.<\/p>\n<p>Genom mangrovetr\u00e4sket och landar vid den \u00f6ppna San Lorenzo-bukten, d\u00e4r du kan fotografera det karga skogslandskapet. Titta ut mot vattnet f\u00f6r att se\u00a0<em><strong>Sj\u00f6kor<\/strong><\/em>, kr\u00e4ftdjur och\u00a0<em><strong>delfiner.<\/strong><\/em><\/p>\n<div class=\"body-description secondary\">\n<p>Nationalparkens namn kommer fr\u00e5n dess ursprungliga inv\u00e5nare, Taino-indianerna. P\u00e5 deras spr\u00e5k betyder \"Haitises\" h\u00f6gland eller kullar, vilket \u00e4r en h\u00e4nvisning till kustens branta geologiska formationer med kalksten. Ta dig djupare in i parken f\u00f6r att utforska grottor som t.ex.\u00a0<em><strong>Cueva de la Arena<\/strong><\/em>\u00a0och\u00a0<strong><em>Cueva de la linea.<\/em><\/strong>\u00a0Grottor i reservatet anv\u00e4ndes som skydd av Taino-indianerna och, senare, genom att g\u00f6mma pirater. Leta efter teckningar av indianer som pryder n\u00e5gra av v\u00e4ggarna. Efter att ha bes\u00f6kt Los Haitises nationalpark \u00e5ker vi till Ca\u00f1o Hondo. I Ca\u00f1o Hondo l\u00e4r du dig om denna ekolods historia och lunchtid med den typiska maten fr\u00e5n Sabana de la Mar Comunity.<\/p>\n<p>Lunchen kommer att bli uts\u00f6kt men vi \u00e4r inte klara \u00e4n. Efter lunch kommer vi att simma i den naturliga k\u00e4llan fr\u00e5n Jibales River, en perenn flod till Ca\u00f1o Hondo River. Bo p\u00e5 Ca\u00f1o Hondo till 18:00 om du vill eller mindre.<\/p>\n<\/div>\n<p>I Pools Natural Spring kan du stanna s\u00e5 l\u00e4nge du vill bada och vandra runt. Om du \u00e4r vegan kan vi ocks\u00e5 st\u00e4lla in lite mat \u00e5t dig.<\/p>\n<p>&nbsp;<\/p>\n<h4><a id=\"what-you-should-bring\" class=\"aal_anchor\" href=\"https:\/\/bookingadventures.com.do\/dominicantour\/los-haitises-national-park-lunch-at-cano-hondo-from-sabana-de-la-mar\/#what-you-should-bring\" aria-hidden=\"true\" rel=\"noopener\"><\/a><em><strong>Vad ska du ta med dig?<\/strong><\/em><\/h4>\n<ul>\n<li>Kamera<\/li>\n<li>Repellerande knoppar<\/li>\n<li>solkr\u00e4m<\/li>\n<li>Hatt<\/li>\n<li>Bekv\u00e4ma byxor<\/li>\n<li>Vandringsskor f\u00f6r skogen<\/li>\n<li>Sandaler till v\u00e5romr\u00e5dena.<\/li>\n<li>Badkl\u00e4der<\/li>\n<\/ul>\n<p>&nbsp;<\/p>\n<h4><a id=\"hotel-pickup\" class=\"aal_anchor\" href=\"https:\/\/bookingadventures.com.do\/dominicantour\/los-haitises-national-park-lunch-at-cano-hondo-from-sabana-de-la-mar\/#hotel-pickup\" aria-hidden=\"true\" rel=\"noopener\"><\/a><b><i>H\u00e4mtning p\u00e5 hotellet<\/i><\/b><\/h4>\n<p>H\u00e4mtning p\u00e5 hotell erbjuds inte f\u00f6r den h\u00e4r turen.<\/p>\n<p>&nbsp;<\/p>\n<p><b>Observera:<\/b>\u00a0Om du bokar inom 24 timmar f\u00f6re turens\/utflyktens avg\u00e5ngstid kan vi ordna h\u00e4mtning p\u00e5 hotellet mot en extra avgift. N\u00e4r ditt k\u00f6p \u00e4r klart skickar vi dig fullst\u00e4ndig kontaktinformation (telefonnummer, e-postadress etc.) till v\u00e5r lokala guide f\u00f6r att organisera upph\u00e4mtning.<\/p>\n<h4><a id=\"additional-info-confirmation\" class=\"aal_anchor\" href=\"https:\/\/bookingadventures.com.do\/dominicantour\/los-haitises-national-park-lunch-at-cano-hondo-from-sabana-de-la-mar\/#additional-info-confirmation\" aria-hidden=\"true\" rel=\"noopener\"><\/a><b><i>Ytterligare information Bekr\u00e4ftelse<\/i><\/b><\/h4>\n<ol>\n<li>Biljetterna \u00e4r kvittot efter att du har betalat denna turn\u00e9. Du kan visa betalningen p\u00e5 din telefon.<\/li>\n<li>M\u00f6tesplatsen kommer att meddelas efter bokningsprocessen.<\/li>\n<li>Barn m\u00e5ste \u00e5tf\u00f6ljas av en vuxen.<\/li>\n<li>Inte rullstolsanpassad<\/li>\n<li>Sp\u00e4dbarn m\u00e5ste sitta i kn\u00e4vecken<\/li>\n<li>Rekommenderas inte f\u00f6r resen\u00e4rer med ryggproblem<\/li>\n<li>Rekommenderas inte f\u00f6r gravida resen\u00e4rer<\/li>\n<li>Inga hj\u00e4rtproblem eller andra allvarliga medicinska tillst\u00e5nd<\/li>\n<li>De flesta resen\u00e4rer kan delta<\/li>\n<\/ol>\n<\/div>\n<\/div>\n\n\t\t<\/div>\n\t<\/div>\n<div class=\"vc_empty_space\"   style=\"height: 32px\"><span class=\"vc_empty_space_inner\"><\/span><\/div><\/div><\/div><\/div><\/div><div class=\"wpb_column vc_column_container vc_col-sm-12\"><div class=\"vc_column-inner\"><div class=\"wpb_wrapper\"><\/div><\/div><\/div><div class=\"wpb_column vc_column_container vc_col-sm-12\"><div class=\"vc_column-inner\"><div class=\"wpb_wrapper\"><\/div><\/div><\/div><div class=\"wpb_column vc_column_container vc_col-sm-12\"><div class=\"vc_column-inner\"><div class=\"wpb_wrapper\"><\/div><\/div><\/div>\n<\/section>","protected":false},"excerpt":{"rendered":"<p>Utflykt till Los Haitises nationalpark med start fr\u00e5n Sabana de la Mar, bes\u00f6k i mangrover, grottor, piktogram + lunch i Can\u00f1o Hondo-turer och pooler.<\/p>\n<p>St\u00e4ll upp denna turn\u00e9 med en vandringsled och l\u00e4r dig om Los Haitises nationalparks historia fr\u00e5n lokalbefolkningen.<\/p>\n<p>&nbsp;<\/p>\n<p><strong>V\u00e4lj datum f\u00f6r turn\u00e9n:\u00a0<\/strong><\/p>","protected":false},"featured_media":16912,"template":"","meta":[],"product_brand":[],"product_cat":[254,946,928,933,255],"product_tag":[176,211,210,192,215,214,171,209,212,175,213],"class_list":{"0":"post-8856","1":"product","2":"type-product","3":"status-publish","4":"has-post-thumbnail","6":"product_cat-tours-excursions-los-haitises-national-park","7":"product_cat-1-sabana-de-la-mar","8":"product_cat-boat-trip-los-haitises","9":"product_cat-natural-pools-los-haitises","10":"product_cat-tours-excursions-samana-bay-dominican-republic","11":"product_tag-cano-hondo","12":"product_tag-cano-hondo-hotel","13":"product_tag-cano-hondo-tours","14":"product_tag-day-tour-cano-hondo","15":"product_tag-la-arena-cave","16":"product_tag-line-cave","17":"product_tag-los-haitises","18":"product_tag-los-haitises-national-park","19":"product_tag-mangroves-los-haitises","20":"product_tag-sabana-de-la-mar","21":"product_tag-san-lorenzo-bay","23":"first","24":"instock","25":"sale","26":"sold-individually","27":"shipping-taxable","28":"product-type-external"},"_links":{"self":[{"href":"https:\/\/ballenajorobada.com\/sv\/wp-json\/wp\/v2\/product\/8856","targetHints":{"allow":["GET"]}}],"collection":[{"href":"https:\/\/ballenajorobada.com\/sv\/wp-json\/wp\/v2\/product"}],"about":[{"href":"https:\/\/ballenajorobada.com\/sv\/wp-json\/wp\/v2\/types\/product"}],"wp:featuredmedia":[{"embeddable":true,"href":"https:\/\/ballenajorobada.com\/sv\/wp-json\/wp\/v2\/media\/16912"}],"wp:attachment":[{"href":"https:\/\/ballenajorobada.com\/sv\/wp-json\/wp\/v2\/media?parent=8856"}],"wp:term":[{"taxonomy":"product_brand","embeddable":true,"href":"https:\/\/ballenajorobada.com\/sv\/wp-json\/wp\/v2\/product_brand?post=8856"},{"taxonomy":"product_cat","embeddable":true,"href":"https:\/\/ballenajorobada.com\/sv\/wp-json\/wp\/v2\/product_cat?post=8856"},{"taxonomy":"product_tag","embeddable":true,"href":"https:\/\/ballenajorobada.com\/sv\/wp-json\/wp\/v2\/product_tag?post=8856"}],"curies":[{"name":"wp","href":"https:\/\/api.w.org\/{rel}","templated":true}]}}