{"id":9653,"date":"2019-10-15T08:33:05","date_gmt":"2019-10-15T08:33:05","guid":{"rendered":"https:\/\/www.ticketswhales.com\/?post_type=product&#038;p=9653"},"modified":"2025-02-02T17:13:37","modified_gmt":"2025-02-02T17:13:37","slug":"catalina-island-altos-de-chavon-from-punta-cana-snorkeling-with-catamaran-party","status":"publish","type":"product","link":"https:\/\/ballenajorobada.com\/sv\/Tours-Excursions\/lunch\/catalina-island-altos-de-chavon-from-punta-cana-snorkeling-with-catamaran-party","title":{"rendered":"Catalina Island &amp; Altos de Chavon fr\u00e5n Punta Cana (snorkling med katamaran)"},"content":{"rendered":"<section class=\"wpb-content-wrapper\"><div class=\"vc_row wpb_row vc_row-fluid\" ><div class=\"wpb_column vc_column_container vc_col-sm-12\"><div class=\"vc_column-inner\"><div class=\"wpb_wrapper\"><div class=\"mkdf-section-title-holder\" style=\"text-align: left\">\n\t<div class=\"mkdf-st-inner\">\n\t\t\t\t\t<h5 class=\"mkdf-st-subtitle\" >\n\t\t\t\tHalvdagsupplevelse\t\t\t<\/h5>\n\t\t\t\t\t\t\t<h3 class=\"mkdf-st-title\" >\n\t\t\t\tCatalina Island och snorkling med katamaran fr\u00e5n Punta Cana\t\t\t<\/h3>\n\t\t\t\t\t<\/div>\n<\/div><div class=\"vc_btn3-container vc_btn3-inline\" ><button class=\"vc_general vc_btn3 vc_btn3-size-md vc_btn3-shape-rounded vc_btn3-style-modern vc_btn3-color-green\">BOKA NU<\/button><\/div><\/div><\/div><\/div><\/div><div class=\"vc_row wpb_row vc_row-fluid\" ><div class=\"wpb_column vc_column_container vc_col-sm-12\"><div class=\"vc_column-inner\"><div class=\"wpb_wrapper\">\n\t<div class=\"wpb_text_column wpb_content_element\" >\n\t\t<div class=\"wpb_wrapper\">\n\t\t\t<div class=\"vc_row wpb_row vc_row-fluid\">\n<div class=\"wpb_column vc_column_container vc_col-sm-12\">\n<div class=\"vc_column-inner\">\n<div class=\"wpb_wrapper\">\n<div class=\"wpb_text_column wpb_content_element\">\n<div class=\"wpb_wrapper\">\n<div class=\"vc_row wpb_row vc_row-fluid\">\n<div class=\"wpb_column vc_column_container vc_col-sm-12\">\n<div class=\"vc_column-inner\">\n<div class=\"wpb_wrapper\">\n<div class=\"wpb_text_column wpb_content_element\">\n<div class=\"wpb_wrapper\">\n<h4><b><i>\u00d6versikt<\/i><\/b><\/h4>\n<p>Vi \u00e5ker katamaran \u00f6ver kristallklart vatten till Catalina Island, det mest k\u00e4nda omr\u00e5det f\u00f6r snorkling i Dominikanska republiken.<\/p>\n<p>Dagen b\u00f6rjar med att du h\u00e4mtas i hotellets huvudentr\u00e9 eller p\u00e5 en angiven m\u00f6tesplats. Sedan forts\u00e4tter vi till Catalina Island f\u00f6r att njuta av ett uppfriskande bad och n\u00e5gra drinkar, medan alla som vill kan utf\u00f6ra tv\u00e5 typer av snorkling med en instrukt\u00f6r och efter det \u00e4ter vi en l\u00e4cker lunchbuff\u00e9 p\u00e5 stranden och vi tar n\u00e5gra lektioner i Salsa och Bachata, medan vi ocks\u00e5 g\u00f6r n\u00e5gra l\u00e4ckra drinkar. N\u00e4r du \u00e4r tr\u00f6tt p\u00e5 att vara lat p\u00e5 stranden tar du en snorkelutrustning och beundrar Catalinas undervattensv\u00e4rld.<\/p>\n<p>Havet, s\u00e5 otroligt klart, och stranden med vit sand som v\u00e4ntar p\u00e5 dig. Slappna av p\u00e5 en solstol eller snorkla, allt ing\u00e5r i priset. Du kommer att njuta d\u00e4r du kommer att se traditionen av v\u00e5r musik och dans.<\/p>\n<p>D\u00e4refter \u00e5ker vi till Altos de Chavon Cattle and River!<\/p>\n<p><strong>Observera:<\/strong> Den h\u00e4r turen \u00e4r inte privat. Om du vill boka en privat visning \u00e4r det bara att kontakta oss!<\/p>\n<ul>\n<li>\n<div class=\"py-1 inclusions-exclusions-item d-flex\" lang=\"en-x-mtfrom-en\">\n<div class=\"d-inline-block inclusions-exclusions-text\">Privat transport<\/div>\n<\/div>\n<\/li>\n<li>Naturlig simbass\u00e4ng f\u00f6r observation av stj\u00e4rnfiskar<\/li>\n<li>Snorkling<\/li>\n<li>Lunch<\/li>\n<li>B\u00e5t Katamaran \u00f6verf\u00f6ring<\/li>\n<li>Kaptenen ger instruktioner och \u00f6vervakning<\/li>\n<li>Reseguide<\/li>\n<\/ul>\n<p>&nbsp;<\/p>\n<h4><b>Inkluderat och uteslutet<\/b><\/h4>\n<p><b>Inkluderat material<\/b><\/p>\n<ol>\n<li>Reseguide<\/li>\n<li>snorkling<\/li>\n<li>Lunch<\/li>\n<li>Upph\u00e4mtning p\u00e5 hotell<\/li>\n<li>Katamaran eller b\u00e5ttur<\/li>\n<li>Alla skatter, avgifter och hanteringsavgifter<\/li>\n<li>Lokala skatter<\/li>\n<li>Drycker<\/li>\n<\/ol>\n<p><b>Undantag<\/b><\/p>\n<ol>\n<li>Dricks<\/li>\n<li>Bilder<\/li>\n<\/ol>\n<h4><em><strong>Avresa och \u00e5terkomst<\/strong><\/em><\/h4>\n<p>Resen\u00e4ren f\u00e5r en m\u00f6tesplats efter bokningsprocessen. Turerna b\u00f6rjar och slutar p\u00e5 v\u00e5ra m\u00f6tesplatser.<\/p>\n<h3>Catalina Island och snorkling med katamaran fr\u00e5n Punta Cana - halvdagsupplevelse.<\/h3>\n<h4><b><i>Vad kan man f\u00f6rv\u00e4nta sig?<\/i><\/b><\/h4>\n<p>Under utflykten till Catalina Island fr\u00e5n Punta Cana f\u00e5r g\u00e4sterna m\u00f6jlighet att snorkla i de livliga korallreven p\u00e5 Catalina, simma bland livliga fiskeskolor och njuta av den fantastiska karibiska undervattensfaunan.<\/p>\n<p>Vi b\u00f6rjar snorklingsexkursionen p\u00e5 morgonen med avf\u00e4rd mot La Romana. Under k\u00f6rningen kommer vi att passera sockerr\u00f6rsf\u00e4lten medan din guide ger intressant information om omr\u00e5dets historia, den allm\u00e4nna kulturen och landets romtillverkningsteknik. Vid ankomsten till La Romana g\u00e5r vi ombord p\u00e5 v\u00e5r katamaran och avg\u00e5r mot Catalina. V\u00e5rt f\u00f6rsta stopp p\u00e5 \u00f6n \u00e4r \"The Wall\", en majest\u00e4tisk korallv\u00e4gg som str\u00e4cker sig fr\u00e5n \u00f6n till Karibiska havet.<\/p>\n<p>Efter snorkling forts\u00e4tter du till den vackra stranden Catalina, en exklusiv plats. Vid ankomsten f\u00e5r g\u00e4sterna tillg\u00e5ng till 2 kilometer vita sandstr\u00e4nder och kristallklart vatten, en strandbar med drycker och en uts\u00f6kt dominikansk lunchbuff\u00e9 med grill. Vi g\u00e5r ombord p\u00e5 katamaranen runt 15.30 f\u00f6r att \u00e5terv\u00e4nda till Punta Cana efter en otrolig dag med snorkling och avkoppling p\u00e5 Catalina Island. \u00d6nUnder utflykten till Catalina Island fr\u00e5n Punta Cana f\u00e5r g\u00e4sterna m\u00f6jlighet att snorkla i de livliga korallreven p\u00e5 Catalina, simma bland livliga fiskeskolor och njuta av den fantastiska karibiska undervattensfaunan.<\/p>\n<p>Vi b\u00f6rjar snorklingsexkursionen p\u00e5 morgonen med avf\u00e4rd mot La Romana. Under k\u00f6rningen kommer vi att passera sockerr\u00f6rsf\u00e4lten medan din guide ger intressant information om omr\u00e5dets historia, den allm\u00e4nna kulturen och landets romtillverkningsteknik. Vid ankomsten till La Romana g\u00e5r vi ombord p\u00e5 v\u00e5r katamaran och avg\u00e5r mot Catalina.<\/p>\n<p>V\u00e5rt f\u00f6rsta stopp p\u00e5 \u00f6n \u00e4r \"The Wall\", en majest\u00e4tisk korallv\u00e4gg som str\u00e4cker sig fr\u00e5n \u00f6n till Karibiska havet. Efter snorkling forts\u00e4tter ni v\u00e4gen till Catalinas vackra strand, en exklusiv plats. Vid ankomsten f\u00e5r g\u00e4sterna tillg\u00e5ng till 2 kilometer vita sandstr\u00e4nder och kristallklart vatten, en strandbar med drycker och en uts\u00f6kt dominikansk lunchbuff\u00e9 med grill. Vi g\u00e5r ombord p\u00e5 katamaranen runt 15.30 f\u00f6r att \u00e5terv\u00e4nda till Punta Cana efter en otrolig dag med snorkling och avkoppling p\u00e5 Catalina Island.<\/p>\n<div class=\"a-text--first-content _for-copy-large l-hide-for-large\">\n<p>L\u00e5t den<strong>\u00a0Det karibiska paradiset p\u00e5 Catalina Island f\u00e4ngslar dig\u00a0<\/strong>och utforska det pittoreska omr\u00e5det\u00a0<strong>Altos de Chav\u00f3n<\/strong>\u00a0p\u00e5 denna of\u00f6rgl\u00f6mliga dagsutflykt fr\u00e5n La Romana.<\/p>\n<\/div>\n<div id=\"o-slider--activity-detail__container\" class=\"o-slider js-module-slider is-photos\"><\/div>\n<div id=\"l-768-calendar-anchor\"><\/div>\n<div id=\"new-fading-text\" class=\"new-fading-text _loaded u-no-before show-hidden-elements\">\n<div class=\"o-activity-description\">\n<h2>Dagsutflykt till Catalina Island och Altos de Chav\u00f3n<\/h2>\n<p>Efter att ha h\u00e4mtats fr\u00e5n ditt hotell p\u00e5 morgonen ger du dig ut p\u00e5 \u00e4ventyr och g\u00f6r ditt f\u00f6rsta stopp i\u00a0<strong>Altos de Chav\u00f3n<\/strong>. Du har 40 minuter p\u00e5 dig att utforska detta<strong>\u00a0vacker \u00e5terskapande av en by i medelhavsstil<\/strong>\u00a0och beundra utsikten \u00f6ver floden Chav\u00f3n som flyter bredvid. Verkligen f\u00f6rtrollande!<\/p>\n<p class=\"new-fading-text__hidden-element\">N\u00e4r du forts\u00e4tter din rundtur kommer du att f\u00f6ras till en brygga p\u00e5\u00a0<strong>Floden Salado\u00a0<\/strong>d\u00e4r din\u00a0<strong>katamaran\u00a0<\/strong>v\u00e4ntar p\u00e5 att du ska s\u00e4tta segel till Isla Catalina. Under kryssningen, som tar cirka 40 minuter, kan du njuta av en drink ombord medan du beundrar den vackra naturen.\u00a0<strong>det genomtr\u00e4ngande bl\u00e5a karibiska havets gnistrande bl\u00e5tt<\/strong>.<\/p>\n<p class=\"new-fading-text__hidden-element\">P\u00e5 v\u00e4gen till din destination kommer du att g\u00e5 direkt till det korallrev som kallas La Pared, eller V\u00e4ggen, d\u00e4r du har m\u00f6jlighet att\u00a0<strong>svalka dig med ett uppfriskande dopp i havet och snorkla bland det otroliga marina livet.<\/strong>. Tillbringa 40 minuter med att utforska under vattnet innan du \u00e5terv\u00e4nder till katamaranen och kastar ankar vid kajen p\u00e5 Catalina Island.<\/p>\n<p class=\"new-fading-text__hidden-element\">N\u00e4r du har f\u00e5tt f\u00f6tterna p\u00e5 torra land tas du till en liten restaurang med fantastisk havsutsikt, d\u00e4r du bjuds p\u00e5 en\u00a0<strong>l\u00e4cker lunchbuff\u00e9<\/strong>. Med ny energi har du sedan tre timmars fritid f\u00f6r att utnyttja det mesta av\u00a0<strong>paradiset vita sandstr\u00e4nder<\/strong>. Oavsett om du f\u00f6redrar att koppla av och sola eller prova p\u00e5 en rolig aktivitet som paddelsurfing kommer du att f\u00e5 en of\u00f6rgl\u00f6mlig eftermiddag.<\/p>\n<p class=\"new-fading-text__hidden-element\">I slutet av dagen \u00e5terv\u00e4nder du till katamaranen f\u00f6r att segla tillbaka till La Romana, d\u00e4r du sl\u00e4pps av vid ditt hotell.<\/p>\n<\/div>\n<\/div>\n<p>&nbsp;<\/p>\n<p><strong>Tidtabell:<\/strong><\/p>\n<p>7:00 - 16:30<\/p>\n<p>&nbsp;<\/p>\n<\/div>\n<p>Tiden kan \u00e4ndras beroende p\u00e5 avg\u00e5ngstiden fr\u00e5n hotellen.<\/p>\n<div class=\"wpb_wrapper\">\n<p>&nbsp;<\/p>\n<h4><em><strong>Vad ska du ta med dig?<\/strong><\/em><\/h4>\n<ul>\n<li>Kamera<\/li>\n<li>Repellerande knoppar<\/li>\n<li>solkr\u00e4m<\/li>\n<li>Hatt<\/li>\n<li>Bekv\u00e4ma byxor<\/li>\n<li>Badkl\u00e4der<\/li>\n<li>Kontanter f\u00f6r souvenirer<\/li>\n<\/ul>\n<p>&nbsp;<\/p>\n<h4><b><i>H\u00e4mtning p\u00e5 hotellet<\/i><\/b><\/h4>\n<p>H\u00e4mtning p\u00e5 hotellet erbjuds f\u00f6r denna tur. Vi kan st\u00e4lla in det via Whatsapp. Fr\u00e5n La Romana, Punta Cana, Bavaro och Bayahibe hotell.<\/p>\n<p>&nbsp;<\/p>\n<p><b>Observera:<\/b> Om du bokar inom 24 timmar f\u00f6re turens\/utflyktens avg\u00e5ngstid kan vi ordna med h\u00e4mtning p\u00e5 hotellet. N\u00e4r ditt k\u00f6p \u00e4r klart skickar vi dig fullst\u00e4ndig kontaktinformation (telefonnummer, e-postadress etc.) till v\u00e5r lokala reseledare f\u00f6r att organisera upph\u00e4mtning.<\/p>\n<h4><b><i>Ytterligare information Bekr\u00e4ftelse<\/i><\/b><\/h4>\n<ol>\n<li>Biljetterna \u00e4r kvittot efter att du har betalat denna turn\u00e9. Du kan visa betalningen p\u00e5 din telefon.<\/li>\n<li>M\u00f6tesplatsen kommer att meddelas efter bokningsprocessen.<\/li>\n<li>Barn m\u00e5ste \u00e5tf\u00f6ljas av en vuxen.<\/li>\n<li>rullstolstillg\u00e4nglig<\/li>\n<li>Sp\u00e4dbarn m\u00e5ste sitta i kn\u00e4vecken<\/li>\n<li>De flesta resen\u00e4rer kan delta<\/li>\n<\/ol>\n<h4><b><i>Avbokningspolicy<\/i><\/b><\/h4>\n<p>F\u00f6r full \u00e5terbetalning, l\u00e4s v\u00e5r policy f\u00f6r avbokningar.\u00a0<a href=\"https:\/\/www.ticketswhales.com\/online-booking\/\" target=\"_blank\" rel=\"noopener\" data-saferedirecturl=\"https:\/\/www.google.com\/url?q=https:\/\/www.ticketswhales.com\/online-booking\/&amp;source=gmail&amp;ust=1672532492004000&amp;usg=AOvVaw3ylqI1cdbIPTimEqEWneyd\">Klicka h\u00e4r<\/a>. Pengarna g\u00e5r f\u00f6rlorade om bokningen avbokas samma dag som resan \u00e4ger rum.<\/p>\n<\/div>\n<\/div>\n<\/div>\n<\/div>\n<\/div>\n<\/div>\n<\/div>\n<\/div>\n<\/div>\n<\/div>\n<\/div>\n<\/div>\n<div class=\"vc_row wpb_row vc_row-fluid\">\n<div class=\"wpb_column vc_column_container vc_col-sm-12\">\n<div class=\"vc_column-inner\">\n<div class=\"wpb_wrapper\">\n<div class=\"vc_empty_space\"><\/div>\n<div class=\"wpb_text_column wpb_content_element\">\n<div class=\"wpb_wrapper\">\n<h4>Kontakta oss?<\/h4>\n<h5><b><i>Bokning av \u00e4ventyr<\/i><\/b><\/h5>\n<p><em><strong>Lokalbefolkningen<\/strong>\u00a0och\u00a0<strong>Nationals<\/strong>\u00a0Guider och g\u00e4stservice<\/em><\/p>\n<p><span class=\"text-turquoise\">Reservationer:<\/span>\u00a0Turer och utflykter i Dom. Rep.<\/p>\n<p><img decoding=\"async\" class=\"emoji\" src=\"https:\/\/s.w.org\/images\/core\/emoji\/11.2.0\/svg\/1f4de.svg\" alt=\"\ud83d\udcde\" title=\"\">\u00a0Telefon \/ Whatsapp\u00a0\u00a0<a href=\"tel:+1-809-720-6035\">+1-809-720-6035<\/a>.<\/p>\n<p><img decoding=\"async\" class=\"emoji\" src=\"https:\/\/s.w.org\/images\/core\/emoji\/11.2.0\/svg\/1f4e9.svg\" alt=\"\ud83d\udce9\" title=\"\">\u00a0<a href=\"mailto:info@bookingadventures.com.do\">info@bookingadventures.com.do<\/a><\/p>\n<p><strong>Vi \u00e4r flexibla n\u00e4r det g\u00e4ller att st\u00e4lla in privata turer via Whatsapp:\u00a0<a href=\"tel:+18097206035\">+18097206035.<\/a><\/strong><\/p>\n<\/div>\n<\/div>\n<\/div>\n<\/div>\n<\/div>\n<\/div>\n\n\t\t<\/div>\n\t<\/div>\n<div class=\"vc_btn3-container vc_btn3-inline\" ><button class=\"vc_general vc_btn3 vc_btn3-size-md vc_btn3-shape-rounded vc_btn3-style-modern vc_btn3-color-green\">BOKA NU<\/button><\/div><\/div><\/div><\/div><\/div><div class=\"vc_row wpb_row vc_row-fluid\" ><div class=\"wpb_column vc_column_container vc_col-sm-12\"><div class=\"vc_column-inner\"><div class=\"wpb_wrapper\"><\/div><\/div><\/div><\/div>\n<\/section>","protected":false},"excerpt":{"rendered":"<p>Den lilla \u00f6n Catalina Island (Isla Catalina), bara 2,4 kilometer fr\u00e5n Dominikanska republikens fastland, \u00e4r en idyllisk sandig fl\u00e4ck i det turkosa karibiska vattnet. Catalina \u00e4r k\u00e4nd f\u00f6r sina v\u00e4lbefolkade korallrev och \u00e4r ett fridfullt andrum f\u00f6r dem som vill fly fr\u00e5n de livliga Punta Cana och La Romana.<\/p>\n<p>Boka en dagsutflykt med oss. Catalina Island i en partykatamaran med snorkling!<\/p>\n<p>&nbsp;<\/p>\n<p>V\u00e4lj datum f\u00f6r utflykten:<\/p>","protected":false},"featured_media":17153,"template":"","meta":[],"product_brand":[],"product_cat":[483,948,160,972,967,349,253,255],"product_tag":[973,974,975,485,976,480,296,471,484],"class_list":{"0":"post-9653","1":"product","2":"type-product","3":"status-publish","4":"has-post-thumbnail","6":"product_cat-catalina-island-catamaran-and-snorkeling","7":"product_cat-1-punta-cana","8":"product_cat-lunch","9":"product_cat-punta-cana-group-tours","10":"product_cat-punta-cana-catalina-island","11":"product_cat-tours-and-excursion-punta-cana","12":"product_cat-tours-and-excursions","13":"product_cat-tours-excursions-samana-bay-dominican-republic","14":"product_tag-catalina-island","15":"product_tag-catalina-island-dominican-republic-snorkeling","16":"product_tag-catalina-island-packages","17":"product_tag-catalina-island-snorkeling-dominican-republic","18":"product_tag-catalina-island-tour","19":"product_tag-cheap-punta-cana-excursions","20":"product_tag-day-trip-punta-cana","21":"product_tag-punta-cana-catamaran-party-with-snorkeling-and-parasailing","22":"product_tag-talina-island-snorkeling","24":"first","25":"instock","26":"sale","27":"sold-individually","28":"shipping-taxable","29":"product-type-external"},"_links":{"self":[{"href":"https:\/\/ballenajorobada.com\/sv\/wp-json\/wp\/v2\/product\/9653","targetHints":{"allow":["GET"]}}],"collection":[{"href":"https:\/\/ballenajorobada.com\/sv\/wp-json\/wp\/v2\/product"}],"about":[{"href":"https:\/\/ballenajorobada.com\/sv\/wp-json\/wp\/v2\/types\/product"}],"wp:featuredmedia":[{"embeddable":true,"href":"https:\/\/ballenajorobada.com\/sv\/wp-json\/wp\/v2\/media\/17153"}],"wp:attachment":[{"href":"https:\/\/ballenajorobada.com\/sv\/wp-json\/wp\/v2\/media?parent=9653"}],"wp:term":[{"taxonomy":"product_brand","embeddable":true,"href":"https:\/\/ballenajorobada.com\/sv\/wp-json\/wp\/v2\/product_brand?post=9653"},{"taxonomy":"product_cat","embeddable":true,"href":"https:\/\/ballenajorobada.com\/sv\/wp-json\/wp\/v2\/product_cat?post=9653"},{"taxonomy":"product_tag","embeddable":true,"href":"https:\/\/ballenajorobada.com\/sv\/wp-json\/wp\/v2\/product_tag?post=9653"}],"curies":[{"name":"wp","href":"https:\/\/api.w.org\/{rel}","templated":true}]}}