{"id":11676,"date":"2020-11-12T13:34:41","date_gmt":"2020-11-12T13:34:41","guid":{"rendered":"https:\/\/www.ticketswhales.com\/?post_type=product&#038;p=11676"},"modified":"2023-11-07T21:31:56","modified_gmt":"2023-11-07T21:31:56","slug":"snorkel-cayo-levantado-and-farola-island-snorkeling","status":"publish","type":"product","link":"https:\/\/ballenajorobada.com\/tr\/Tours-Excursions\/turlar-geziler-samana-bay-dominik-cumhuriyeti\/snorkel-cayo-levantado-ve-farola-ada-snorkel","title":{"rendered":"\u015enorkel Cayo Levantado ve Farola Adas\u0131 \u015enorkel"},"content":{"rendered":"<section class=\"wpb-content-wrapper\"><div class=\"vc_row wpb_row vc_row-fluid\" ><div class=\"wpb_column vc_column_container vc_col-sm-12\"><div class=\"vc_column-inner\"><div class=\"wpb_wrapper\"><div class=\"vc_empty_space\"   style=\"height: 32px\"><span class=\"vc_empty_space_inner\"><\/span><\/div><div class=\"mkdf-section-title-holder\" style=\"text-align: left\">\n\t<div class=\"mkdf-st-inner\">\n\t\t\t\t\t<h5 class=\"mkdf-st-subtitle\" >\n\t\t\t\tSaman\u00e1 liman\u0131ndan \u00d6zel Tur\t\t\t<\/h5>\n\t\t\t\t\t\t\t<h3 class=\"mkdf-st-title\" >\n\t\t\t\t\u015enorkel Cayo Levantado ve Farola Adas\u0131 \u015enorkel\t\t\t<\/h3>\n\t\t\t\t\t<\/div>\n<\/div><div class=\"vc_empty_space\"   style=\"height: 32px\"><span class=\"vc_empty_space_inner\"><\/span><\/div><\/div><\/div><\/div><\/div><div class=\"vc_row wpb_row vc_row-fluid\" ><div class=\"wpb_column vc_column_container vc_col-sm-12\"><div class=\"vc_column-inner\"><div class=\"wpb_wrapper\"><div class=\"vc_btn3-container vc_btn3-inline\" ><button class=\"vc_general vc_btn3 vc_btn3-size-md vc_btn3-shape-rounded vc_btn3-style-modern vc_btn3-color-green\">REZERVASYON YAP<\/button><\/div>\n\t<div class=\"wpb_text_column wpb_content_element\" >\n\t\t<div class=\"wpb_wrapper\">\n\t\t\t<div class=\"vc_row wpb_row vc_row-fluid\">\n<div class=\"wpb_column vc_column_container vc_col-sm-12\">\n<div class=\"vc_column-inner\">\n<div class=\"wpb_wrapper\">\n<div class=\"wpb_text_column wpb_content_element\">\n<div class=\"wpb_wrapper\">\n<div class=\"vc_row wpb_row vc_row-fluid\">\n<div class=\"wpb_column vc_column_container vc_col-sm-12\">\n<div class=\"vc_column-inner\">\n<div class=\"wpb_wrapper\">\n<div class=\"wpb_text_column wpb_content_element\">\n<div class=\"wpb_wrapper\">\n<h4><b><i>genel bak\u0131\u015f<\/i><\/b><\/h4>\n<p>Kaplumba\u011falar, kambur balinalar, Istakozlar ve Yunuslar gibi ola\u011fan\u00fcst\u00fc deniz ya\u015fam\u0131na ev sahipli\u011fi yapan Samana K\u00f6rfezi&#039;ndeki \u00f6zel k\u00fc\u00e7\u00fck adalar olan Cayo Levantado adas\u0131n\u0131 ve Farola&#039;y\u0131 gezece\u011fiz!<\/p>\n<p><strong>Not:<\/strong> Bu tur \u00d6zeldir. (Yaln\u0131zca siz ve aileniz veya arkada\u015flar\u0131n\u0131z ve Tur Rehberi).<\/p>\n<p>&nbsp;<\/p>\n<h4><b>Dahil Edilenler ve Hari\u00e7 Tutulanlar<\/b><\/h4>\n<p>&nbsp;<\/p>\n<p><b>Dahil olanlar<\/b><\/p>\n<p>&nbsp;<\/p>\n<ol>\n<li>Tur rehberi<\/li>\n<li>Bot gezisi<\/li>\n<li>Can yele\u011fi<\/li>\n<li>\u015fnorkel seti<\/li>\n<li>T\u00fcm vergiler, \u00fccretler ve i\u015flem \u00fccretleri<\/li>\n<li>Yerel vergiler<\/li>\n<li>\u0130\u00e7ecekler (Ki\u015fi ba\u015f\u0131 bir \u015fi\u015fe su)<\/li>\n<\/ol>\n<p><b>\u0130stisnalar<\/b><\/p>\n<ol>\n<li>Bah\u015fi\u015fler<\/li>\n<li>\u00d6\u011fle Yeme\u011fi (Ekstra 15 USD) Ki\u015fi Ba\u015f\u0131.<\/li>\n<li>Istakozlu \u00d6\u011fle Yeme\u011fi (Ekstra \u00dccret 25 USD) Ki\u015fi Ba\u015f\u0131.<\/li>\n<li>Transfer Arabas\u0131<\/li>\n<li>Alkoll\u00fc i\u00e7ecekler<\/li>\n<\/ol>\n<p>&nbsp;<\/p>\n<h4><em><strong>Gidi\u015f &amp; D\u00f6n\u00fc\u015f<\/strong><\/em><\/h4>\n<p>Bu gezi sabah 8:03&#039;te ba\u015flar ve \u00f6\u011fleden sonra 12:15 civar\u0131nda biter. Ancak \u00f6zel bir seyahat olaca\u011f\u0131 i\u00e7in ba\u015flang\u0131\u00e7 ve biti\u015f saatlerini siz belirleyebilirsiniz.<\/p>\n<p>Gezgin, Rezervasyon \u0130\u015fleminden sonra bir bulu\u015fma noktas\u0131 alacakt\u0131r. Turlar bulu\u015fma noktalar\u0131m\u0131zda ba\u015flar ve biter.<\/p>\n<p>&nbsp;<\/p>\n<h4><b><i>Ne bekleyebilece\u011finizi?<\/i><\/b><\/h4>\n<p>Y\u00fczge\u00e7ler ve maske ile denizdeki vah\u015fi ya\u015fam\u0131n tad\u0131n\u0131 y\u00fczeyden \u00e7\u0131karmak i\u00e7in Uzman Rehber e\u015fli\u011finde \u015fnorkel gezisi; Yolculuk s\u0131ras\u0131nda iki farkl\u0131 yerde \u015fnorkelle y\u00fczerek ve ara\u00e7s\u0131z bu b\u00fcy\u00fcleyici plaj\u0131n keyfini \u00e7\u0131kararak cennet gibi Cayo Levantado adas\u0131n\u0131 ke\u015ffedece\u011fiz (S\u00fcre 4 saat).<\/p>\n<p>Sabah 8:30&#039;da Samana Ana Liman\u0131&#039;ndaki bulu\u015fma noktas\u0131ndan hareket ediyoruz, 25 dakikal\u0131k navigasyonun ard\u0131ndan ilk dal\u0131\u015f noktas\u0131 olan Cayo Farola&#039;ya var\u0131yoruz, 45 dakika \u015fnorkel yap\u0131p y\u00fczebilece\u011fimiz Cayo Levantado plaj\u0131na devam ediyoruz. . , biraz daha \u015fnorkelli y\u00fczme yap\u0131n veya sadece bu muhte\u015fem kumsal\u0131n tad\u0131n\u0131 \u00e7\u0131kar\u0131n.<\/p>\n<p>Sandvi\u00e7, rom, alkols\u00fcz i\u00e7ecek ve suyun tad\u0131n\u0131 \u00e7\u0131karaca\u011f\u0131z ve saat 12&#039;de Samana liman\u0131na geri d\u00f6nece\u011fiz veya Cayo levantado&#039;da kalaca\u011f\u0131z. Bundan sonra ba\u015flang\u0131\u00e7 noktas\u0131na geri d\u00f6nece\u011fiz. Unutulmamas\u0131 gereken di\u011fer hususlar t\u00fcm geziler tekne ile yap\u0131lmaktad\u0131r.<\/p>\n<p><strong>Masa saati:<\/strong><\/p>\n<p>08:30 \u2013 12:15<\/p>\n<p>&nbsp;<\/p>\n<h4><em><strong>Ne getirmelisin?<\/strong><\/em><\/h4>\n<ul>\n<li>Kamera<\/li>\n<li>Havlu<\/li>\n<li>G\u00fcne\u015f korumas\u0131<\/li>\n<li>\u015eapka<\/li>\n<li>Rahat pantolon ve ayakkab\u0131lar<\/li>\n<li>Sahile giden sandaletler<\/li>\n<li>Y\u00fczme giysileri<\/li>\n<li>Hat\u0131ra E\u015fyas\u0131 i\u00e7in nakit<\/li>\n<\/ul>\n<p>&nbsp;<\/p>\n<h4><b><i>otelden alma<\/i><\/b><\/h4>\n<p>Bu tur i\u00e7in otelden alma hizmeti sunulmamaktad\u0131r.<\/p>\n<p>&nbsp;<\/p>\n<p><b>Not:<\/b>\u00a0tur\/Gezi hareket saatinden sonraki 24 saat i\u00e7inde rezervasyon yap\u0131yorsan\u0131z, ek \u00fccret kar\u015f\u0131l\u0131\u011f\u0131nda otelden alma ayarlayabiliriz. Sat\u0131n alma i\u015fleminiz tamamland\u0131\u011f\u0131nda, teslim alma d\u00fczenlemelerini organize etmesi i\u00e7in size yerel Tur rehberimizin eksiksiz ileti\u015fim bilgilerini (telefon numaras\u0131, e-posta adresi vb.) g\u00f6nderece\u011fiz.<\/p>\n<h4><b><i>Ek Bilgi Onay\u0131<\/i><\/b><\/h4>\n<ol>\n<li>Biletler, bu Turu \u00f6dedikten sonra Makbuzdur. \u00d6demeyi telefonunuzda g\u00f6sterebilirsiniz.<\/li>\n<li>Bulu\u015fma Noktas\u0131 Rezervasyon \u0130\u015fleminden Sonra Al\u0131nacakt\u0131r.<\/li>\n<li>\u00c7ocuklara bir yeti\u015fkin e\u015flik etmelidir.<\/li>\n<li>tekerlekli sandalye eri\u015filebilir<\/li>\n<li>Bebekler kuca\u011fa oturmal\u0131<\/li>\n<li>\u00c7o\u011fu gezgin kat\u0131labilir<\/li>\n<\/ol>\n<h4><b><i>\u0130ptal politikas\u0131<\/i><\/b><\/h4>\n<p>Tam para iadesi i\u00e7in l\u00fctfen \u0130ptal politikalar\u0131m\u0131z\u0131 okuyun\u00a0<a href=\"https:\/\/ballenajorobada.com\/tr\/cevrimici-rezervasyon\/\" target=\"_blank\" rel=\"noopener\" data-saferedirecturl=\"https:\/\/www.google.com\/url?q=https:\/\/ballenajorobada.com\/online-booking\/&amp;source=gmail&amp;ust=1672449202351000&amp;usg=AOvVaw1yAeVAPktmaVCqDujgUn90\">Buraya T\u0131kla<\/a>. Seyahatle ayn\u0131 g\u00fcn rezervasyon iptal edilirse para kaybedilecektir.<\/p>\n<\/div>\n<\/div>\n<\/div>\n<\/div>\n<\/div>\n<\/div>\n<\/div>\n<\/div>\n<\/div>\n<\/div>\n<\/div>\n<\/div>\n<div class=\"vc_row wpb_row vc_row-fluid\">\n<div class=\"wpb_column vc_column_container vc_col-sm-12\">\n<div class=\"vc_column-inner\">\n<div class=\"wpb_wrapper\">\n<div class=\"wpb_text_column wpb_content_element\">\n<div class=\"wpb_wrapper\">\n<h4>Bize Ula\u015f\u0131n?<\/h4>\n<h5><b><i>Rezervasyon Maceralar\u0131<\/i><\/b><\/h5>\n<p><em><strong>Yerliler<\/strong>\u00a0ve\u00a0<strong>uyruklular<\/strong>\u00a0Tur Rehberleri ve Misafir Hizmetleri<\/em><\/p>\n<p><span class=\"text-turquoise\">Rezervasyonlar:<\/span>\u00a0Dom s\u0131n\u0131rlar\u0131ndaki Turlar ve Geziler temsilci<\/p>\n<p><img decoding=\"async\" class=\"emoji\" draggable=\"false\" src=\"https:\/\/s.w.org\/images\/core\/emoji\/11.2.0\/svg\/1f4de.svg\" alt=\"\ud83d\udcde\" title=\"\">\u00a0Tel \/ Naber\u00a0\u00a0<a href=\"tel:+1-809-720-6035\">+1-809-720-6035<\/a>.<\/p>\n<p><img decoding=\"async\" class=\"emoji\" draggable=\"false\" src=\"https:\/\/s.w.org\/images\/core\/emoji\/11.2.0\/svg\/1f4e9.svg\" alt=\"\ud83d\udce9\" title=\"\">\u00a0<a href=\"mailto:info@bookingadventures.com.do\">info@bookingadventures.com.do<\/a><\/p>\n<p><strong>Whatsapp ile Esnek \u00d6zel Turlar Ayarl\u0131yoruz:\u00a0<a href=\"tel:+18097206035\">+18097206035.<\/a><\/strong><\/p>\n<\/div>\n<\/div>\n<\/div>\n<\/div>\n<\/div>\n<\/div>\n\n\t\t<\/div>\n\t<\/div>\n<\/div><\/div><\/div><\/div><div class=\"vc_row wpb_row vc_row-fluid\" ><div class=\"wpb_column vc_column_container vc_col-sm-12\"><div class=\"vc_column-inner\"><div class=\"wpb_wrapper\"><div class=\"vc_btn3-container vc_btn3-inline\" ><button class=\"vc_general vc_btn3 vc_btn3-size-md vc_btn3-shape-rounded vc_btn3-style-modern vc_btn3-color-green\">REZERVASYON YAP<\/button><\/div><\/div><\/div><\/div><\/div>\n<\/section>","protected":false},"excerpt":{"rendered":"<p>Kaplumba\u011falar, kambur balinalar, \u0131stakozlar ve yunuslar gibi ola\u011fan\u00fcst\u00fc deniz ya\u015fam\u0131na ev sahipli\u011fi yapan, Samana K\u00f6rfezi&#039;ndeki \u00f6zel k\u00fc\u00e7\u00fck adalar olan Cayo Levantado ve Cayo Farola adalar\u0131n\u0131 gezece\u011fiz!<\/p>\n<p>Not: Bu tur \u00f6zeldir!<\/p>\n<p>Tur tarihini se\u00e7in:<\/p>","protected":false},"featured_media":11683,"template":"","meta":[],"product_brand":[],"product_cat":[255,655],"product_tag":[184,328,327,187,342,433,276],"class_list":{"0":"post-11676","1":"product","2":"type-product","3":"status-publish","4":"has-post-thumbnail","6":"product_cat-tours-excursions-samana-bay-dominican-republic","7":"product_cat-1-samana","8":"product_tag-bacardi-island","9":"product_tag-cayo-levantado-day-pass","10":"product_tag-private-tours-samana","11":"product_tag-samana-tours","12":"product_tag-samana-whale-watching","13":"product_tag-snorkeling","14":"product_tag-whale-samana","16":"first","17":"instock","18":"sale","19":"sold-individually","20":"shipping-taxable","21":"product-type-external"},"_links":{"self":[{"href":"https:\/\/ballenajorobada.com\/tr\/wp-json\/wp\/v2\/product\/11676","targetHints":{"allow":["GET"]}}],"collection":[{"href":"https:\/\/ballenajorobada.com\/tr\/wp-json\/wp\/v2\/product"}],"about":[{"href":"https:\/\/ballenajorobada.com\/tr\/wp-json\/wp\/v2\/types\/product"}],"wp:featuredmedia":[{"embeddable":true,"href":"https:\/\/ballenajorobada.com\/tr\/wp-json\/wp\/v2\/media\/11683"}],"wp:attachment":[{"href":"https:\/\/ballenajorobada.com\/tr\/wp-json\/wp\/v2\/media?parent=11676"}],"wp:term":[{"taxonomy":"product_brand","embeddable":true,"href":"https:\/\/ballenajorobada.com\/tr\/wp-json\/wp\/v2\/product_brand?post=11676"},{"taxonomy":"product_cat","embeddable":true,"href":"https:\/\/ballenajorobada.com\/tr\/wp-json\/wp\/v2\/product_cat?post=11676"},{"taxonomy":"product_tag","embeddable":true,"href":"https:\/\/ballenajorobada.com\/tr\/wp-json\/wp\/v2\/product_tag?post=11676"}],"curies":[{"name":"wp","href":"https:\/\/api.w.org\/{rel}","templated":true}]}}