{"id":12436,"date":"2021-03-24T09:58:12","date_gmt":"2021-03-24T09:58:12","guid":{"rendered":"https:\/\/www.ticketswhales.com\/?post_type=product&#038;p=12436"},"modified":"2023-11-07T20:30:52","modified_gmt":"2023-11-07T20:30:52","slug":"saona-island-rentals-rent-a-private-boat","status":"publish","type":"product","link":"https:\/\/ballenajorobada.com\/tr\/Tours-Excursions\/rent-private-boat-saona-island\/saona-ada-kiralama-ozel-tekne-kiralama","title":{"rendered":"Saona Island Rentals \u2013 \u00d6zel bir tekne kiralay\u0131n"},"content":{"rendered":"<section class=\"wpb-content-wrapper\"><div class=\"vc_row wpb_row vc_row-fluid\" > <div class=\"wpb_column vc_column_container vc_col-sm-12\"><div class=\"vc_column-inner\"><div class=\"wpb_wrapper\"> \n\t<div class=\"wpb_text_column wpb_content_element\" >\n\t\t<div class=\"wpb_wrapper\">\n\t\t\t\n\t\t<\/div>\n\t<\/div>\n <\/div><\/div><\/div> <\/div> <div class=\"wpb_column vc_column_container vc_col-sm-12\"><div class=\"vc_column-inner\"><div class=\"wpb_wrapper\"> <div class=\"vc_btn3-container vc_btn3-inline\" ><button class=\"vc_general vc_btn3 vc_btn3-size-md vc_btn3-shape-rounded vc_btn3-style-modern vc_btn3-color-green\">REZERVASYON YAP<\/button><\/div> <\/div><\/div><\/div> <div class=\"vc_tta-container\" data-vc-action=\"collapse\"><div class=\"vc_general vc_tta vc_tta-tabs vc_tta-color-grey vc_tta-style-classic vc_tta-shape-rounded vc_tta-spacing-1 vc_tta-tabs-position-top vc_tta-controls-align-left\"><div class=\"vc_tta-tabs-container\"><ul class=\"vc_tta-tabs-list\"><\/ul><\/div><div class=\"vc_tta-panels-container\"><div class=\"vc_tta-panels\"> <\/div><\/div><\/div><\/div> <div class=\"vc_tta-panel vc_active\" id=\"1616582286467-74629ea8-fd69\" data-vc-content=\".vc_tta-panel-body\"><div class=\"vc_tta-panel-heading\"><h4 class=\"vc_tta-panel-title\"><a href=\"#1616582286467-74629ea8-fd69\" data-vc-accordion data-vc-container=\".vc_tta-container\"><span class=\"vc_tta-title-text\">A\u00e7\u0131klama<\/span><\/a><\/h4><\/div><div class=\"vc_tta-panel-body\"> \n\t<div class=\"wpb_text_column wpb_content_element\" >\n\t\t<div class=\"wpb_wrapper\">\n\t\t\t<div class=\"custom-left\">\n<div class=\"row\">\n<div class=\"col-md-12 cust-clas\">\n<div class=\"product-header alignleft\">\n<p>SAONA ADASI \u2013 TEKNE \u2013 K\u0130RALIK<\/p>\n<p>SAONA ADASINA TAM G\u00dcN \u00d6ZEL K\u0130RALAMA<\/p>\n<p>ESNEK S\u00dcRE \u2013 PAZARTES\u0130-PAZAR<\/p>\n<\/div>\n<\/div>\n<\/div>\n<\/div>\n<div class=\"custom-left para-p\">\n<div class=\"info_content_label\">\n<p>&nbsp;<\/p>\n<p>&nbsp;<\/p>\n<p>&nbsp;<\/p>\n<p>&nbsp;<\/p>\n<p>Saona Adas\u0131&#039;n\u0131 ziyaret etmek i\u00e7in 16 ki\u015fiye kadar bu muhte\u015fem tekneyi g\u00fcn boyunca kiralay\u0131n.<\/p>\n<p><strong>DAH\u0130L<\/strong><\/p>\n<ul>\n<li>M\u00fcrettebat (Kaptan ve Kaptan Yard\u0131mc\u0131s\u0131)<\/li>\n<li>Yak\u0131t<\/li>\n<li>Buzlu buz so\u011futucusu<\/li>\n<\/ul>\n<p>Yiyecekler ek \u00fccret kar\u015f\u0131l\u0131\u011f\u0131nda mevcuttur:<\/p>\n<p><strong>Geleneksel a\u00e7\u0131k b\u00fcfe \u00f6\u011fle yeme\u011finin detaylar\u0131, $15 USD p\/p:<\/strong><\/p>\n<p>-Ye\u015fil salata, Rus salatas\u0131<\/p>\n<p>-\u015e\u00f6valye<\/p>\n<p>-Moro de Guandule (Dominik usul\u00fc pirin\u00e7) hindistan cevizli<\/p>\n<p>-Domates soslu makarna-Manyok g\u00fcve\u00e7<\/p>\n<p>-Bal\u0131k ve \u0131zgara tavuk (dorado) + iste\u011fe ba\u011fl\u0131 hindistan cevizi s\u00fct\u00fc sosu<\/p>\n<p>n-Taze meyve-1 alkols\u00fcz i\u00e7ecek (me\u015frubat veya su)<br \/>\n-Kafeterya<\/p>\n<p><strong>Ek \u0131stakoz servisi + hindistan cevizi \u015fekerlemesi $19 USD (ek).<\/strong><\/p>\n<\/div>\n<p><strong><label>Dahil de\u011fil:<\/label><\/strong> \u0130\u00e7ecekler ve yiyecekler dahil DE\u011e\u0130LD\u0130R ve ek bir \u00fccret kar\u015f\u0131l\u0131\u011f\u0131nda d\u00fczenlenebilir.<\/p>\n<p>&nbsp;<\/p>\n<\/div>\n<p>Daha fazla bilgiye ihtiyac\u0131n\u0131z varsa veya herhangi bir sorunuz varsa Whatsapp: +1-809-720-6035 veya canl\u0131 sohbet yoluyla bizimle ileti\u015fime ge\u00e7mekten \u00e7ekinmeyin. \u0130nternetteki en iyi fiyat\u0131 sunuyoruz!<\/p>\n<p>&nbsp;<\/p>\n<h4><b><i>\u0130ptal politikas\u0131<\/i><\/b><\/h4>\n<p>Tam para iadesi i\u00e7in l\u00fctfen iptal politikalar\u0131m\u0131z\u0131 okuyun <a href=\"https:\/\/ballenajorobada.com\/tr\/cevrimici-rezervasyon\/\" target=\"_blank\" rel=\"noopener\" data-saferedirecturl=\"https:\/\/www.google.com\/url?q=https:\/\/ballenajorobada.com\/online-booking\/&amp;source=gmail&amp;ust=1672449202351000&amp;usg=AOvVaw1yAeVAPktmaVCqDujgUn90\">Buraya T\u0131kla<\/a>. Rezervasyonun seyahatle ayn\u0131 g\u00fcn iptal edilmesi durumunda para kaybedilecektir. <\/p>\n\n\t\t<\/div>\n\t<\/div>\n <\/div><\/div> <div class=\"vc_tta-panel\" id=\"1616580432722-00be9baf-46e3\" data-vc-content=\".vc_tta-panel-body\"><div class=\"vc_tta-panel-heading\"><h4 class=\"vc_tta-panel-title\"><a href=\"#1616580432722-00be9baf-46e3\" data-vc-accordion data-vc-container=\".vc_tta-container\"><span class=\"vc_tta-title-text\">Fiyat:% s<\/span><\/a><\/h4><\/div><div class=\"vc_tta-panel-body\"> <\/div><\/div> <div class=\"mkdf-section-title-holder\" style=\"text-align: center\">\n\t<div class=\"mkdf-st-inner\">\n\t\t\t\t\t\t\t<h3 class=\"mkdf-st-title\" >\n\t\t\t\tF\u0130YAT:% S\t\t\t<\/h3>\n\t\t\t\t\t<\/div>\n<\/div> <div class=\"vc_empty_space\"   style=\"height: 32px\"><span class=\"vc_empty_space_inner\"><\/span><\/div> <div class=\"vc_row wpb_row vc_row-fluid\" > <div class=\"wpb_column vc_column_container vc_col-sm-12\"><div class=\"vc_column-inner\"><div class=\"wpb_wrapper\"> <div class=\"vc_btn3-container vc_btn3-inline\" ><button class=\"vc_general vc_btn3 vc_btn3-size-md vc_btn3-shape-rounded vc_btn3-style-modern vc_btn3-color-green\">REZERVASYON YAP<\/button><\/div> <\/div><\/div><\/div> <\/div>\n<\/section>","protected":false},"excerpt":{"rendered":"<p>Saona Adas\u0131 Tekne Kiralama - \u00d6zel Tekne, Yat, Yelkenli, Katamaran Kiralay\u0131n ve Saona Adas\u0131n\u0131 Ke\u015ffedin. Dominik Cumhuriyeti&#039;ndeki Bayahibe Liman\u0131&#039;ndan Saona Top Turlar\u0131 ve Katamaran Gezileri ... Ba\u015flang\u0131\u00e7ta yerel turizm i\u00e7in bir Tekne Kiralama \u015eirketi idi.<\/p>\n<p><strong>Book your Private Boat:\u00a0<\/strong><\/p>","protected":false},"featured_media":11544,"template":"","meta":[],"product_brand":[],"product_cat":[871],"product_tag":[874,875,872,876,873],"class_list":{"0":"post-12436","1":"product","2":"type-product","3":"status-publish","4":"has-post-thumbnail","6":"product_cat-rent-private-boat-saona-island","7":"product_tag-saona-island-boat-rent","8":"product_tag-saona-island-boat-rentals","9":"product_tag-saona-island-boat-renting","10":"product_tag-saona-island-private-boat","11":"product_tag-saona-island-rentals","13":"first","14":"instock","15":"sale","16":"shipping-taxable","17":"product-type-external"},"_links":{"self":[{"href":"https:\/\/ballenajorobada.com\/tr\/wp-json\/wp\/v2\/product\/12436","targetHints":{"allow":["GET"]}}],"collection":[{"href":"https:\/\/ballenajorobada.com\/tr\/wp-json\/wp\/v2\/product"}],"about":[{"href":"https:\/\/ballenajorobada.com\/tr\/wp-json\/wp\/v2\/types\/product"}],"wp:featuredmedia":[{"embeddable":true,"href":"https:\/\/ballenajorobada.com\/tr\/wp-json\/wp\/v2\/media\/11544"}],"wp:attachment":[{"href":"https:\/\/ballenajorobada.com\/tr\/wp-json\/wp\/v2\/media?parent=12436"}],"wp:term":[{"taxonomy":"product_brand","embeddable":true,"href":"https:\/\/ballenajorobada.com\/tr\/wp-json\/wp\/v2\/product_brand?post=12436"},{"taxonomy":"product_cat","embeddable":true,"href":"https:\/\/ballenajorobada.com\/tr\/wp-json\/wp\/v2\/product_cat?post=12436"},{"taxonomy":"product_tag","embeddable":true,"href":"https:\/\/ballenajorobada.com\/tr\/wp-json\/wp\/v2\/product_tag?post=12436"}],"curies":[{"name":"wp","href":"https:\/\/api.w.org\/{rel}","templated":true}]}}