{"id":14048,"date":"2022-05-20T10:42:09","date_gmt":"2022-05-20T10:42:09","guid":{"rendered":"https:\/\/www.ticketswhales.com\/?post_type=product&#038;p=14048"},"modified":"2023-10-19T14:13:36","modified_gmt":"2023-10-19T14:13:36","slug":"punta-cana-helicopter-tour-to-salto-de-la-jalda-waterfall-60-minute-experience","status":"publish","type":"product","link":"https:\/\/ballenajorobada.com\/tr\/Tours-Excursions\/local-tour-guides\/punta-cana-helikopter-turu-salto-de-la-jalda-selalesi-60-dakikalik-deneyim","title":{"rendered":"Punta Cana Helikopter Turu - Salto de la Jalda \u015eelalesi 60 Dakikal\u0131k Deneyim"},"content":{"rendered":"<section class=\"wpb-content-wrapper\"><div class=\"vc_row wpb_row vc_row-fluid\" ><div class=\"wpb_column vc_column_container vc_col-sm-12\"><div class=\"vc_column-inner\"><div class=\"wpb_wrapper\"><div class=\"mkdf-section-title-holder\" style=\"text-align: left\">\n\t<div class=\"mkdf-st-inner\">\n\t\t\t\t\t<h5 class=\"mkdf-st-subtitle\" >\n\t\t\t\tSalto la Jalda\t\t\t<\/h5>\n\t\t\t\t\t\t\t<h3 class=\"mkdf-st-title\" >\n\t\t\t\tPunta Cana Helikopter Turu - Salto de la Jalda \u015eelalesi 60 Dakikal\u0131k Deneyim\t\t\t<\/h3>\n\t\t\t\t\t\t\t<p class=\"mkdf-st-text\" >\n\t\t\t\tHelikopter Turu 60 Dakika Deneyimi\t\t\t<\/p>\n\t\t\t<\/div>\n<\/div><div class=\"vc_btn3-container vc_btn3-inline\" ><a class=\"vc_general vc_btn3 vc_btn3-size-md vc_btn3-shape-rounded vc_btn3-style-modern vc_btn3-color-green\" href=\"https:\/\/bookingadventures.tours\/booking.php?tour_id=cf0c7b2af9d3e7d3c0d0b8017c605e6c\" title=\"\" rel=\"noopener\">REZERVASYON YAP<\/a><\/div><\/div><\/div><\/div><\/div><div class=\"vc_row wpb_row vc_row-fluid\" ><div class=\"wpb_column vc_column_container vc_col-sm-12\"><div class=\"vc_column-inner\"><div class=\"wpb_wrapper\">\n\t<div class=\"wpb_text_column wpb_content_element\" >\n\t\t<div class=\"wpb_wrapper\">\n\t\t\t<h4><b><i>genel bak\u0131\u015f <\/i><\/b><\/h4>\n<p>Bu, \u015fu ki\u015fiye \u00f6zel bir turdur:\u00a0<strong>Salto de la Jalda \u015eelaleleri <\/strong>Cordillera Oriental S\u0131rada\u011flar\u0131&#039;n\u0131n derinliklerinde yer alan ve yemye\u015fil tropikal ya\u011fmur ormanlar\u0131yla \u00e7evrili olan Karayipler&#039;deki en y\u00fcksek \u015felale Salto La Jalda&#039;d\u0131r. Punta Cana&#039;n\u0131n el de\u011fmemi\u015f sahilleri boyunca u\u00e7un, sessiz k\u00f6yleri ge\u00e7erek sierra&#039;n\u0131n kuzey yama\u00e7lar\u0131na do\u011fru u\u00e7un ve yemye\u015fil bir tropik ya\u011fmur orman\u0131n\u0131n derinliklerinde yuvalanm\u0131\u015f bu inan\u0131lmaz g\u00fczelli\u011fin b\u00fcy\u00fcs\u00fcn\u00fc ve gizemini ke\u015ffedin. Bir saatlik piknik dura\u011f\u0131 ile \u015felale ve Playa Esmeralda \u00fczerinde 60 dakikal\u0131k gidi\u015f-d\u00f6n\u00fc\u015f helikopter u\u00e7u\u015funu deneyimleyin. En muhte\u015fem Esmeralda plaj\u0131nda kald\u0131\u011f\u0131n\u0131z s\u00fcre boyunca, f\u0131\u015fk\u0131ran sular\u0131n kayal\u0131klardan nas\u0131l d\u00f6k\u00fcld\u00fc\u011f\u00fcn\u00fc g\u00f6r\u00fcn ve ard\u0131ndan do\u011fan\u0131n huzur ve s\u00fckunetinin tad\u0131n\u0131 \u00e7\u0131kar\u0131n.<\/p>\n<p>&nbsp;<\/p>\n<ul>\n<li class=\"activity-highlights__list-item\" data-v-86039ad0=\"\">Karayipler&#039;deki en y\u00fcksek \u015felale olan Salto La jada&#039;n\u0131n b\u00fcy\u00fcs\u00fcn\u00fc ke\u015ffedin<\/li>\n<li class=\"activity-highlights__list-item\" data-v-86039ad0=\"\">Esmeralda plaj\u0131nda kald\u0131\u011f\u0131n\u0131z s\u00fcre boyunca do\u011fay\u0131 ke\u015ffedin<\/li>\n<li class=\"activity-highlights__list-item\" data-v-86039ad0=\"\">Muhte\u015fem kumsallar\u0131n \u00fczerinden u\u00e7un ve sessiz k\u00f6yleri ge\u00e7erek Sierra&#039;n\u0131n kuzey yama\u00e7lar\u0131na ula\u015f\u0131n<\/li>\n<li class=\"activity-highlights__list-item\" data-v-86039ad0=\"\">H\u0131\u015f\u0131mla akan sular\u0131n kayal\u0131klardan nas\u0131l d\u00f6k\u00fcld\u00fc\u011f\u00fcn\u00fc g\u00f6r\u00fcn<\/li>\n<\/ul>\n<h4><b>Dahil Edilenler ve Hari\u00e7 Tutulanlar<\/b><\/h4>\n<p>&nbsp;<\/p>\n<p><b>Dahil olanlar<\/b><\/p>\n<ol>\n<li class=\"activity-inclusions__item activity-inclusions__item--inclusion\" data-v-0d17907c=\"\"><span class=\"activity-inclusions__test activity-inclusions__test--include\" data-v-0d17907c=\"\">Otelinize\/otelinizden kara ula\u015f\u0131m\u0131<\/span><\/li>\n<li class=\"activity-inclusions__item activity-inclusions__item--inclusion\" data-v-0d17907c=\"\"><span class=\"activity-inclusions__test activity-inclusions__test--include\" data-v-0d17907c=\"\">Var\u0131\u015fta Ekspres VIP Check-in<\/span><\/li>\n<li class=\"activity-inclusions__item activity-inclusions__item--inclusion\" data-v-0d17907c=\"\"><span class=\"activity-inclusions__test activity-inclusions__test--include\" data-v-0d17907c=\"\">60 dakikal\u0131k gidi\u015f d\u00f6n\u00fc\u015f helikopter u\u00e7u\u015fu<\/span><\/li>\n<li class=\"activity-inclusions__item activity-inclusions__item--inclusion\" data-v-0d17907c=\"\"><span class=\"activity-inclusions__test activity-inclusions__test--include\" data-v-0d17907c=\"\">En muhte\u015fem bozulmam\u0131\u015f plajda toplam 1 saat konaklama<\/span><\/li>\n<li class=\"activity-inclusions__item activity-inclusions__item--inclusion\" data-v-0d17907c=\"\"><span class=\"activity-inclusions__test activity-inclusions__test--include\" data-v-0d17907c=\"\">Sahilde alkols\u00fcz i\u00e7ecekler ve su ile metro pikni\u011fi \u00f6\u011fle yeme\u011fi<\/span><\/li>\n<li style=\"font-weight: 400;\"><span style=\"font-weight: 400;\">T\u00fcm vergiler, \u00fccretler ve i\u015flem \u00fccretleri<\/span><\/li>\n<li style=\"font-weight: 400;\"><span style=\"font-weight: 400;\">Yerel vergiler<\/span><\/li>\n<li style=\"font-weight: 400;\"><span style=\"font-weight: 400;\">T\u00fcm aktiviteler<\/span><\/li>\n<li style=\"font-weight: 400;\"><span style=\"font-weight: 400;\">Yerel rehber<\/span><\/li>\n<\/ol>\n<p><b> \u0130stisnalar<\/b><\/p>\n<ol>\n<li style=\"font-weight: 400;\"><span style=\"font-weight: 400;\">Bah\u015fi\u015fler<\/span><\/li>\n<li style=\"font-weight: 400;\"><span style=\"font-weight: 400;\">Aktar<\/span><\/li>\n<li>\u00d6\u011fle yeme\u011fi<\/li>\n<li style=\"font-weight: 400;\"><span style=\"font-weight: 400;\">Alkoll\u00fc i\u00e7ecekler<\/span><\/li>\n<\/ol>\n<p>&nbsp;<\/p>\n<h4><em><strong>Gidi\u015f &amp; D\u00f6n\u00fc\u015f<\/strong><\/em><\/h4>\n<p><span style=\"font-weight: 400;\">Gezgin, Rezervasyon \u0130\u015fleminden sonra bir bulu\u015fma noktas\u0131 alacakt\u0131r. Turlar bulu\u015fma noktalar\u0131m\u0131zda ba\u015flar ve biter.<\/span><\/p>\n<p>&nbsp;<\/p>\n<h2>Punta Cana Helikopteri<\/h2>\n<h4><b><i>Ne bekleyebilece\u011finizi?<\/i><\/b><\/h4>\n<p><em><strong>biletlerinizi al\u0131n<\/strong><\/em> Karayipler&#039;deki En Y\u00fcksek \u015eelaleleri ziyaret etti\u011finiz i\u00e7in.\u00a0 <strong>El Salto la Jalda<\/strong> Punta Cana&#039;dan helikopterle u\u00e7mak.<\/p>\n<p>Cordillera Oriental S\u0131rada\u011flar\u0131&#039;n\u0131n derinliklerinde yer alan ve yemye\u015fil tropikal ya\u011fmur ormanlar\u0131yla \u00e7evrili, Karayipler&#039;deki en y\u00fcksek \u015felale olan Salto La Jalda&#039;y\u0131 bir ku\u015f gibi ke\u015ffedin. Asla unutamayaca\u011f\u0131n\u0131z bir deneyim.<\/p>\n<p>Dominik Cumhuriyeti&#039;nin en y\u00fcksek \u015felalesinin u\u00e7suz bucaks\u0131z vadilerini ve dramatik manzaras\u0131n\u0131 takdir etmenin tek bir yolu var; o da havadan. Unutulmaz bir tatil deneyimi i\u00e7in Salto Jalda Ulusal Park\u0131 \u00fczerinde nefes kesici bir helikopter u\u00e7u\u015fu yap\u0131n.<\/p>\n<p>Macera, otelinizden helikopter pistine g\u00f6t\u00fcr\u00fclmenizle ba\u015flar. Helikoptere binin ve kalk\u0131\u015fa haz\u0131rlan\u0131n. Yak\u0131nda uzak \u00e7iftliklerin, k\u00f6ylerin ve yemye\u015fil ya\u011fmur ormanlar\u0131n\u0131n \u00fczerinden Cordillera Oriental s\u0131rada\u011flar\u0131n\u0131n kuzey yama\u00e7lar\u0131na do\u011fru u\u00e7acaks\u0131n\u0131z. Uzman pilotunuz u\u00e7urumlar\u0131n \u00fczerinden ge\u00e7erken, Salto Jalda&#039;n\u0131n 272 fitlik y\u00fcksekliklerine hayranl\u0131kla bakman\u0131z i\u00e7in her zamankinden daha yak\u0131n olacak.<\/p>\n<p>Ard\u0131ndan, orman g\u00f6lgesinden a\u015fa\u011f\u0131 inerek tenha Playa Esmerelda plaj\u0131na ineceksiniz. Havlunuzu buraya yay\u0131n ve beyaz kumlar\u0131n \u00fczerinde biraz g\u00fcne\u015flenin. Ve d\u00f6n\u00fc\u015f u\u00e7u\u015fu daha fazla trib\u00fcn manzaras\u0131 sunmadan \u00f6nce Karayipler&#039;de bir dal\u0131\u015f i\u00e7in zaman\u0131n\u0131z var.<\/p>\n<p>&nbsp;<\/p>\n<h4><em><strong>Ne getirmelisin?<\/strong><\/em><\/h4>\n<ul>\n<li style=\"font-weight: 400;\"><span style=\"font-weight: 400;\">Kamera<\/span><\/li>\n<li style=\"font-weight: 400;\"><span style=\"font-weight: 400;\">Kovucu tomurcuklar<\/span><\/li>\n<li style=\"font-weight: 400;\"><span style=\"font-weight: 400;\">G\u00fcne\u015f kremi<\/span><\/li>\n<li style=\"font-weight: 400;\"><span style=\"font-weight: 400;\">\u015eapka<\/span><\/li>\n<li style=\"font-weight: 400;\"><span style=\"font-weight: 400;\">rahat pantolon<\/span><\/li>\n<li style=\"font-weight: 400;\"><span style=\"font-weight: 400;\">Orman i\u00e7in y\u00fcr\u00fcy\u00fc\u015f ayakkab\u0131s\u0131<\/span><\/li>\n<li style=\"font-weight: 400;\"><span style=\"font-weight: 400;\">Y\u00fczme giysileri<\/span><\/li>\n<li>Ekstra Matara<\/li>\n<li>\u00d6\u011fle yeme\u011fi veya at\u0131\u015ft\u0131rmal\u0131klar<\/li>\n<\/ul>\n<p>&nbsp;<\/p>\n<h4><b><i>otelden alma <\/i><\/b><\/h4>\n<p><span style=\"font-weight: 400;\">Bu tur i\u00e7in otelden alma hizmeti sunulmaktad\u0131r. <\/span><\/p>\n<p>&nbsp;<\/p>\n<p><b>Not:<\/b><span style=\"font-weight: 400;\"> Tur\/Gezi hareket saatinden sonraki 24 saat i\u00e7inde rezervasyon yapt\u0131r\u0131yorsan\u0131z, ekstra \u00fccret \u00f6demeden otelden alma ayarlayabiliriz. Sat\u0131n alma i\u015fleminiz tamamland\u0131\u011f\u0131nda, teslim alma d\u00fczenlemelerini organize etmesi i\u00e7in size yerel Tur rehberimizin eksiksiz ileti\u015fim bilgilerini (telefon numaras\u0131, e-posta adresi vb.) g\u00f6nderece\u011fiz.<\/span><\/p>\n<h4><b><i>Ek Bilgi Onay\u0131 <\/i><\/b><\/h4>\n<ol>\n<li>Biletler, bu Turu \u00f6dedikten sonra Makbuzdur. \u00d6demeyi telefonunuzda g\u00f6sterebilirsiniz.<\/li>\n<li style=\"font-weight: 400;\"><span style=\"font-weight: 400;\">Bulu\u015fma Noktas\u0131 Rezervasyon \u0130\u015fleminden Sonra Al\u0131nacakt\u0131r.<\/span><\/li>\n<li style=\"font-weight: 400;\"><span style=\"font-weight: 400;\">\u00c7ocuklara bir yeti\u015fkin e\u015flik etmelidir ve minimum ya\u015f 7 ya\u015f\u0131nda \u00e7ocuklard\u0131r.<\/span><\/li>\n<li class=\"activity-important-information__item\" data-v-772d15b6=\"\" data-v-45a03bbc=\"\">Bu tur, kendilerine yard\u0131mc\u0131 olabilecek en az 2 ki\u015fi olmad\u0131k\u00e7a, s\u0131n\u0131rl\u0131 hareket kabiliyetine sahip ki\u015filer i\u00e7in \u00f6nerilmez.<\/li>\n<li class=\"activity-important-information__item\" data-v-772d15b6=\"\" data-v-45a03bbc=\"\">T\u00fcm u\u00e7u\u015flar m\u00fcsaitlik durumuna ve hava ko\u015fullar\u0131na ba\u011fl\u0131d\u0131r<\/li>\n<li class=\"activity-important-information__item\" data-v-772d15b6=\"\" data-v-45a03bbc=\"\">Etkinlik sa\u011flay\u0131c\u0131, tura daha fazla yolcu ekleme hakk\u0131n\u0131 sakl\u0131 tutar.<\/li>\n<li style=\"font-weight: 400;\"><span style=\"font-weight: 400;\"> Tekerlekli sandalye eri\u015fimine uygun de\u011fil <\/span><\/li>\n<li style=\"font-weight: 400;\"><span style=\"font-weight: 400;\">Bu gezi i\u00e7in Bebeklere izin verilmez<\/span><\/li>\n<li style=\"font-weight: 400;\"><span style=\"font-weight: 400;\">S\u0131rt sorunu olan gezginler i\u00e7in \u00f6nerilmez<\/span><\/li>\n<li style=\"font-weight: 400;\"><span style=\"font-weight: 400;\">Hamile gezginler i\u00e7in \u00f6nerilmez <\/span><\/li>\n<li style=\"font-weight: 400;\"><span style=\"font-weight: 400;\"> Kalp problemi veya di\u011fer ciddi t\u0131bbi durumlar yok <\/span><\/li>\n<li style=\"font-weight: 400;\"><span style=\"font-weight: 400;\">\u00c7o\u011fu gezgin kat\u0131labilir<\/span><\/li>\n<\/ol>\n<h4><b><i>\u0130ptal politikas\u0131<\/i><\/b><\/h4>\n<p>Tam para iadesi i\u00e7in l\u00fctfen \u0130ptal politikalar\u0131m\u0131z\u0131 okuyun\u00a0<a href=\"https:\/\/ballenajorobada.com\/tr\/cevrimici-rezervasyon\/\" target=\"_blank\" rel=\"noopener\" data-saferedirecturl=\"https:\/\/www.google.com\/url?q=https:\/\/ballenajorobada.com\/online-booking\/&amp;source=gmail&amp;ust=1672449202351000&amp;usg=AOvVaw1yAeVAPktmaVCqDujgUn90\">Buraya T\u0131kla<\/a>. Seyahatle ayn\u0131 g\u00fcn rezervasyon iptal edilirse para kaybedilecektir.<\/p>\n\n\t\t<\/div>\n\t<\/div>\n<div class=\"vc_btn3-container vc_btn3-inline\" ><a class=\"vc_general vc_btn3 vc_btn3-size-md vc_btn3-shape-rounded vc_btn3-style-modern vc_btn3-color-green\" href=\"https:\/\/bookingadventures.tours\/booking.php?tour_id=cf0c7b2af9d3e7d3c0d0b8017c605e6c\" title=\"\" rel=\"noopener\">REZERVASYON YAP<\/a><\/div><\/div><\/div><\/div><\/div><div class=\"vc_row wpb_row vc_row-fluid\" ><div class=\"wpb_column vc_column_container vc_col-sm-12\"><div class=\"vc_column-inner\"><div class=\"wpb_wrapper\">\n\t<div class=\"wpb_text_column wpb_content_element\" >\n\t\t<div class=\"wpb_wrapper\">\n\t\t\t<h4>Bize Ula\u015f\u0131n?<\/h4>\n<h5><em><strong>Rezervasyon Maceralar\u0131<\/strong><\/em><\/h5>\n<p><em><strong>Yerliler<\/strong> ve <strong>uyruklular<\/strong> Tur Rehberleri ve Misafir Hizmetleri<\/em><\/p>\n<p><span class=\"text-turquoise\">Rezervasyonlar:<\/span> Dom s\u0131n\u0131rlar\u0131ndaki Turlar ve Geziler temsilci<\/p>\n<p><img decoding=\"async\" class=\"emoji\" draggable=\"false\" src=\"https:\/\/s.w.org\/images\/core\/emoji\/11.2.0\/svg\/1f4de.svg\" alt=\"\ud83d\udcde\" title=\"\"> Tel \/ Naber\u00a0 <a href=\"tel:+1-809-720-6035\">+1-809-720-6035<\/a>.<\/p>\n<p><img decoding=\"async\" class=\"emoji\" draggable=\"false\" src=\"https:\/\/s.w.org\/images\/core\/emoji\/11.2.0\/svg\/1f4e9.svg\" alt=\"\ud83d\udce9\" title=\"\"> <a href=\"mailto:info@bookingadventures.com.do\">info@bookingadventures.com.do<\/a><\/p>\n<p><strong>Whatsapp ile Esnek \u00d6zel Turlar Ayarl\u0131yoruz: <a href=\"tel:+18097206035\">+18097206035.<\/a><\/strong><\/p>\n\n\t\t<\/div>\n\t<\/div>\n<\/div><\/div><\/div><\/div><div class=\"vc_row wpb_row vc_row-fluid\" ><div class=\"wpb_column vc_column_container vc_col-sm-12\"><div class=\"vc_column-inner\"><div class=\"wpb_wrapper\"><div class=\"vc_btn3-container vc_btn3-inline\" ><a class=\"vc_general vc_btn3 vc_btn3-size-md vc_btn3-shape-rounded vc_btn3-style-modern vc_btn3-color-green\" href=\"https:\/\/bookingadventures.tours\/booking.php?tour_id=cf0c7b2af9d3e7d3c0d0b8017c605e6c\" title=\"\" rel=\"noopener\">REZERVASYON YAP<\/a><\/div><\/div><\/div><\/div><\/div>\n<\/section>","protected":false},"excerpt":{"rendered":"<p>Karayipler&#039;deki en y\u00fcksek \u015felale olan Salto La Jada \u00fczerinde bir helikopterde u\u00e7arak e\u015fsiz bir deneyimin keyfini \u00e7\u0131kar\u0131n. Punta Cana&#039;n\u0131n el de\u011fmemi\u015f kumsallar\u0131n\u0131 g\u00f6r\u00fcn ve yemye\u015fil bir tropik ya\u011fmur orman\u0131n\u0131n derinliklerinde yer alan bu inan\u0131lmaz g\u00fczelli\u011fin b\u00fcy\u00fcs\u00fcn\u00fc ke\u015ffedin.<\/p>\n<p>&nbsp;<\/p>\n<p><strong>L\u00fctfen Tur i\u00e7in tarih se\u00e7iniz:<\/strong><\/p>","protected":false},"featured_media":14053,"template":"","meta":[],"product_brand":[],"product_cat":[948,170,1044,191,252],"product_tag":[226,635,636,180,637,638,224,225,639,640,227,641,228,175,642,643,644,645],"class_list":{"0":"post-14048","1":"product","2":"type-product","3":"status-publish","4":"has-post-thumbnail","6":"product_cat-1-punta-cana","7":"product_cat-local-tour-guides","8":"product_cat-punta-cana-helicopter","9":"product_cat-swimming-natural-springs","10":"product_cat-waterfalls","11":"product_tag-higthest-waterfall-in-the-caribean","12":"product_tag-hike-la-jalda","13":"product_tag-hike-to-miches-la-jalda-waterfall-waterfalls","14":"product_tag-hiking","15":"product_tag-la-jalda-excursions","16":"product_tag-la-jalda-horses","17":"product_tag-la-jalda-national-park","18":"product_tag-la-jalda-waterfall","19":"product_tag-leaping","20":"product_tag-leaping-jalda","21":"product_tag-magua","22":"product_tag-magua-la-jalda","23":"product_tag-miches","24":"product_tag-sabana-de-la-mar","25":"product_tag-salto-de-la-jalda","26":"product_tag-salto-la-jalda-sabana-de-la-mar","27":"product_tag-salto-la-jalda-tours","28":"product_tag-waterfalls","30":"first","31":"instock","32":"sale","33":"featured","34":"sold-individually","35":"shipping-taxable","36":"product-type-external"},"_links":{"self":[{"href":"https:\/\/ballenajorobada.com\/tr\/wp-json\/wp\/v2\/product\/14048","targetHints":{"allow":["GET"]}}],"collection":[{"href":"https:\/\/ballenajorobada.com\/tr\/wp-json\/wp\/v2\/product"}],"about":[{"href":"https:\/\/ballenajorobada.com\/tr\/wp-json\/wp\/v2\/types\/product"}],"wp:featuredmedia":[{"embeddable":true,"href":"https:\/\/ballenajorobada.com\/tr\/wp-json\/wp\/v2\/media\/14053"}],"wp:attachment":[{"href":"https:\/\/ballenajorobada.com\/tr\/wp-json\/wp\/v2\/media?parent=14048"}],"wp:term":[{"taxonomy":"product_brand","embeddable":true,"href":"https:\/\/ballenajorobada.com\/tr\/wp-json\/wp\/v2\/product_brand?post=14048"},{"taxonomy":"product_cat","embeddable":true,"href":"https:\/\/ballenajorobada.com\/tr\/wp-json\/wp\/v2\/product_cat?post=14048"},{"taxonomy":"product_tag","embeddable":true,"href":"https:\/\/ballenajorobada.com\/tr\/wp-json\/wp\/v2\/product_tag?post=14048"}],"curies":[{"name":"wp","href":"https:\/\/api.w.org\/{rel}","templated":true}]}}