{"id":8264,"date":"2019-03-17T17:07:27","date_gmt":"2019-03-17T17:07:27","guid":{"rendered":"https:\/\/www.ticketswhales.com\/?post_type=product&#038;p=8264"},"modified":"2025-02-02T17:00:47","modified_gmt":"2025-02-02T17:00:47","slug":"el-limon-waterfalls-tour-horse-riding-swimming-lunch","status":"publish","type":"product","link":"https:\/\/ballenajorobada.com\/tr\/Tours-Excursions\/ucretler-entrace\/el-limon-selaleler-tur-binicilik-yuzme-ogle-yemegi","title":{"rendered":"\u00d6zel El Lim\u00f3n \u015eelaleleri (Binicilik ve Y\u00fczme)"},"content":{"rendered":"<section class=\"wpb-content-wrapper\"><div class=\"vc_row wpb_row vc_row-fluid\" ><div class=\"wpb_column vc_column_container vc_col-sm-12\"><div class=\"vc_column-inner\"><div class=\"wpb_wrapper\"><div class=\"mkdf-section-title-holder\" style=\"text-align: left\">\n\t<div class=\"mkdf-st-inner\">\n\t\t\t\t\t<h5 class=\"mkdf-st-subtitle\" >\n\t\t\t\tNormal yolculuk ama \u00d6zel\t\t\t<\/h5>\n\t\t\t\t\t\t\t<h3 class=\"mkdf-st-title\" >\n\t\t\t\tEl Lim\u00f3n \u015felaleleri Turu (binicilik ve y\u00fczme) + \u00f6\u011fle yeme\u011fi\t\t\t<\/h3>\n\t\t\t\t\t<\/div>\n<\/div><\/div><\/div><\/div><\/div><div class=\"vc_row wpb_row vc_row-fluid\" ><div class=\"wpb_column vc_column_container vc_col-sm-12\"><div class=\"vc_column-inner\"><div class=\"wpb_wrapper\"><div class=\"vc_btn3-container vc_btn3-inline\" ><button class=\"vc_general vc_btn3 vc_btn3-size-md vc_btn3-shape-rounded vc_btn3-style-modern vc_btn3-color-green\">REZERVASYON YAP<\/button><\/div>\n\t<div class=\"wpb_text_column wpb_content_element\" >\n\t\t<div class=\"wpb_wrapper\">\n\t\t\t<h4><b><i>genel bak\u0131\u015f <\/i><\/b><\/h4>\n<p>Bu, \u015fu ki\u015fiye \u00f6zel bir turdur: <strong>\u015eelaleler El Limon<\/strong> Ata Binme veya Y\u00fcr\u00fcy\u00fc\u015f ile. Coconuts Palms Canopy alt\u0131nda kakao ve Kahve orman\u0131n\u0131 ziyaret etmek. \u015eelalelere vard\u0131\u011f\u0131n\u0131zda, Yerel Rehberinizle y\u00fczmenize ve zaman\u0131 ayarlaman\u0131za izin verilir. El Lim\u00f3n Toplulu\u011funda Tipik bir \u00d6\u011fle Yeme\u011finin tad\u0131n\u0131 \u00e7\u0131kard\u0131ktan sonra.<\/p>\n<p>Yerlilerle \u00f6\u011frenin ve G\u00fcvenli bir yolculuk yap\u0131n. Biletlerinizi Bug\u00fcn \u0130ndirimden Al\u0131n.<\/p>\n<ul>\n<li style=\"font-weight: 400;\"><span style=\"font-weight: 400;\">\u00d6\u011fle Yeme\u011fi Dahil\u00a0<\/span><\/li>\n<li>At Binme veya Y\u00fcr\u00fcy\u00fc\u015f<\/li>\n<li style=\"font-weight: 400;\"><span style=\"font-weight: 400;\">K\u0131lavuz, talimatlar ve Denetim sa\u011flar<\/span><\/li>\n<li>Milli Park \u00dccretleri<\/li>\n<\/ul>\n<p>&nbsp;<\/p>\n<h4><b>Dahil Edilenler ve Hari\u00e7 Tutulanlar<\/b><\/h4>\n<p>&nbsp;<\/p>\n<p><b>Dahil olanlar<\/b><\/p>\n<ol>\n<li style=\"font-weight: 400;\"><span style=\"font-weight: 400;\">El Lim\u00f3n&#039;da a\u00e7\u0131k b\u00fcfe \u00f6\u011fle yeme\u011fi<\/span><\/li>\n<li style=\"font-weight: 400;\"><span style=\"font-weight: 400;\">Y\u00fcr\u00fcy\u00fc\u015f veya At Binme Turu<\/span><\/li>\n<li style=\"font-weight: 400;\"><span style=\"font-weight: 400;\">T\u00fcm vergiler, \u00fccretler ve i\u015flem \u00fccretleri<\/span><\/li>\n<li style=\"font-weight: 400;\"><span style=\"font-weight: 400;\">Yerel vergiler<\/span><\/li>\n<li style=\"font-weight: 400;\"><span style=\"font-weight: 400;\">\u0130\u00e7ecekler<\/span><\/li>\n<li style=\"font-weight: 400;\"><span style=\"font-weight: 400;\">T\u00fcm aktiviteler<\/span><\/li>\n<li style=\"font-weight: 400;\"><span style=\"font-weight: 400;\">Yerel rehber<\/span><\/li>\n<\/ol>\n<p><b> \u0130stisnalar<\/b><\/p>\n<ol>\n<li style=\"font-weight: 400;\"><span style=\"font-weight: 400;\">Bah\u015fi\u015fler<\/span><\/li>\n<li style=\"font-weight: 400;\"><span style=\"font-weight: 400;\">Aktar<\/span><\/li>\n<li style=\"font-weight: 400;\"><span style=\"font-weight: 400;\">Alkoll\u00fc i\u00e7ecekler<\/span><\/li>\n<li>Sahilde Yemek<\/li>\n<\/ol>\n<p>&nbsp;<\/p>\n<h4><em><strong>Gidi\u015f &amp; D\u00f6n\u00fc\u015f<\/strong><\/em><\/h4>\n<p><span style=\"font-weight: 400;\">Gezgin, Rezervasyon \u0130\u015fleminden sonra bir bulu\u015fma noktas\u0131 alacakt\u0131r. Turlar bulu\u015fma noktalar\u0131m\u0131zda ba\u015flar ve biter.<\/span><\/p>\n<p>&nbsp;<\/p>\n<h4><b><i>Ne bekleyebilece\u011finizi?<\/i><\/b><\/h4>\n<p>&nbsp;<\/p>\n<p><em><strong>biletlerinizi al\u0131n<\/strong><\/em> Saman\u00e1&#039;daki The Waterfalls El Lim\u00f3n ziyareti ve El Lim\u00f3n Restaurant&#039;ta harika bir \u00f6\u011fle yeme\u011fi i\u00e7in.<\/p>\n<p><span style=\"font-weight: 400;\">\u201cBooking Adventures\u201d taraf\u0131ndan d\u00fczenlenen tur, Tur Rehberi ile belirlenen bulu\u015fma noktas\u0131nda ba\u015flar.<\/span><\/p>\n<p>Yerel bir rehber e\u015fli\u011finde El Limon \u015felalelerine en iyi \u00d6zel geziler. Ormanda Lim\u00f3n Nehri&#039;nin kenar\u0131ndan dola\u015fan, Hindistancevizi g\u00f6lgesi palmiye a\u011fa\u00e7lar\u0131n\u0131n alt\u0131ndaki kakao ve Kahve tarlalar\u0131n\u0131 ziyaret eden bir Ata binme gezisi i\u00e7in yer ay\u0131rt\u0131n.<\/p>\n<p>\u0130lk olarak, genellikle \u00e7ok fazla insan\u0131n bulunmad\u0131\u011f\u0131 ve y\u00fczebilece\u011finiz K\u00fc\u00e7\u00fck \u015felalede durun. \u0130sterseniz bir saat veya daha fazla kalaca\u011f\u0131m\u0131z b\u00fcy\u00fck \u015felaleye devam ettikten sonra.<\/p>\n<p>Atlar\u0131, sahilde tipik bir \u00f6\u011fle yeme\u011finin tad\u0131n\u0131 \u00e7\u0131karaca\u011f\u0131m\u0131z restorana geri g\u00f6t\u00fcr\u00fcyoruz. Tostones ve Salata ile k\u0131zarm\u0131\u015f bal\u0131k veya men\u00fcdeki di\u011fer se\u00e7enekleri ek \u00fccret kar\u015f\u0131l\u0131\u011f\u0131nda alabilirsiniz.<\/p>\n<p>El Lim\u00f3n toplulu\u011fundaki Restaurant&#039;ta \u00f6\u011fle yeme\u011fi ve etrafta y\u00fczmek istedi\u011finiz kadar kalabilirsiniz. Vegan iseniz sizin i\u00e7in yemek de haz\u0131rlayabiliriz.<\/p>\n<p>&nbsp;<\/p>\n<h4><em><strong>Ne getirmelisin?<\/strong><\/em><\/h4>\n<ul>\n<li style=\"font-weight: 400;\"><span style=\"font-weight: 400;\">Kamera<\/span><\/li>\n<li style=\"font-weight: 400;\"><span style=\"font-weight: 400;\">Kovucu tomurcuklar<\/span><\/li>\n<li style=\"font-weight: 400;\"><span style=\"font-weight: 400;\">G\u00fcne\u015f kremi<\/span><\/li>\n<li style=\"font-weight: 400;\"><span style=\"font-weight: 400;\">\u015eapka<\/span><\/li>\n<li style=\"font-weight: 400;\"><span style=\"font-weight: 400;\">rahat pantolon<\/span><\/li>\n<li style=\"font-weight: 400;\"><span style=\"font-weight: 400;\">Orman i\u00e7in y\u00fcr\u00fcy\u00fc\u015f ayakkab\u0131s\u0131<\/span><\/li>\n<li style=\"font-weight: 400;\"><span style=\"font-weight: 400;\">Y\u00fczme giysileri<\/span><\/li>\n<\/ul>\n<p>&nbsp;<\/p>\n<h4><b><i>otelden alma <\/i><\/b><\/h4>\n<p><span style=\"font-weight: 400;\">Bu tur i\u00e7in otelden alma hizmeti sunulmamaktad\u0131r. <\/span><\/p>\n<p>&nbsp;<\/p>\n<p><b>Not:<\/b><span style=\"font-weight: 400;\"> tur\/Gezi hareket saatinden sonraki 24 saat i\u00e7inde rezervasyon yap\u0131yorsan\u0131z, ek \u00fccret kar\u015f\u0131l\u0131\u011f\u0131nda otelden alma ayarlayabiliriz. Sat\u0131n alma i\u015fleminiz tamamland\u0131\u011f\u0131nda, teslim alma d\u00fczenlemelerini organize etmesi i\u00e7in size yerel Tur rehberimizin eksiksiz ileti\u015fim bilgilerini (telefon numaras\u0131, e-posta adresi vb.) g\u00f6nderece\u011fiz.<\/span><\/p>\n<h4><b><i>Ek Bilgi Onay\u0131 <\/i><\/b><\/h4>\n<ol>\n<li>Biletler, bu Turu \u00f6dedikten sonra Makbuzdur. \u00d6demeyi telefonunuzda g\u00f6sterebilirsiniz.<\/li>\n<li style=\"font-weight: 400;\"><span style=\"font-weight: 400;\">Bulu\u015fma Noktas\u0131 Rezervasyon \u0130\u015fleminden Sonra Al\u0131nacakt\u0131r.<\/span><\/li>\n<li style=\"font-weight: 400;\"><span style=\"font-weight: 400;\">\u00c7ocuklara bir yeti\u015fkin e\u015flik etmelidir.<\/span><\/li>\n<li style=\"font-weight: 400;\"><span style=\"font-weight: 400;\"> Tekerlekli sandalye eri\u015fimine uygun de\u011fil <\/span><\/li>\n<li style=\"font-weight: 400;\"><span style=\"font-weight: 400;\">Bebekler kuca\u011fa oturmal\u0131 <\/span><\/li>\n<li style=\"font-weight: 400;\"><span style=\"font-weight: 400;\">S\u0131rt sorunu olan gezginler i\u00e7in \u00f6nerilmez<\/span><\/li>\n<li style=\"font-weight: 400;\"><span style=\"font-weight: 400;\">Hamile gezginler i\u00e7in \u00f6nerilmez <\/span><\/li>\n<li style=\"font-weight: 400;\"><span style=\"font-weight: 400;\"> Kalp problemi veya di\u011fer ciddi t\u0131bbi durumlar yok <\/span><\/li>\n<li style=\"font-weight: 400;\"><span style=\"font-weight: 400;\">\u00c7o\u011fu gezgin kat\u0131labilir<\/span><\/li>\n<\/ol>\n<h4><b><i>\u0130ptal politikas\u0131<\/i><\/b><\/h4>\n<p>Tam para iadesi i\u00e7in l\u00fctfen \u0130ptal politikalar\u0131m\u0131z\u0131 okuyun\u00a0<a href=\"https:\/\/www.ticketswhales.com\/online-booking\/\" target=\"_blank\" rel=\"noopener\" data-saferedirecturl=\"https:\/\/www.google.com\/url?q=https:\/\/www.ticketswhales.com\/online-booking\/&amp;source=gmail&amp;ust=1672532492004000&amp;usg=AOvVaw3ylqI1cdbIPTimEqEWneyd\">Buraya T\u0131kla<\/a>. Seyahatle ayn\u0131 g\u00fcn rezervasyon iptal edilirse para kaybedilecektir.<\/p>\n\n\t\t<\/div>\n\t<\/div>\n<\/div><\/div><\/div><\/div><div class=\"vc_row wpb_row vc_row-fluid\" ><div class=\"wpb_column vc_column_container vc_col-sm-12\"><div class=\"vc_column-inner\"><div class=\"wpb_wrapper\"><div class=\"vc_empty_space\"   style=\"height: 32px\"><span class=\"vc_empty_space_inner\"><\/span><\/div>\n\t<div class=\"wpb_text_column wpb_content_element\" >\n\t\t<div class=\"wpb_wrapper\">\n\t\t\t<h4>Bize Ula\u015f\u0131n?<\/h4>\n<h5><em><strong>Rezervasyon Maceralar\u0131<\/strong><\/em><\/h5>\n<p><em><strong>Yerliler<\/strong> ve <strong>uyruklular<\/strong> Tur Rehberleri ve Misafir Hizmetleri<\/em><\/p>\n<p><span class=\"text-turquoise\">Rezervasyonlar:<\/span> Dom s\u0131n\u0131rlar\u0131ndaki Turlar ve Geziler temsilci<\/p>\n<p><img decoding=\"async\" class=\"emoji\" draggable=\"false\" src=\"https:\/\/s.w.org\/images\/core\/emoji\/11.2.0\/svg\/1f4de.svg\" alt=\"\ud83d\udcde\" title=\"\"> Tel \/ Naber\u00a0 <a href=\"tel:+1-809-720-6035\">+1-809-720-6035<\/a>.<\/p>\n<p><img decoding=\"async\" class=\"emoji\" draggable=\"false\" src=\"https:\/\/s.w.org\/images\/core\/emoji\/11.2.0\/svg\/1f4e9.svg\" alt=\"\ud83d\udce9\" title=\"\"> <a href=\"mailto:info@bookingadventures.com.do\">info@bookingadventures.com.do<\/a><\/p>\n<p><strong>Whatsapp ile Esnek \u00d6zel Turlar Ayarl\u0131yoruz: <a href=\"tel:+18097206035\">+18097206035.<\/a><\/strong><\/p>\n\n\t\t<\/div>\n\t<\/div>\n<div class=\"vc_empty_space\"   style=\"height: 32px\"><span class=\"vc_empty_space_inner\"><\/span><\/div><\/div><\/div><\/div><\/div><div class=\"vc_row wpb_row vc_row-fluid\" ><div class=\"wpb_column vc_column_container vc_col-sm-12\"><div class=\"vc_column-inner\"><div class=\"wpb_wrapper\"><div class=\"vc_btn3-container vc_btn3-inline\" ><button class=\"vc_general vc_btn3 vc_btn3-size-md vc_btn3-shape-rounded vc_btn3-style-modern vc_btn3-color-green\">REZERVASYON YAP<\/button><\/div><\/div><\/div><\/div><\/div>\n<\/section>","protected":false},"excerpt":{"rendered":"<p><strong>L\u00fctfen Tur i\u00e7in tarih se\u00e7iniz\u00a0<\/strong><\/p>","protected":false},"featured_media":16819,"template":"","meta":[],"product_brand":[],"product_cat":[255,961,956,159,178,189,160,190,253,254],"product_tag":[183,185,202,201,186,187],"class_list":{"0":"post-8264","1":"product","2":"type-product","3":"status-publish","4":"has-post-thumbnail","6":"product_cat-tours-excursions-samana-bay-dominican-republic","7":"product_cat-el-limon-horseback-riding","8":"product_cat-el-limon-samana","9":"product_cat-fees-entrace","10":"product_cat-hiking","11":"product_cat-horse-riding-to-waterfalls","12":"product_cat-lunch","13":"product_cat-safari-samana","14":"product_cat-tours-and-excursions","15":"product_cat-tours-excursions-los-haitises-national-park","16":"product_tag-beach-time","17":"product_tag-el-limon-waterfalls","18":"product_tag-hiking-el-limon","19":"product_tag-horses-el-limon","20":"product_tag-samana","21":"product_tag-samana-tours","23":"first","24":"instock","25":"sale","26":"sold-individually","27":"shipping-taxable","28":"product-type-external"},"_links":{"self":[{"href":"https:\/\/ballenajorobada.com\/tr\/wp-json\/wp\/v2\/product\/8264","targetHints":{"allow":["GET"]}}],"collection":[{"href":"https:\/\/ballenajorobada.com\/tr\/wp-json\/wp\/v2\/product"}],"about":[{"href":"https:\/\/ballenajorobada.com\/tr\/wp-json\/wp\/v2\/types\/product"}],"wp:featuredmedia":[{"embeddable":true,"href":"https:\/\/ballenajorobada.com\/tr\/wp-json\/wp\/v2\/media\/16819"}],"wp:attachment":[{"href":"https:\/\/ballenajorobada.com\/tr\/wp-json\/wp\/v2\/media?parent=8264"}],"wp:term":[{"taxonomy":"product_brand","embeddable":true,"href":"https:\/\/ballenajorobada.com\/tr\/wp-json\/wp\/v2\/product_brand?post=8264"},{"taxonomy":"product_cat","embeddable":true,"href":"https:\/\/ballenajorobada.com\/tr\/wp-json\/wp\/v2\/product_cat?post=8264"},{"taxonomy":"product_tag","embeddable":true,"href":"https:\/\/ballenajorobada.com\/tr\/wp-json\/wp\/v2\/product_tag?post=8264"}],"curies":[{"name":"wp","href":"https:\/\/api.w.org\/{rel}","templated":true}]}}