{"id":9218,"date":"2019-07-18T11:24:01","date_gmt":"2019-07-18T11:24:01","guid":{"rendered":"https:\/\/www.ticketswhales.com\/?post_type=product&#038;p=9218"},"modified":"2025-02-02T17:08:40","modified_gmt":"2025-02-02T17:08:40","slug":"samana-cayo-levantado-bacardi-island-and-whale-watching-from-miches-in-catamaran","status":"publish","type":"product","link":"https:\/\/ballenajorobada.com\/ur\/Tours-Excursions\/tours-excursions-samana-bay-dominican-republic\/samana-cayo-levantado-bacardi-\u062c\u0632\u06cc\u0631\u06c1-\u0627\u0648\u0631-\u0648\u06c1\u06cc\u0644-\u0645\u0686\u06be\u0644\u06cc\u0648\u06ba-\u0633\u06d2-\u06a9\u06cc\u0679\u0627\u0645\u0627-2","title":{"rendered":"Saman\u00e1 Cayo Levantado (Bacardi \u062c\u0632\u06cc\u0631\u06c1) \u0627\u0648\u0631 Catamaran \u0645\u06cc\u06ba Miches \u0633\u06d2 \u0648\u06c1\u06cc\u0644 \u062f\u06cc\u06a9\u06be\u062a\u06d2 \u06c1\u0648\u0626\u06d2"},"content":{"rendered":"<section class=\"wpb-content-wrapper\"><div class=\"vc_row wpb_row vc_row-fluid\" ><div class=\"wpb_column vc_column_container vc_col-sm-12\"><div class=\"vc_column-inner\"><div class=\"wpb_wrapper\">\n\t<div class=\"wpb_text_column wpb_content_element\" >\n\t\t<div class=\"wpb_wrapper\">\n\t\t\t<p><span style=\"vertical-align: inherit;\"><span style=\"vertical-align: inherit;\"><\/p>\n\n\t\t<\/div>\n\t<\/div>\n<\/div><\/div><\/div><\/div><div class=\"vc_row wpb_row vc_row-fluid\" ><\/div><div class=\"wpb_column vc_column_container vc_col-sm-12\"><div class=\"vc_column-inner\"><div class=\"wpb_wrapper\"><\/div><\/div><\/div><div class=\"vc_row wpb_row vc_row-fluid\" ><\/div><div class=\"wpb_column vc_column_container vc_col-sm-12\"><div class=\"vc_column-inner\"><div class=\"wpb_wrapper\"><div class=\"vc_btn3-container vc_btn3-inline\" ><button class=\"vc_general vc_btn3 vc_btn3-size-md vc_btn3-shape-rounded vc_btn3-style-modern vc_btn3-color-green\">\u0627\u0628\u06be\u06cc \u0628\u06a9 \u06a9\u0631\u06cc\u06ba\u06d4<\/button><\/div><\/div><\/div><\/div><div class=\"mkdf-section-title-holder\" style=\"text-align: left\">\n\t<div class=\"mkdf-st-inner\">\n\t\t\t\t\t\t\t<h3 class=\"mkdf-st-title\" >\n\t\t\t\tCayo Levantado + Avistamiento de ballenas de Miches en catamaran\t\t\t<\/h3>\n\t\t\t\t\t<\/div>\n<\/div><div class=\"vc_empty_space\"   style=\"height: 32px\"><span class=\"vc_empty_space_inner\"><\/span><\/div>\n\t<div class=\"wpb_text_column wpb_content_element\" >\n\t\t<div class=\"wpb_wrapper\">\n\t\t\t<p>\u00a0<\/span><\/span><\/p>\n<div class=\"vc_empty_space\"><\/div>\n<div class=\"wpb_text_column wpb_content_element\">\n<div class=\"wpb_wrapper\">\n<div class=\"vc_row wpb_row vc_row-fluid\">\n<div class=\"wpb_column vc_column_container vc_col-sm-12\">\n<div class=\"vc_column-inner\">\n<div class=\"wpb_wrapper\">\n<div class=\"wpb_text_column wpb_content_element\">\n<div class=\"wpb_wrapper\">\n<div class=\"vc_row wpb_row vc_row-fluid\">\n<div class=\"wpb_column vc_column_container vc_col-sm-12\">\n<div class=\"vc_column-inner\">\n<div class=\"wpb_wrapper\">\n<div class=\"wpb_text_column wpb_content_element\">\n<div class=\"wpb_wrapper\">\n<h4><a id=\"overview\" class=\"aal_anchor\" href=\"https:\/\/boattoursamana.com\/tour\/samana-cayo-levantado-bacardi-island-and-whale-watching-from-miches-in-catamaran\/#overview\" aria-hidden=\"true\" rel=\"noopener\"><\/a><b><i>\u062c\u0627\u0626\u0632\u06c1<\/i><\/b><\/h4>\n<p>\u06a9\u06cc\u0679\u0627\u0645\u0627\u0631\u0627\u0646 \u0645\u06cc\u06ba Miches \u067e\u0648\u0631\u0679 \u0633\u06d2 \u0634\u0631\u0648\u0639 \u06c1\u0648\u0646\u06d2 \u0648\u0627\u0644\u06cc Saman\u00e1 \u062e\u0644\u06cc\u062c \u0645\u06cc\u06ba \u0648\u06c1\u06cc\u0644 \u062f\u06cc\u06a9\u06be \u0631\u06c1\u06cc \u06c1\u06d2\u06d4 \u06cc\u06c1 \u0633\u0641\u0631 \u0635\u0628\u062d 9:00 \u0628\u062c\u06d2 \u0634\u0631\u0648\u0639 \u06c1\u0648\u062a\u0627 \u06c1\u06d2 \u0627\u0648\u0631 \u0634\u0627\u0645 5:00 \u0628\u062c\u06d2 \u062e\u062a\u0645 \u06c1\u0648\u062a\u0627 \u06c1\u06d2\u06d4 Miches \u0645\u06cc\u06ba \u06c1\u0645\u0627\u0631\u06cc \u0628\u0646\u062f\u0631\u06af\u0627\u06c1 \u0645\u06cc\u06ba \u0627\u0633 \u0633\u06d2 \u067e\u06c1\u0644\u06d2 \u0645\u0644\u0627\u0642\u0627\u062a\u06d4 \u0627\u067e\u0646\u06cc \u06a9\u06cc\u0679\u0627\u0645\u0627\u0631\u0627\u0646 \u06cc\u0627 \u06a9\u0634\u062a\u06cc \u06a9\u0648 \u062e\u062a\u0645 \u06a9\u0631\u0646\u06d2 \u06a9\u06d2 \u0628\u0639\u062f \u0648\u06c1\u06cc\u0644 \u06a9\u0648 \u0627\u0646 \u06a9\u06d2 \u0627\u067e\u0646\u06d2 \u0645\u0633\u06a9\u0646 \u0645\u06cc\u06ba \u062f\u06cc\u06a9\u06be\u0646\u06d2 \u06a9\u06d2 \u0644\u06cc\u06d2\u06d4<\/p>\n<p>\u0635\u0628\u062d 9:00 \u0628\u062c\u06d2 \u0633\u06d2 \u062f\u0648\u067e\u06c1\u0631 12:00 \u0628\u062c\u06d2 \u062a\u06a9 \u0648\u06c1\u06cc\u0644 \u062f\u06cc\u06a9\u06be\u0646\u06d2 \u0648\u0627\u0644\u06cc \u0631\u0635\u062f \u06af\u0627\u06c1 \u0627\u0648\u0631 \u0627\u0633 \u0648\u06c1\u06cc\u0644 \u06a9\u06d2 \u0633\u0641\u0631 \u06a9\u06d2 \u0628\u0639\u062f \u06c1\u0645 \u0628\u06a9\u0627\u0631\u0688\u06cc \u062c\u0632\u06cc\u0631\u06c1 \/ \u06a9\u06cc\u0648 \u0644\u06cc\u0648\u0646\u0679\u0627\u0688\u0648 \u062c\u0627\u0626\u06cc\u06ba \u06af\u06d2\u06d4 \u0628\u06a9\u0627\u0631\u0688\u06cc \u062c\u0632\u06cc\u0631\u06d2 \u0645\u06cc\u06ba\u060c \u0639\u0627\u0645 \u0688\u0648\u0645\u06cc\u0646\u06cc\u06a9\u0646 \u0627\u0646\u062f\u0627\u0632 \u0633\u06d2 \u0644\u0646\u0686 \u0628\u0648\u0641\u06d2 \u0641\u0631\u0627\u06c1\u0645 \u06a9\u06cc\u0627 \u062c\u0627\u0626\u06d2 \u06af\u0627\u06d4 \u062f\u0648\u067e\u06c1\u0631 \u06a9\u0627 \u06a9\u06be\u0627\u0646\u0627 \u062e\u062a\u0645 \u06c1\u0648\u0646\u06d2 \u067e\u0631 \u0622\u067e \u06a9\u0648 4:30 \u0628\u062c\u06d2 \u062a\u06a9 \u062a\u06cc\u0631\u0646\u06d2 \u06a9\u06cc \u0627\u062c\u0627\u0632\u062a \u06c1\u06d2\u06d4 \u0679\u0648\u0631 \u0634\u0627\u0645 5:00 \u0628\u062c\u06d2 \u0627\u0633\u06cc \u0628\u0646\u062f\u0631\u06af\u0627\u06c1 \u067e\u0631 \u062e\u062a\u0645 \u06c1\u0648\u06af\u0627 \u062c\u06c1\u0627\u06ba \u0633\u06d2 \u06cc\u06c1 \u0634\u0631\u0648\u0639 \u06c1\u0648\u06af\u0627\u06d4<\/p>\n<p>\u0646\u0648\u0679: \u06cc\u06c1 \u062f\u0648\u0631\u06c1 \u0646\u062c\u06cc \u0646\u06c1\u06cc\u06ba \u06c1\u06d2\u06d4<strong>\u00a0\u067e\u0631\u0627\u0626\u06cc\u0648\u06cc\u0679 \u0679\u0648\u0631 \u06a9\u06d2 \u0644\u06cc\u06d2 \u06c1\u0645 \u0633\u06d2 \u0631\u0627\u0628\u0637\u06c1 \u06a9\u0631\u06cc\u06ba\u06d4<\/strong><\/p>\n<ul>\n<li>\u0648\u06c1\u06cc\u0644 \u062f\u06cc\u06a9\u06be\u0646\u06d2 \u06a9\u0627 \u0633\u0641\u0631<\/li>\n<li>\u0622\u0628\u0632\u0631\u0648\u06cc\u0679\u0631\u06cc \u0645\u06cc\u06ba \u062f\u0627\u062e\u0644\u06c1 \u0641\u06cc\u0633<\/li>\n<li>\u0633\u0627\u062d\u0644 \u0633\u0645\u0646\u062f\u0631 \u067e\u0631 \u0628\u0648\u0641\u06d2 \u0644\u0646\u0686 \u067e\u0631 \u0645\u0634\u062a\u0645\u0644 \u06c1\u06d2\u06d4<\/li>\n<li>\u06a9\u0634\u062a\u06cc \u06a9\u06cc \u0645\u0646\u062a\u0642\u0644\u06cc<\/li>\n<li>\u06a9\u067e\u062a\u0627\u0646 \u06c1\u062f\u0627\u06cc\u0627\u062a \u0627\u0648\u0631 \u0646\u06af\u0631\u0627\u0646\u06cc \u0641\u0631\u0627\u06c1\u0645 \u06a9\u0631\u062a\u0627 \u06c1\u06d2\u06d4<\/li>\n<li>\u0679\u0648\u0631 \u06af\u0627\u0626\u06cc\u0688<\/li>\n<\/ul>\n<p>&nbsp;<\/p>\n<h4><a id=\"inclusions-exclusions\" class=\"aal_anchor\" href=\"https:\/\/boattoursamana.com\/tour\/samana-cayo-levantado-bacardi-island-and-whale-watching-from-miches-in-catamaran\/#inclusions-exclusions\" aria-hidden=\"true\" rel=\"noopener\"><\/a><b>\u0634\u0645\u0648\u0644\u06cc\u062a \u0627\u0648\u0631 \u0627\u062e\u0631\u0627\u062c<\/b><\/h4>\n<p>&nbsp;<\/p>\n<p><b>\u0634\u0645\u0648\u0644\u06cc\u062a<\/b><\/p>\n<p>&nbsp;<\/p>\n<ol>\n<li>\u0633\u0627\u062d\u0644 \u0633\u0645\u0646\u062f\u0631 \u067e\u0631 \u0628\u0648\u0641\u06d2 \u0644\u0646\u0686<\/li>\n<li>\u0648\u06c1\u06cc\u0644 \u062f\u06cc\u06a9\u06be \u0631\u06c1\u06cc \u06c1\u06d2\u06d4<\/li>\n<li>\u0679\u0648\u0631 \u06af\u0627\u0626\u06cc\u0688<\/li>\n<li>\u06a9\u06cc\u0679\u0627\u0645\u0627\u0631\u0627\u0646 \u06cc\u0627 \u06a9\u0634\u062a\u06cc \u06a9\u0627 \u0633\u0641\u0631<\/li>\n<li>\u062a\u0645\u0627\u0645 \u0679\u06cc\u06a9\u0633\u060c \u0641\u06cc\u0633 \u0627\u0648\u0631 \u06c1\u06cc\u0646\u0688\u0644\u0646\u06af \u0686\u0627\u0631\u062c\u0632<\/li>\n<li>\u0645\u0642\u0627\u0645\u06cc \u0679\u06cc\u06a9\u0633<\/li>\n<li>\u0645\u0634\u0631\u0648\u0628\u0627\u062a<\/li>\n<li>\u0634\u0631\u0627\u0628<\/li>\n<\/ol>\n<p><b>\u0627\u062e\u0631\u0627\u062c\u0627\u062a<\/b><\/p>\n<ol>\n<li>\u06af\u0631\u06cc\u062c\u0648\u06cc\u0679\u06cc\u0632<\/li>\n<li>\u06a9\u0627\u0631 \u0645\u0646\u062a\u0642\u0644 \u06a9\u0631\u06cc\u06ba\u06d4<\/li>\n<\/ol>\n<p>&nbsp;<\/p>\n<h4><a id=\"departure-return\" class=\"aal_anchor\" href=\"https:\/\/boattoursamana.com\/tour\/samana-cayo-levantado-bacardi-island-and-whale-watching-from-miches-in-catamaran\/#departure-return\" aria-hidden=\"true\" rel=\"noopener\"><\/a><em><strong>\u0631\u0648\u0627\u0646\u06af\u06cc \u0627\u0648\u0631 \u0648\u0627\u067e\u0633\u06cc\u06d4<\/strong><\/em><\/h4>\n<p>\u0631\u06cc\u0632\u0631\u0648\u06cc\u0634\u0646 \u06a9\u06d2 \u0639\u0645\u0644 \u06a9\u06d2 \u0628\u0639\u062f \u0645\u0633\u0627\u0641\u0631 \u06a9\u0648 \u0645\u06cc\u0679\u0646\u06af \u067e\u0648\u0627\u0626\u0646\u0679 \u0645\u0644\u06d2 \u06af\u0627\u06d4 \u062f\u0648\u0631\u06d2 \u06c1\u0645\u0627\u0631\u06d2 \u0645\u06cc\u0679\u0646\u06af \u067e\u0648\u0627\u0626\u0646\u0679\u0633 \u0645\u06cc\u06ba \u0634\u0631\u0648\u0639 \u0627\u0648\u0631 \u062e\u062a\u0645 \u06c1\u0648\u062a\u06d2 \u06c1\u06cc\u06ba\u06d4<\/p>\n<p>&nbsp;<\/p>\n<h4><a id=\"what-to-expect\" class=\"aal_anchor\" href=\"https:\/\/boattoursamana.com\/tour\/samana-cayo-levantado-bacardi-island-and-whale-watching-from-miches-in-catamaran\/#what-to-expect\" aria-hidden=\"true\" rel=\"noopener\"><\/a><b><i>\u06a9\u06cc\u0627 \u062a\u0648\u0642\u0639 \u06a9\u06cc \u062c\u0627\u0626\u06d2\u061f<\/i><\/b><\/h4>\n<p>&nbsp;<\/p>\n<p><em><strong>\u0627\u067e\u0646\u06d2 \u0679\u06a9\u0679 \u062d\u0627\u0635\u0644 \u06a9\u0631\u06cc\u06ba\u06d4<\/strong><\/em>\u00a0\u0627\u06cc\u06a9 \u062f\u0646 \u06a9\u06d2 \u0644\u06cc\u06d2 \u0633\u0645\u0627\u0646\u0627 \u0628\u06d2 \u0645\u06cc\u06ba \u0648\u06c1\u06cc\u0644 \u062f\u06cc\u06a9\u06be\u0646\u06d2 \u06a9\u0627 \u0679\u0648\u0631 \u062c\u0648 \u06a9\u06cc\u0679\u0627\u0645\u0627\u0631\u0627\u0646 \u0645\u06cc\u06ba Miches \u0633\u06d2 \u0645\u0642\u0627\u0645\u06cc \u0645\u0634\u0631\u0648\u0628\u0627\u062a \u06a9\u06d2 \u0639\u0644\u0627\u0648\u06c1 \u0627\u06cc\u06a9 \u0634\u0627\u0646\u062f\u0627\u0631 \u0644\u0646\u0686 \u0627\u0648\u0631 \u0633\u0627\u062d\u0644 \u0633\u0645\u0646\u062f\u0631 \u06a9\u06d2 \u0648\u0642\u062a \u06a9\u06d2 \u0633\u0627\u062a\u06be \u0634\u0631\u0648\u0639 \u06c1\u0648\u062a\u0627 \u06c1\u06d2\u06d4<\/p>\n<p>\u0648\u06c1\u06cc\u0644 \u062f\u06cc\u06a9\u06be\u0646\u06d2 \u06a9\u06d2 \u062f\u0648\u0631\u0648\u06ba \u06a9\u0627 \u0627\u06c1\u062a\u0645\u0627\u0645 &quot;\u0628\u06a9\u0646\u06af \u0627\u06cc\u0688\u0648\u0646\u0686\u0631\u0632&quot; \u06a9\u06d2 \u0630\u0631\u06cc\u0639\u06d2 \u06a9\u06cc\u0627 \u062c\u0627\u062a\u0627 \u06c1\u06d2 \u062c\u0633 \u06a9\u0627 \u0622\u063a\u0627\u0632 \u0679\u0648\u0631 \u06af\u0627\u0626\u06cc\u0688 \u06a9\u06d2 \u0633\u0627\u062a\u06be \u0645\u06cc\u0679\u0646\u06af \u067e\u0648\u0627\u0626\u0646\u0679 \u0633\u06d2 \u06c1\u0648\u062a\u0627 \u06c1\u06d2\u06d4 \u0633\u0627\u062d\u0644 \u0633\u0645\u0646\u062f\u0631 \u067e\u0631 \u062f\u0648\u067e\u06c1\u0631 \u06a9\u0627 \u06a9\u06be\u0627\u0646\u0627 \u06a9\u06be\u0627\u0626\u06cc\u06ba \u0627\u0648\u0631 \u062c\u0628 \u062a\u06a9 \u0622\u067e \u062a\u06cc\u0631\u0627\u06a9\u06cc \u06a9\u0631\u0646\u0627 \u0686\u0627\u06c1\u062a\u06d2 \u06c1\u0648 \u0648\u06c1\u0627\u06ba \u0631\u06c1 \u0633\u06a9\u062a\u06d2 \u06c1\u06cc\u06ba\u06d4 \u0627\u06af\u0631 \u0622\u067e \u0648\u06cc\u06af\u0646 \u06c1\u06cc\u06ba \u062a\u0648 \u06c1\u0645 \u0622\u067e \u06a9\u06d2 \u0644\u06cc\u06d2 \u06a9\u0686\u06be \u06a9\u06be\u0627\u0646\u0627 \u0628\u06be\u06cc \u062a\u0631\u062a\u06cc\u0628 \u062f\u06d2 \u0633\u06a9\u062a\u06d2 \u06c1\u06cc\u06ba\u06d4<\/p>\n<p><strong>\u0646\u0638\u0627\u0645 \u0627\u0644\u0627\u0648\u0642\u0627\u062a:<\/strong><\/p>\n<p>\u0635\u0628\u062d 8:45 \u0633\u06d2 \u0634\u0627\u0645 5:00 \u0628\u062c\u06d2 \u062a\u06a9<\/p>\n<p>&nbsp;<\/p>\n<h4><a id=\"what-you-should-bring\" class=\"aal_anchor\" href=\"https:\/\/boattoursamana.com\/tour\/samana-cayo-levantado-bacardi-island-and-whale-watching-from-miches-in-catamaran\/#what-you-should-bring\" aria-hidden=\"true\" rel=\"noopener\"><\/a><em><strong>\u0622\u067e \u06a9\u0648 \u06a9\u06cc\u0627 \u0644\u0627\u0646\u0627 \u0686\u0627\u06c1\u0626\u06d2\u061f<\/strong><\/em><\/h4>\n<ul>\n<li>\u06a9\u06cc\u0645\u0631\u06c1<\/li>\n<li>\u0627\u062e\u062a\u0631\u0634\u06a9 \u06a9\u0644\u06cc\u0627\u06ba<\/li>\n<li>\u0633\u0646 \u06a9\u0631\u06cc\u0645<\/li>\n<li>\u0679\u0648\u067e\u06cc<\/li>\n<li>\u0622\u0631\u0627\u0645 \u062f\u06c1 \u067e\u062a\u0644\u0648\u0646<\/li>\n<li>\u0633\u0627\u062d\u0644 \u0633\u0645\u0646\u062f\u0631 \u067e\u0631 \u0633\u06cc\u0646\u0688\u0644<\/li>\n<li>\u062a\u06cc\u0631\u0627\u06a9\u06cc \u06a9\u0627 \u0644\u0628\u0627\u0633<\/li>\n<li>\u062a\u062d\u0627\u0626\u0641 \u06a9\u06d2 \u0644\u06cc\u06d2 \u0646\u0642\u062f \u0631\u0642\u0645<\/li>\n<\/ul>\n<p>&nbsp;<\/p>\n<h4><a id=\"hotel-pickup\" class=\"aal_anchor\" href=\"https:\/\/boattoursamana.com\/tour\/samana-cayo-levantado-bacardi-island-and-whale-watching-from-miches-in-catamaran\/#hotel-pickup\" aria-hidden=\"true\" rel=\"noopener\"><\/a><b><i>\u06c1\u0648\u0679\u0644 \u067e\u06a9 \u0627\u067e<\/i><\/b><\/h4>\n<p>\u0627\u0633 \u062f\u0648\u0631\u06d2 \u06a9\u06d2 \u0644\u06cc\u06d2 \u06c1\u0648\u0679\u0644 \u067e\u06a9 \u0627\u067e \u06a9\u06cc \u067e\u06cc\u0634\u06a9\u0634 \u0646\u06c1\u06cc\u06ba \u06a9\u06cc \u062c\u0627\u062a\u06cc \u06c1\u06d2\u06d4<\/p>\n<p>&nbsp;<\/p>\n<p><b>\u0646\u0648\u0679:<\/b>\u00a0\u0627\u06af\u0631 \u0622\u067e \u0679\u0648\u0631\/ \u0633\u06cc\u0631 \u06a9\u06d2 \u0631\u0648\u0627\u0646\u06af\u06cc \u06a9\u06d2 \u0648\u0642\u062a \u06a9\u06d2 24 \u06af\u06be\u0646\u0679\u0648\u06ba \u06a9\u06d2 \u0627\u0646\u062f\u0631 \u0628\u06a9\u0646\u06af \u06a9\u0631 \u0631\u06c1\u06d2 \u06c1\u06cc\u06ba\u060c \u062a\u0648 \u06c1\u0645 \u0627\u0636\u0627\u0641\u06cc \u0686\u0627\u0631\u062c\u0632 \u06a9\u06d2 \u0633\u0627\u062a\u06be \u06c1\u0648\u0679\u0644 \u067e\u06a9 \u0627\u067e \u06a9\u0627 \u0627\u0646\u062a\u0638\u0627\u0645 \u06a9\u0631 \u0633\u06a9\u062a\u06d2 \u06c1\u06cc\u06ba\u06d4 \u0622\u067e \u06a9\u06cc \u062e\u0631\u06cc\u062f\u0627\u0631\u06cc \u0645\u06a9\u0645\u0644 \u06c1\u0648\u0646\u06d2 \u06a9\u06d2 \u0628\u0639\u062f\u060c \u06c1\u0645 \u0622\u067e \u06a9\u0648 \u067e\u06a9 \u0627\u067e \u06a9\u06d2 \u0627\u0646\u062a\u0638\u0627\u0645\u0627\u062a \u06a9\u0648 \u0645\u0646\u0638\u0645 \u06a9\u0631\u0646\u06d2 \u06a9\u06d2 \u0644\u06cc\u06d2 \u0627\u067e\u0646\u06d2 \u0645\u0642\u0627\u0645\u06cc \u0679\u0648\u0631 \u06af\u0627\u0626\u06cc\u0688 \u06a9\u06d2 \u0644\u06cc\u06d2 \u0645\u06a9\u0645\u0644 \u0631\u0627\u0628\u0637\u06c1 \u0645\u0639\u0644\u0648\u0645\u0627\u062a (\u0641\u0648\u0646 \u0646\u0645\u0628\u0631\u060c \u0627\u06cc \u0645\u06cc\u0644 \u067e\u062a\u06c1 \u0648\u063a\u06cc\u0631\u06c1) \u0628\u06be\u06cc\u062c\u06cc\u06ba \u06af\u06d2\u06d4<\/p>\n<h4><a id=\"additional-info-confirmation\" class=\"aal_anchor\" href=\"https:\/\/boattoursamana.com\/tour\/samana-cayo-levantado-bacardi-island-and-whale-watching-from-miches-in-catamaran\/#additional-info-confirmation\" aria-hidden=\"true\" rel=\"noopener\"><\/a><b><i>\u0627\u0636\u0627\u0641\u06cc \u0645\u0639\u0644\u0648\u0645\u0627\u062a \u06a9\u06cc \u062a\u0635\u062f\u06cc\u0642<\/i><\/b><\/h4>\n<ol>\n<li>\u0679\u06a9\u0679 \u0627\u0633 \u0679\u0648\u0631 \u06a9\u06cc \u0627\u062f\u0627\u0626\u06cc\u06af\u06cc \u06a9\u06d2 \u0628\u0639\u062f \u06a9\u06cc \u0631\u0633\u06cc\u062f \u06c1\u06cc\u06ba\u06d4 \u0622\u067e \u0627\u067e\u0646\u06d2 \u0641\u0648\u0646 \u067e\u0631 \u0627\u062f\u0627\u0626\u06cc\u06af\u06cc \u062f\u06a9\u06be\u0627 \u0633\u06a9\u062a\u06d2 \u06c1\u06cc\u06ba\u06d4<\/li>\n<li>\u0631\u06cc\u0632\u0631\u0648\u06cc\u0634\u0646 \u06a9\u06d2 \u0639\u0645\u0644 \u06a9\u06d2 \u0628\u0639\u062f \u0645\u06cc\u0679\u0646\u06af \u067e\u0648\u0627\u0626\u0646\u0679 \u0645\u0648\u0635\u0648\u0644 \u06c1\u0648\u06af\u0627\u06d4<\/li>\n<li>\u0628\u0686\u0648\u06ba \u06a9\u06d2 \u0633\u0627\u062a\u06be \u0627\u06cc\u06a9 \u0628\u0627\u0644\u063a \u06a9\u0627 \u06c1\u0648\u0646\u0627 \u0636\u0631\u0648\u0631\u06cc \u06c1\u06d2\u06d4<\/li>\n<li>\u0648\u06c1\u06cc\u0644 \u0686\u06cc\u0626\u0631 \u0642\u0627\u0628\u0644 \u0631\u0633\u0627\u0626\u06cc<\/li>\n<li>\u0634\u06cc\u0631 \u062e\u0648\u0627\u0631 \u0628\u0686\u0648\u06ba \u06a9\u0648 \u06af\u0648\u062f \u0645\u06cc\u06ba \u0628\u06cc\u0679\u06be\u0646\u0627 \u0686\u0627\u06c1\u06cc\u06d2\u06d4<\/li>\n<li>\u0632\u06cc\u0627\u062f\u06c1 \u062a\u0631 \u0645\u0633\u0627\u0641\u0631 \u0634\u0631\u06a9\u062a \u06a9\u0631 \u0633\u06a9\u062a\u06d2 \u06c1\u06cc\u06ba\u06d4<\/li>\n<\/ol>\n<h4><a id=\"cancellation-policy\" class=\"aal_anchor\" href=\"https:\/\/boattoursamana.com\/tour\/samana-cayo-levantado-bacardi-island-and-whale-watching-from-miches-in-catamaran\/#cancellation-policy\" aria-hidden=\"true\" rel=\"noopener\"><\/a><b><i>\u0645\u0646\u0633\u0648\u062e \u06a9\u0631\u0646\u06d2 \u06a9\u06cc \u062d\u06a9\u0645\u062a \u0639\u0645\u0644\u06cc<\/i><\/b><\/h4>\n<p>\u0645\u06a9\u0645\u0644 \u0631\u0642\u0645 \u06a9\u06cc \u0648\u0627\u067e\u0633\u06cc \u06a9\u06d2 \u0644\u06cc\u06d2\u060c \u062a\u062c\u0631\u0628\u06d2 \u06a9\u06d2 \u0622\u063a\u0627\u0632 \u06a9\u06cc \u062a\u0627\u0631\u06cc\u062e \u0633\u06d2 \u06a9\u0645 \u0627\u0632 \u06a9\u0645 24 \u06af\u06be\u0646\u0679\u06d2 \u067e\u06c1\u0644\u06d2 \u0645\u0646\u0633\u0648\u062e \u06a9\u0631 \u062f\u06cc\u06ba\u06d4<\/p>\n<\/div>\n<\/div>\n<\/div>\n<\/div>\n<\/div>\n<\/div>\n<\/div>\n<\/div>\n<\/div>\n<\/div>\n<\/div>\n<\/div>\n<div class=\"vc_row wpb_row vc_row-fluid\">\n<div class=\"wpb_column vc_column_container vc_col-sm-12\">\n<div class=\"vc_column-inner\">\n<div class=\"wpb_wrapper\">\n<div class=\"vc_empty_space\"><\/div>\n<div class=\"wpb_text_column wpb_content_element\">\n<div class=\"wpb_wrapper\">\n<h4><a id=\"contact-us\" class=\"aal_anchor\" href=\"https:\/\/boattoursamana.com\/tour\/samana-cayo-levantado-bacardi-island-and-whale-watching-from-miches-in-catamaran\/#contact-us\" aria-hidden=\"true\" rel=\"noopener\"><\/a>\u06c1\u0645 \u0633\u06d2 \u0631\u0627\u0628\u0637\u06c1 \u06a9\u0631\u06cc\u06ba\u061f<\/h4>\n<h5><\/h5>\n<p><em><strong>\u0645\u0642\u0627\u0645\u06cc \u0644\u0648\u06af<\/strong>\u00a0\u0627\u0648\u0631\u00a0<strong>\u0634\u06c1\u0631\u06cc<\/strong>\u00a0\u0679\u0648\u0631 \u06af\u0627\u0626\u06cc\u0688\u0632 \u0627\u0648\u0631 \u0645\u06c1\u0645\u0627\u0646\u0648\u06ba \u06a9\u06cc \u062e\u062f\u0645\u0627\u062a<\/em><\/p>\n<p><span class=\"text-turquoise\">\u062a\u062d\u0641\u0638\u0627\u062a:<\/span>\u00a0\u0688\u0648\u0645 \u0645\u06cc\u06ba \u0679\u0648\u0631 \u0627\u0648\u0631 \u0633\u06cc\u0631\u06d4 \u0646\u0645\u0627\u0626\u0646\u062f\u06c1.<\/p>\n<p><img decoding=\"async\" class=\"emoji\" title=\"Saman\u00e1 Cayo Levantado (Bacardi \u062c\u0632\u06cc\u0631\u06c1) \u0627\u0648\u0631 Catamaran \u0645\u06cc\u06ba Miches \u0633\u06d2 \u0648\u06c1\u06cc\u0644 \u062f\u06cc\u06a9\u06be\u062a\u06d2 \u06c1\u0648\u0626\u06d2\" draggable=\"false\" src=\"https:\/\/s.w.org\/images\/core\/emoji\/11.2.0\/svg\/1f4de.svg\" alt=\"\ud83d\udcde\" \/> \u0679\u06cc\u0644\u06cc \u0641\u0648\u0646 \/ \u0648\u0627\u0679\u0633 \u0627\u06cc\u067e <strong><a href=\"tel:+1 (829) 318-9463\">+1 (829) 318-9463.<\/a><\/strong><\/p>\n<p><img decoding=\"async\" class=\"emoji\" title=\"Saman\u00e1 Cayo Levantado (Bacardi \u062c\u0632\u06cc\u0631\u06c1) \u0627\u0648\u0631 Catamaran \u0645\u06cc\u06ba Miches \u0633\u06d2 \u0648\u06c1\u06cc\u0644 \u062f\u06cc\u06a9\u06be\u062a\u06d2 \u06c1\u0648\u0626\u06d2\" draggable=\"false\" src=\"https:\/\/s.w.org\/images\/core\/emoji\/11.2.0\/svg\/1f4e9.svg\" alt=\"\ud83d\udce9\" \/>\u00a0<a href=\"mailto:reservabatour@gmail.com\">reservabatour@gmail.com<\/a><\/p>\n<p><strong>\u06c1\u0645 \u0648\u0627\u0679\u0633 \u0627\u06cc\u067e \u06a9\u06d2 \u0630\u0631\u06cc\u0639\u06d2 \u067e\u0631\u0627\u0626\u06cc\u0648\u06cc\u0679 \u0679\u0648\u0631\u0632 \u06a9\u0648 \u0644\u0686\u06a9\u062f\u0627\u0631 \u062a\u0631\u062a\u06cc\u0628 \u062f\u06d2 \u0631\u06c1\u06d2 \u06c1\u06cc\u06ba:\u00a0<a href=\"tel:+1 (829) 318-9463\">+1 (829) 318-9463.<\/a><\/strong><\/p>\n<\/div>\n<\/div>\n<\/div>\n<\/div>\n<\/div>\n<\/div>\n<\/div>\n<\/div>\n\n\t\t<\/div>\n\t<\/div>\n<div class=\"vc_row wpb_row vc_row-fluid\" ><div class=\"wpb_column vc_column_container vc_col-sm-12\"><div class=\"vc_column-inner\"><div class=\"wpb_wrapper\"><div class=\"vc_btn3-container vc_btn3-inline\" ><a class=\"vc_general vc_btn3 vc_btn3-size-md vc_btn3-shape-rounded vc_btn3-style-modern vc_btn3-color-green\" href=\"https:\/\/bookingadventures.tours\/booking.php?slug=Miches_Catamaran_Whale_watching__Cayo_Levantado\" title=\"\" rel=\"noopener\">\u0627\u0628\u06be\u06cc \u0628\u06a9 \u06a9\u0631\u06cc\u06ba\u06d4<\/a><\/div><\/div><\/div><\/div><\/div>\n<\/section>","protected":false},"excerpt":{"rendered":"<p><span style=\"vertical-align: inherit;\"><span style=\"vertical-align: inherit;\">\u0648\u06c1\u06cc\u0644 Miches \u0679\u0648\u0631 \u0627\u0648\u0631 \u0633\u06cc\u0631. <\/span><span style=\"vertical-align: inherit;\">\u0631\u06cc\u0632\u0631\u0648 sus boletos para el avistamiento de ballenas en la Bah\u00eda de Saman\u00e1\u060c comenzando desde Miches y visitando Cayo Levantado\u060c tambi\u00e9n conocida como Isla Bacard\u00ed para una aventura con pase de un d\u00eda.<\/span><\/span><\/p>\n<p>&nbsp;<\/p>\n<p><em><strong><span style=\"vertical-align: inherit;\"><span style=\"vertical-align: inherit;\">Seleccione la fecha de la excursi\u00f3n:<\/span><\/span><\/strong><\/em><\/p>","protected":false},"featured_media":17009,"template":"","meta":[],"product_brand":[],"product_cat":[255,937],"product_tag":[393,375,342,392,391,276,274,322,394,390],"class_list":{"0":"post-9218","1":"product","2":"type-product","3":"status-publish","4":"has-post-thumbnail","6":"product_cat-tours-excursions-samana-bay-dominican-republic","7":"product_cat-whale-watching-miches","8":"product_tag-miches-whale-watching","9":"product_tag-samana-dominican-republic","10":"product_tag-samana-whale-watching","11":"product_tag-samana-whale-watching-price","12":"product_tag-things-to-do-in-dominican-republic","13":"product_tag-whale-samana","14":"product_tag-whale-watching-dominican-republic","15":"product_tag-whale-watching-miches","16":"product_tag-whale-watching-miches-dominican-republic","17":"product_tag-when-to-see-whales-dominican-republic","19":"first","20":"instock","21":"sale","22":"shipping-taxable","23":"product-type-external"},"_links":{"self":[{"href":"https:\/\/ballenajorobada.com\/ur\/wp-json\/wp\/v2\/product\/9218","targetHints":{"allow":["GET"]}}],"collection":[{"href":"https:\/\/ballenajorobada.com\/ur\/wp-json\/wp\/v2\/product"}],"about":[{"href":"https:\/\/ballenajorobada.com\/ur\/wp-json\/wp\/v2\/types\/product"}],"wp:featuredmedia":[{"embeddable":true,"href":"https:\/\/ballenajorobada.com\/ur\/wp-json\/wp\/v2\/media\/17009"}],"wp:attachment":[{"href":"https:\/\/ballenajorobada.com\/ur\/wp-json\/wp\/v2\/media?parent=9218"}],"wp:term":[{"taxonomy":"product_brand","embeddable":true,"href":"https:\/\/ballenajorobada.com\/ur\/wp-json\/wp\/v2\/product_brand?post=9218"},{"taxonomy":"product_cat","embeddable":true,"href":"https:\/\/ballenajorobada.com\/ur\/wp-json\/wp\/v2\/product_cat?post=9218"},{"taxonomy":"product_tag","embeddable":true,"href":"https:\/\/ballenajorobada.com\/ur\/wp-json\/wp\/v2\/product_tag?post=9218"}],"curies":[{"name":"wp","href":"https:\/\/api.w.org\/{rel}","templated":true}]}}