{"id":14404,"date":"2022-11-28T13:38:56","date_gmt":"2022-11-28T13:38:56","guid":{"rendered":"https:\/\/www.ticketswhales.com\/?page_id=14404"},"modified":"2025-01-24T14:19:58","modified_gmt":"2025-01-24T14:19:58","slug":"dominican-republic-tour-excursion","status":"publish","type":"page","link":"https:\/\/ballenajorobada.com\/vi\/dominican-republic-tour-excursion","title":{"rendered":"Du l\u1ecbch C\u1ed9ng h\u00f2a Dominica"},"content":{"rendered":"<p>Discover unforgettable travel experiencesTour &#038; Excursions of low prices around the Dominican Republic.<a href=\"https:\/\/wa.me\/+18293189463\" rel=\"noopener\">Whatsapp<\/a>Open TicketFlexible Option for Travellers<a href=\"https:\/\/www.tourwhales.com\/open-flexible-ticket-online\/travel\/\" rel=\"noopener\">\u0110\u1ecdc th\u00eam<\/a>Taino&#8217;s Adventure<a href=\"https:\/\/www.tourwhales.com\/tainos-canoe-adventure\/\" rel=\"noopener\">\u0110\u1ecdc th\u00eam<\/a>The Adventure AwaitsLow Cost Group Tours and Private ExcursionsYou Can Relax and EnjoyAll the Logistics are Done by UsWhale Watching ExperienceSeason 2023<a href=\"https:\/\/www.tourwhales.com\/whale-watching-experiences\/\" rel=\"noopener\">\u0110\u1ecdc th\u00eam<\/a><br \/>\n\t\t\t\t\t\t\t\t\t\t\t\t\t\tPrevious<br \/>\n\t\t\t\t\t\t\t\t\t\t\t\t\t\tNext<br \/>\n\t\t\t<svg xmlns=\"http:\/\/www.w3.org\/2000\/svg\" width=\"64\" height=\"64\" viewbox=\"0 0 64 64\" fill=\"none\"><path fill-rule=\"evenodd\" clip-rule=\"evenodd\" d=\"M37.1342 2.73392C39.447 3.921 41.5694 5.42824 43.4426 7.19746L45.5025 5.01649C43.4255 3.05475 41.0712 1.38257 38.504 0.0649414L37.1342 2.73392ZM45.4929 9.3553C47.1679 11.3207 48.5693 13.5254 49.6387 15.9103L52.3761 14.6829C51.1888 12.035 49.6337 9.5889 47.7762 7.4094L45.4929 9.3553ZM50.6958 18.6576C51.4808 21.0824 51.9367 23.6566 52.01 26.3285L55.0089 26.2463C54.9277 23.2849 54.4221 20.4274 53.55 17.7336L50.6958 18.6576ZM51.9361 29.2592C51.728 31.9185 51.14 34.4697 50.2267 36.8595L53.029 37.9305C54.0435 35.276 54.6962 32.4431 54.927 29.4932L51.9361 29.2592ZM24.6579 47.7504C36.067 47.7504 45.3158 38.5015 45.3158 27.0925C45.3158 15.6834 36.067 6.43457 24.6579 6.43457C13.2489 6.43457 4 15.6834 4 27.0925C4 38.5015 13.2489 47.7504 24.6579 47.7504ZM24.6579 50.7504C30.651 50.7504 36.1236 48.522 40.2923 44.8485L43.4806 48.0369L40.5571 51.0213L52.1495 62.3771C54.3896 64.5715 57.9845 64.5344 60.1788 62.2943C62.3732 60.0542 62.3362 56.4594 60.0961 54.265L48.5037 42.9092L45.5801 45.8937L42.4136 42.7272C46.0873 38.5585 48.3158 33.0857 48.3158 27.0925C48.3158 14.0266 37.7238 3.43457 24.6579 3.43457C11.592 3.43457 1 14.0266 1 27.0925C1 40.1584 11.592 50.7504 24.6579 50.7504ZM38.6917 27.0933C38.6917 34.8439 32.4086 41.127 24.658 41.127C16.9074 41.127 10.6243 34.8439 10.6243 27.0933C10.6243 19.3427 16.9074 13.0596 24.658 13.0596C32.4086 13.0596 38.6917 19.3427 38.6917 27.0933ZM41.6917 27.0933C41.6917 36.5007 34.0654 44.127 24.658 44.127C15.2505 44.127 7.62427 36.5007 7.62427 27.0933C7.62427 17.6858 15.2505 10.0596 24.658 10.0596C34.0654 10.0596 41.6917 17.6858 41.6917 27.0933ZM23.935 24.7273C25.051 25.3614 26.17 26.2679 27.0235 27.5289C27.8771 26.2679 28.996 25.3614 30.1121 24.7273C28.996 24.0931 27.8771 23.1867 27.0235 21.9256C26.17 23.1867 25.051 24.0931 23.935 24.7273ZM25.5235 16.6836H28.5235C28.5235 19.7224 30.0779 21.2884 31.6938 22.1746C32.5289 22.6325 33.3793 22.9013 34.0307 23.0544C34.3533 23.1302 34.6189 23.1757 34.7982 23.2018C34.8877 23.2148 34.955 23.2229 34.9965 23.2275C35.0172 23.2297 35.0314 23.2311 35.0386 23.2318L35.0401 23.232C35.0399 23.232 35.0398 23.2319 35.0388 23.2435V26.211C35.0398 26.2226 35.0399 26.2226 35.0401 26.2226L35.0386 26.2228C35.0314 26.2234 35.0172 26.2248 34.9965 26.2271C34.955 26.2317 34.8877 26.2397 34.7982 26.2527C34.6189 26.2788 34.3533 26.3244 34.0307 26.4002C33.3793 26.5533 32.5289 26.8221 31.6938 27.28C30.0779 28.1661 28.5235 29.7322 28.5235 32.771H25.5235C25.5235 29.7322 23.9692 28.1661 22.3532 27.28C21.5182 26.8221 20.6677 26.5533 20.0163 26.4002C19.6937 26.3244 19.4282 26.2788 19.2488 26.2527C19.1594 26.2397 19.0921 26.2317 19.0506 26.2271C19.0299 26.2248 19.0157 26.2234 19.0084 26.2228L19.007 26.2226C19.0071 26.2226 19.0072 26.2226 19.0083 26.211V23.2435L19.0072 23.2329C19.0071 23.232 19.0071 23.232 19.007 23.232L19.0084 23.2318C19.0157 23.2311 19.0299 23.2297 19.0506 23.2275C19.0921 23.2229 19.1594 23.2148 19.2488 23.2018C19.4282 23.1757 19.6937 23.1302 20.0163 23.0544C20.6677 22.9013 21.5182 22.6325 22.3532 22.1746C23.9692 21.2884 25.5235 19.7224 25.5235 16.6836ZM54.2488 60.234L44.7995 50.9776L48.5474 47.1516L57.9967 56.4081C59.0532 57.443 59.0707 59.1385 58.0358 60.195C57.0008 61.2515 55.3054 61.269 54.2488 60.234Z\" fill=\"#FF5533\"><\/path><\/svg>\t\t\t<\/p>\n<h3>T\u00ecm tr\u1ea3i nghi\u1ec7m \u0111\u00edch th\u1ef1c<\/h3>\n<p>H\u00e3y theo \u0111u\u1ed5i s\u1ef1 t\u00f2 m\u00f2 c\u1ee7a b\u1ea1n, c\u1ea3m nh\u1eadn ni\u1ec1m vui t\u1eeb nh\u1eefng kh\u00e1m ph\u00e1 th\u1ef1c s\u1ef1 v\u00e0 kh\u00e1m ph\u00e1 th\u00eam v\u1ec1 C\u1ed9ng h\u00f2a Dominica.<\/p>\n<p>\t\t\t<svg xmlns=\"http:\/\/www.w3.org\/2000\/svg\" width=\"64\" height=\"64\" viewbox=\"0 0 64 64\" fill=\"none\"><path fill-rule=\"evenodd\" clip-rule=\"evenodd\" d=\"M50 9V12H47V9H23V12H20V9H10V16H60V9H50ZM50 6H63V43.5C63 48.7467 58.7467 53 53.5 53H16.5C11.2533 53 7 48.7467 7 43.5V6H20V1H23V6H47V1H50V6ZM60 19H10V43.5C10 47.0899 12.9101 50 16.5 50H53.5C57.0899 50 60 47.0899 60 43.5V19ZM35.0607 25.5608L28.6214 32H38.5C42.6421 32 46 35.3579 46 39.5V42H43V39.5C43 37.0147 40.9853 35 38.5 35H28.6212L35.0607 41.4395L32.9393 43.5608L22.8787 33.5001L32.9393 23.4395L35.0607 25.5608ZM0 35V27H3V35H0ZM0 43.5V38H3V43.5C3 44.732 3.15004 45.912 3.4311 47.0248L0.522425 47.7594C0.179933 46.4033 0 44.9764 0 43.5ZM8.17915 57.8537C5.65713 56.4259 3.58144 54.3517 2.15193 51.8308L4.76154 50.351C5.92315 52.3994 7.60772 54.0828 9.65714 55.2431L8.17915 57.8537ZM16.5 60C15.0285 60 13.6063 59.8213 12.2543 59.481L12.9864 56.5717C14.096 56.851 15.2722 57 16.5 57H22V60H16.5ZM33 60H25V57H33V60ZM44 60H36V57H44V60ZM55 60H47V57H55V60Z\" fill=\"#FF5533\"><\/path><\/svg>\t\t\t<\/p>\n<h3>\u0110\u1eb7t ch\u1ed7 linh ho\u1ea1t<\/h3>\n<p>\u0110\u01b0\u1ee3c h\u1ee7y mi\u1ec5n ph\u00ed, l\u00ean k\u1ebf ho\u1ea1ch khi \u0111ang di chuy\u1ec3n v\u00e0 \u0111\u1eb7t ph\u00f2ng v\u00e0o ph\u00fat cu\u1ed1i. Kh\u00e1m ph\u00e1 c\u00e1c chuy\u1ebfn tham quan m\u1edbi tr\u00ean con \u0111\u01b0\u1eddng c\u1ee7a b\u1ea1n.<\/p>\n<p>\t\t\t<svg xmlns=\"http:\/\/www.w3.org\/2000\/svg\" width=\"64\" height=\"64\" viewbox=\"0 0 64 64\" fill=\"none\"><path fill-rule=\"evenodd\" clip-rule=\"evenodd\" d=\"M26 14C26 15.505 25.4278 17.3497 24.3211 19.4268C23.2323 21.4703 21.7439 23.5211 20.1953 25.3794C18.6818 27.1955 17.1601 28.7694 15.9999 29.903C14.8397 28.7694 13.318 27.1956 11.8046 25.3795C10.256 23.5211 8.76759 21.4703 7.67889 19.4269C6.57223 17.3497 6 15.505 6 14C6 8.57098 10.4936 4 15.9998 4C21.5062 4 26 8.57108 26 14ZM29 14C29 22.8 15.9998 34 15.9998 34C15.9998 34 3 22.8 3 14C3 6.93075 8.82014 1 15.9998 1C23.1795 1 29 6.93075 29 14ZM18 14C18 15.1046 17.1046 16 16 16C14.8954 16 14 15.1046 14 14C14 12.8954 14.8954 12 16 12C17.1046 12 18 12.8954 18 14ZM21 14C21 16.7614 18.7614 19 16 19C13.2386 19 11 16.7614 11 14C11 11.2386 13.2386 9 16 9C18.7614 9 21 11.2386 21 14ZM50 38C51.1046 38 52 37.1046 52 36C52 34.8954 51.1046 34 50 34C48.8954 34 48 34.8954 48 36C48 37.1046 48.8954 38 50 38ZM50 41C52.7614 41 55 38.7614 55 36C55 33.2386 52.7614 31 50 31C47.2386 31 45 33.2386 45 36C45 38.7614 47.2386 41 50 41ZM60 36C60 37.505 59.4278 39.3497 58.3211 41.4268C57.2323 43.4703 55.7439 45.5211 54.1953 47.3794C52.6818 49.1955 51.1601 50.7694 49.9999 51.903C48.8397 50.7694 47.318 49.1956 45.8046 47.3795C44.256 45.5211 42.7676 43.4703 41.6789 41.4269C40.5722 39.3497 40 37.505 40 36C40 30.571 44.4936 26 49.9998 26C55.5062 26 60 30.5711 60 36ZM63 36C63 44.8 49.9998 56 49.9998 56C49.9998 56 37 44.8 37 36C37 28.9308 42.8201 23 49.9998 23C57.1795 23 63 28.9308 63 36ZM18 50.5C18 51.6046 17.1046 52.5 16 52.5C14.8954 52.5 14 51.6046 14 50.5C14 49.3954 14.8954 48.5 16 48.5C17.1046 48.5 18 49.3954 18 50.5ZM16 63.5C17.1046 63.5 18 62.6046 18 61.5C18 60.3954 17.1046 59.5 16 59.5C14.8954 59.5 14 60.3954 14 61.5C14 62.6046 14.8954 63.5 16 63.5ZM39 61.5C39 62.6046 38.1046 63.5 37 63.5C35.8954 63.5 35 62.6046 35 61.5C35 60.3954 35.8954 59.5 37 59.5C38.1046 59.5 39 60.3954 39 61.5ZM25 38H14V41H25C27.2091 41 29 42.7909 29 45C29 47.2091 27.2091 49 25 49H21V52H25C28.866 52 32 48.866 32 45C32 41.134 28.866 38 25 38ZM4 56C4 53.7909 5.79086 52 8 52H11V49H8C4.13401 49 1 52.134 1 56C1 59.866 4.13401 63 8 63H11V60H8C5.79086 60 4 58.2091 4 56ZM32 60H21V63H32V60ZM52 60H42V63H52V60Z\" fill=\"#FF5533\"><\/path><\/svg>\t\t\t<\/p>\n<h3>Kh\u00e1m ph\u00e1 c\u00e1c kh\u1ea3 n\u0103ng<br \/>\n<\/h3>\n<p>T\u1eadn h\u01b0\u1edfng c\u00e1c \u0111\u1ec1 xu\u1ea5t v\u00e0 h\u00e0nh tr\u00ecnh \u0111\u01b0\u1ee3c c\u00e1 nh\u00e2n h\u00f3a v\u1edbi h\u01a1n 60.000 chuy\u1ebfn tham quan c\u00f3 h\u01b0\u1edbng d\u1eabn, c\u00e1c \u0111i\u1ec3m tham quan mang t\u00ednh bi\u1ec3u t\u01b0\u1ee3ng, v.v.<\/p>\n<h1>Ballena Jorobada Tour &amp; Excursion<\/h1>\n<h3>Tr\u1ea3i nghi\u1ec7m y\u00eau th\u00edch c\u1ee7a ch\u00fang t\u00f4i C\u1ed9ng h\u00f2a Dominica<\/h3>\n<p>\t\t\t\t\t\t\t\t\t\t\t\t<img decoding=\"async\" width=\"1024\" height=\"587\" src=\"https:\/\/ballenajorobada.com\/wp-content\/uploads\/2023\/10\/home-2-slider-image-1-1024x587-1.webp\" alt=\"ch\u00e8o thuy\u1ec1n kayak\" loading=\"lazy\" srcset=\"https:\/\/ballenajorobada.com\/wp-content\/uploads\/2023\/10\/home-2-slider-image-1-1024x587-1.webp 1024w, https:\/\/ballenajorobada.com\/wp-content\/uploads\/2023\/10\/home-2-slider-image-1-1024x587-1-768x440.webp 768w, https:\/\/ballenajorobada.com\/wp-content\/uploads\/2023\/10\/home-2-slider-image-1-1024x587-1-300x172.webp 300w, https:\/\/ballenajorobada.com\/wp-content\/uploads\/2023\/10\/home-2-slider-image-1-1024x587-1-64x37.webp 64w\" sizes=\"auto, (max-width: 1024px) 100vw, 1024px\" title=\"\">\t\t\t\t\t\t\t\t\t\t\t\t\t\t<\/p>\n<h3>H\u00e0nh tr\u00ecnh du l\u1ecbch c\u1ee7a b\u1ea1n b\u1eaft \u0111\u1ea7u t\u1eeb \u0111\u00e2y<\/h3>\n<p>\u0110\u0103ng k\u00fd ngay b\u00e2y gi\u1edd \u0111\u1ec3 nh\u1eadn c\u00e1c m\u1eb9o du l\u1ecbch, h\u00e0nh tr\u00ecnh \u0111\u01b0\u1ee3c c\u00e1 nh\u00e2n h\u00f3a v\u00e0 ngu\u1ed3n c\u1ea3m h\u1ee9ng cho k\u1ef3 ngh\u1ec9 ngay trong h\u1ed9p th\u01b0 \u0111\u1ebfn c\u1ee7a b\u1ea1n.<\/p>","protected":false},"excerpt":{"rendered":"<p>Discover unforgettable travel experiencesTour &#038; Excursions of low prices around the Dominican Republic.WhatsappOpen TicketFlexible Option for TravellersRead MoreTaino&#8217;s AdventureRead MoreThe Adventure AwaitsLow Cost Group Tours and Private ExcursionsYou Can Relax and EnjoyAll the Logistics are Done by UsWhale Watching ExperienceSeason 2023Read More Previous Next Find authentic experiences Follow your curiosity, feel the joy of real discoveries, and explore more of Dominican Republic. Book with flexibility Get free cancellation, plan on the go, and book last minute. Discover new Tours on [&hellip;]<\/p>","protected":false},"author":8,"featured_media":0,"parent":0,"menu_order":0,"comment_status":"closed","ping_status":"closed","template":"elementor_header_footer","meta":{"footnotes":""},"class_list":["post-14404","page","type-page","status-publish","hentry"],"_links":{"self":[{"href":"https:\/\/ballenajorobada.com\/vi\/wp-json\/wp\/v2\/pages\/14404","targetHints":{"allow":["GET"]}}],"collection":[{"href":"https:\/\/ballenajorobada.com\/vi\/wp-json\/wp\/v2\/pages"}],"about":[{"href":"https:\/\/ballenajorobada.com\/vi\/wp-json\/wp\/v2\/types\/page"}],"author":[{"embeddable":true,"href":"https:\/\/ballenajorobada.com\/vi\/wp-json\/wp\/v2\/users\/8"}],"replies":[{"embeddable":true,"href":"https:\/\/ballenajorobada.com\/vi\/wp-json\/wp\/v2\/comments?post=14404"}],"version-history":[{"count":7,"href":"https:\/\/ballenajorobada.com\/vi\/wp-json\/wp\/v2\/pages\/14404\/revisions"}],"predecessor-version":[{"id":16735,"href":"https:\/\/ballenajorobada.com\/vi\/wp-json\/wp\/v2\/pages\/14404\/revisions\/16735"}],"wp:attachment":[{"href":"https:\/\/ballenajorobada.com\/vi\/wp-json\/wp\/v2\/media?parent=14404"}],"curies":[{"name":"wp","href":"https:\/\/api.w.org\/{rel}","templated":true}]}}