{"id":15879,"date":"2023-07-15T07:45:29","date_gmt":"2023-07-15T07:45:29","guid":{"rendered":"https:\/\/www.ticketswhales.com\/punta-cana-los-haitises-national-park-yanigua-waterfalls-montana-redonda\/"},"modified":"2023-07-15T07:45:29","modified_gmt":"2023-07-15T07:45:29","slug":"punta-cana-los-haitises-national-park-yanigua-waterfalls-montana-redonda","status":"publish","type":"page","link":"https:\/\/ballenajorobada.com\/vi\/punta-cana-los-haitises-cong-vien-quoc-gia-yanigua-thac-nuoc-montana-redonda-2","title":{"rendered":"Punta Cana: C\u00f4ng vi\u00ean Qu\u1ed1c gia Los Haitises, Th\u00e1c Yanigua &amp; Montana Redonda"},"content":{"rendered":"<section class=\"wpb-content-wrapper\"><p>Chuy\u1ebfn tham quan t\u1eeb Punta Cana: C\u00f4ng vi\u00ean qu\u1ed1c gia Los Haitises, Th\u00e1c n\u01b0\u1edbc Yanigua &amp; Montana Redonda. Bao g\u1ed3m B\u1eefa tr\u01b0a v\u00e0 Ph\u01b0\u01a1ng ti\u1ec7n di chuy\u1ec3n \u0111\u1ec3 tham quan 3 hang \u0111\u1ed9ng ch\u00ednh, kh\u00e1m ph\u00e1 2 h\u1ec7 sinh th\u00e1i r\u1eebng ng\u1eadp m\u1eb7n kh\u00e1c nhau, quang c\u1ea3nh v\u00e0 H\u1ed3 Simming.<br \/>\nN<br \/>\nChuy\u1ebfn \u0111i c\u1ea3 ng\u00e0y \u0111\u1ebfn C\u00f4ng vi\u00ean qu\u1ed1c gia Los Haitises v\u1edbi h\u01b0\u1edbng d\u1eabn vi\u00ean du l\u1ecbch \u0111\u1ecba ph\u01b0\u01a1ng. Tham quan c\u00e1c Cays \u1edf C\u00f4ng vi\u00ean Qu\u1ed1c gia Los Haitises, R\u1eebng ng\u1eadp m\u1eb7n, Th\u1ea3m th\u1ef1c v\u1eadt, Chim, Hang \u0111\u1ed9ng, Ch\u1eef t\u01b0\u1ee3ng h\u00ecnh v\u00e0 c\u00e1c khu v\u1ef1c l\u1ecbch s\u1eed c\u1ee7a Sabana de la Mar trong C\u00f4ng vi\u00ean Qu\u1ed1c gia Los Haitises. Khung c\u1ea3nh tuy\u1ec7t v\u1eddi \u1edf Montana Redonda v\u00e0 B\u1eefa tr\u01b0a c\u1ed9ng v\u1edbi B\u1ec3 b\u01a1i \u1edf th\u00e1c n\u01b0\u1edbc Yanigua.<br \/>\nN<br \/>\nN&Nbsp;<br \/>\nN<br \/>\nN<strong>Vui l\u00f2ng ch\u1ecdn ng\u00e0y cho Tour:\u00a0<\/strong><\/p>\n<p>&nbsp;<\/p>\n<div class=\"vc_row wpb_row vc_row-fluid\" ><div class=\"wpb_column vc_column_container vc_col-sm-12\"><div class=\"vc_column-inner\"><div class=\"wpb_wrapper\"><div class=\"mkdf-section-title-holder\" style=\"text-align: left\">\n\t<div class=\"mkdf-st-inner\">\n\t\t\t\t\t<h5 class=\"mkdf-st-subtitle\" >\n\t\t\t\tBao g\u1ed3m ph\u01b0\u01a1ng ti\u1ec7n di chuy\u1ec3n &amp; b\u1eefa tr\u01b0a\t\t\t<\/h5>\n\t\t\t\t\t\t\t<h3 class=\"mkdf-st-title\" >\n\t\t\t\tPunta Cana: C\u00f4ng vi\u00ean Qu\u1ed1c gia Los Haitises, Th\u00e1c Yanigua &amp; Montana Redonda\t\t\t<\/h3>\n\t\t\t\t\t<\/div>\n<\/div><\/div><\/div><\/div><\/div><div class=\"vc_row wpb_row vc_row-fluid\" ><div class=\"wpb_column vc_column_container vc_col-sm-12\"><div class=\"vc_column-inner\"><div class=\"wpb_wrapper\">\n\t<div class=\"wpb_text_column wpb_content_element\" >\n\t\t<div class=\"wpb_wrapper\">\n\t\t\t<p>\nN<\/p>\n<h3>Punta Cana: C\u00f4ng vi\u00ean Qu\u1ed1c gia Los Haitises, Th\u00e1c Yanigua &amp; Montana Redonda<\/h3>\n<p>N<\/p>\n<h4><b><i>T\u1ed5ng quan <\/i><\/b><\/h4>\n<p>Tham quan C\u00f4ng vi\u00ean Qu\u1ed1c gia Los Haitises t\u1eeb Chuy\u1ebfn \u0111i trong ng\u00e0y \u1edf Punta Cana. B\u1eaft \u0111\u1ea7u t\u1eeb kh\u00e1ch s\u1ea1n c\u1ee7a b\u1ea1n t\u1ea1i Punta Cana ho\u1eb7c Bavaro. Ch\u00fang t\u00f4i s\u1ebd l\u00e1i xe v\u1edbi h\u01b0\u1edbng d\u1eabn vi\u00ean c\u1ee7a ch\u00fang t\u00f4i \u0111\u1ebfn Montana Redonda. N\u01a1i b\u1ea1n c\u00f3 th\u1eddi gian \u0111\u1ec3 ch\u1ee5p nh\u1eefng b\u1ee9c \u1ea3nh tuy\u1ec7t v\u1eddi t\u1eeb m\u1ed9t trong nh\u1eefng khung c\u1ea3nh \u1ea5n t\u01b0\u1ee3ng nh\u1ea5t \u1edf C\u1ed9ng h\u00f2a Dominica. Sau \u0111i\u1ec3m d\u1eebng \u0111\u1ea7u ti\u00ean n\u00e0y, ch\u00fang t\u00f4i ti\u1ebfp t\u1ee5c tham quan C\u00f4ng vi\u00ean qu\u1ed1c gia Los Haitises, m\u1ed9t s\u1ed1 m\u00f3n \u0103n nh\u1eb9 v\u00e0 \u0111\u1ed3 u\u1ed1ng \u0111\u1eb7c tr\u01b0ng trong khi ch\u00fang t\u00f4i \u0111i v\u00f2ng quanh r\u1eebng ng\u1eadp m\u1eb7n, hang \u0111\u1ed9ng v\u00e0 c\u00e1c \u0111\u1ea3o \u0111\u00e1 n\u1ed5i ti\u1ebfng nh\u01b0 trong C\u00f4ng vi\u00ean k\u1ef7 Jura. Sau khi tham quan V\u01b0\u1eddn qu\u1ed1c gia Los Haitises B\u1eefa tr\u01b0a \u0111ang \u0111\u1ee3i ch\u00fang t\u00f4i \u1edf Ca\u00f1o Hondo. Sau b\u1eefa tr\u01b0a \u0111\u1ecba ph\u01b0\u01a1ng v\u00e0 \u1ea9m th\u1ef1c \u0111\u1ecba ph\u01b0\u01a1ng, b\u1ea1n ph\u1ea3i c\u00f3 th\u1eddi gian \u0111\u1ec3 b\u01a1i trong h\u1ed3 n\u01b0\u1edbc t\u1ef1 nhi\u00ean \u0111\u1ed9c \u0111\u00e1o \u0111\u1ebfn t\u1eeb C\u00f4ng vi\u00ean qu\u1ed1c gia Los Haitises.<br \/>\nN<br \/>\nnSau tr\u1ea3i nghi\u1ec7m n\u00e0y, b\u1ea1n s\u1ebd quay l\u1ea1i C\u1ed9ng \u0111\u1ed3ng Punta Cana t\u1eeb n\u01a1i ch\u00fang t\u00f4i \u0111\u00f3n b\u1ea1n.<br \/>\nN<\/p>\n<ul>\nN \t<\/p>\n<li style=\"font-weight: 400;\">\u0110\u00e3 bao g\u1ed3m ph\u00ed<\/li>\n<p>N \t<\/p>\n<li>B\u1eefa tr\u01b0a<\/li>\n<p>N \t<\/p>\n<li>\u0110\u1ed3 \u0103n nh\u1eb9<\/li>\n<p>N \t<\/p>\n<li style=\"font-weight: 400;\">H\u01b0\u1edbng d\u1eabn vi\u00ean \u0111\u1ecba ph\u01b0\u01a1ng b\u1eb1ng ti\u1ebfng Anh ho\u1eb7c ti\u1ebfng Ph\u00e1p<\/li>\n<p>N \t<\/p>\n<li>V\u1eadn chuy\u1ec3n<\/li>\n<p>N \t<\/p>\n<li>\u0110i thuy\u1ec1n<\/li>\n<p>N \t<\/p>\n<li>Montana Redonda<\/li>\n<p>N \t<\/p>\n<li>th\u00e1c Yanigua<\/li>\n<p>N<\/ul>\n<p>N&Nbsp;<br \/>\nN<\/p>\n<h4><b>Bao g\u1ed3m &amp; Lo\u1ea1i tr\u1eeb<\/b><\/h4>\n<p>N&Nbsp;<br \/>\nN<br \/>\nN<b>bao g\u1ed3m<\/b><br \/>\nN<\/p>\n<ol>\nN \t<\/p>\n<li style=\"font-weight: 400;\">Tham quan Los Haitises + Hang \u0111\u1ed9ng v\u00e0 Ch\u1eef t\u01b0\u1ee3ng h\u00ecnh<\/li>\n<p>N \t<\/p>\n<li>Montana Redonda<\/li>\n<p>N \t<\/p>\n<li>Th\u00e1c n\u01b0\u1edbc Yanigua<\/li>\n<p>N \t<\/p>\n<li>B\u1eefa tr\u01b0a<\/li>\n<p>N \t<\/p>\n<li>\u0110\u00f3n kh\u00e1ch t\u1ea1i c\u00e1c khu v\u1ef1c Punta Cana.<\/li>\n<p>N \t<\/p>\n<li style=\"font-weight: 400;\"><span style=\"font-weight: 400;\">T\u1ea5t c\u1ea3 c\u00e1c lo\u1ea1i thu\u1ebf, ph\u00ed v\u00e0 l\u1ec7 ph\u00ed x\u1eed l\u00fd<\/span><\/li>\n<p>N \t<\/p>\n<li style=\"font-weight: 400;\"><span style=\"font-weight: 400;\">Thu\u1ebf \u0111\u1ecba ph\u01b0\u01a1ng<\/span><\/li>\n<p>N \t<\/p>\n<li style=\"font-weight: 400;\"><span style=\"font-weight: 400;\">n\u01b0\u1edbc gi\u1ea3i kh\u00e1t<\/span><\/li>\n<p>N \t<\/p>\n<li>\u0110\u1ed3 \u0103n nh\u1eb9<\/li>\n<p>N \t<\/p>\n<li style=\"font-weight: 400;\"><span style=\"font-weight: 400;\">T\u1ea5t c\u1ea3 c\u00e1c ho\u1ea1t \u0111\u1ed9ng<\/span><\/li>\n<p>N \t<\/p>\n<li style=\"font-weight: 400;\"><span style=\"font-weight: 400;\">H\u01b0\u1edbng d\u1eabn \u0111\u1ecba ph\u01b0\u01a1ng<\/span><\/li>\n<p>N<\/ol>\n<p>N<b> lo\u1ea1i tr\u1eeb<\/b><br \/>\nN<\/p>\n<ol>\nN \t<\/p>\n<li style=\"font-weight: 400;\"><span style=\"font-weight: 400;\">ti\u1ec1n th\u01b0\u1edfng<\/span><\/li>\n<p>N \t<\/p>\n<li style=\"font-weight: 400;\"><span style=\"font-weight: 400;\">\u0110\u1ed3 u\u1ed1ng c\u00f3 c\u1ed3n<\/span><\/li>\n<p>N<\/ol>\n<p>N&Nbsp;<br \/>\nN<\/p>\n<h4><em><strong>Kh\u1edfi h\u00e0nh &amp; Tr\u1edf v\u1ec1<\/strong><\/em><\/h4>\n<p>N<span style=\"font-weight: 400;\">Kh\u00e1ch du l\u1ecbch s\u1ebd nh\u1eadn \u0111\u01b0\u1ee3c m\u1ed9t \u0111i\u1ec3m g\u1eb7p g\u1ee1 sau Quy tr\u00ecnh \u0111\u1eb7t ch\u1ed7. C\u00e1c chuy\u1ebfn tham quan b\u1eaft \u0111\u1ea7u v\u00e0 k\u1ebft th\u00fac t\u1ea1i c\u00e1c \u0111i\u1ec3m g\u1eb7p g\u1ee1 c\u1ee7a b\u1ea1n.<\/span><br \/>\nN<\/p>\n<h4><\/h4>\n<p>N<\/p>\n<h3>Punta Cana: C\u00f4ng vi\u00ean Qu\u1ed1c gia Los Haitises, Th\u00e1c Yanigua &amp; Montana Redonda<\/h3>\n<p>N<\/p>\n<h4><b><i>Mong \u0111\u1ee3i \u0111i\u1ec1u g\u00ec?<\/i><\/b><\/h4>\n<p>N<em><strong>Nh\u1eadn v\u00e9 c\u1ee7a b\u1ea1n<\/strong><\/em> \u0111\u1ec3 tham quan C\u00f4ng vi\u00ean Qu\u1ed1c gia Los Haitises Tour t\u1eeb Punta Cana.<br \/>\nN<br \/>\nnThe\u00a0<strong>thi\u00ean nhi\u00ean nhi\u1ec7t \u0111\u1edbi c\u1ee7a C\u1ed9ng h\u00f2a Dominica<\/strong>\u00a0l\u00e0 m\u1ed9t trong nh\u1eefng ch\u00ednh\u00a0<strong>\u0111i\u1ec3m thu h\u00fat kh\u00e1ch du l\u1ecbch<\/strong>\u00a0trong n\u01b0\u1edbc. H\u00f4m nay ch\u00fang t\u00f4i mu\u1ed1n gi\u1edbi thi\u1ec7u cho b\u1ea1n m\u1ed9t\u00a0<strong>chuy\u1ebfn tham quan \u0111\u1ed9c \u0111\u00e1o<\/strong>\u00a0m\u00e0 b\u1ea1n c\u00f3 th\u1ec3 l\u00e0m t\u1eeb Punta Cana, v\u00e0 \u0111i\u1ec1u \u0111\u00f3 bao g\u1ed3m chuy\u1ebfn th\u0103m t\u1edbi ba n\u01a1i m\u00e0 phong c\u1ea3nh s\u1ebd khi\u1ebfn b\u1ea1n kh\u00f4ng n\u00f3i n\u00ean l\u1eddi.<br \/>\nN<br \/>\nn\u0110\u1ea7u ti\u00ean trong s\u1ed1 \u0111\u00f3 l\u00e0\u00a0<em>N\u00fai Tr\u00f2n<\/em>, m\u1ed9t n\u01a1i \u0111\u00e3 tr\u1edf n\u00ean n\u1ed5i ti\u1ebfng trong nh\u1eefng n\u0103m g\u1ea7n \u0111\u00e2y v\u00ec\u00a0<strong>to\u00e0n c\u1ea3nh<\/strong>\u00a0tr\u00ean v\u00f9ng bi\u1ec3n Carib\u00ea, n\u01a1i\u00a0<strong>\u1ea3nh ch\u1ee5p nhanh tr\u00ean x\u00edch \u0111u<\/strong>\u00a0nh\u00ecn v\u1ec1 ph\u00eda ch\u00e2n tr\u1eddi \u0111\u00e3 l\u00e0m cho n\u00f3 tr\u1edf th\u00e0nh m\u1ed9t trong nh\u1eefng\u00a0<strong>nh\u1eefng n\u01a1i \u0111\u01b0\u1ee3c ch\u1ee5p \u1ea3nh nhi\u1ec1u nh\u1ea5t \u1edf C\u1ed9ng h\u00f2a Dominica<\/strong>.<br \/>\nN<br \/>\nN<strong>V\u01b0\u1eddn qu\u1ed1c gia Los Haitises<\/strong>\u00a0l\u00e0 \u0111i\u1ec3m \u0111\u1ebfn ti\u1ebfp theo c\u1ee7a ch\u00fang t\u00f4i tr\u00ean b\u1ea3n \u0111\u1ed3, m\u1ed9t khu v\u1ef1c m\u00e0\u00a0<strong>bi\u1ec3n, r\u1eebng ng\u1eadp m\u1eb7n, r\u1eebng r\u1eadm<\/strong>\u00a0v\u00e0 ngay c\u1ea3\u00a0<strong>di t\u00edch kh\u1ea3o c\u1ed5 h\u1ecdc<\/strong>\u00a0\u1ea9n trong hang \u0111\u1ed9ng, ti\u1ebft l\u1ed9 t\u1ea5t c\u1ea3 c\u00e1c\u00a0<strong>s\u1ef1 quy\u1ebfn r\u0169 t\u1ef1 nhi\u00ean m\u00e0 \u0111\u1ea5t n\u01b0\u1edbc cung c\u1ea5p<\/strong>. Nh\u1eefng ng\u1ecdn \u0111\u1ed3i nh\u1ecf \u0111\u1ea7y th\u1ea3m th\u1ef1c v\u1eadt c\u0169ng l\u00e0 n\u01a1i l\u00fd t\u01b0\u1edfng \u0111\u1ec3 ng\u1eafm chim m\u00e0 b\u1ea1n s\u1ebd ch\u1ec9 t\u00ecm th\u1ea5y \u1edf \u0111\u00e2y.<br \/>\nN<br \/>\nTrong c\u00f4ng vi\u00ean c\u00f3 m\u1ed9t c\u00e1i kh\u00e1c\u00a0<strong>n\u01a1i huy\u1ec1n di\u1ec7u: Th\u00e1c n\u01b0\u1edbc Yanigua Ranch<\/strong>. Th\u00e1c n\u01b0\u1edbc ngo\u1ea1n m\u1ee5c n\u00e0y l\u00e0\u00a0<strong>n\u01a1i ho\u00e0n h\u1ea3o \u0111\u1ec3 ng\u1eaft k\u1ebft n\u1ed1i<\/strong>\u00a0t\u1eeb \u0111\u00e1m \u0111\u00f4ng kh\u00e1ch du l\u1ecbch \u1edf Punta Cana, \u0111\u01b0\u1ee3c bao quanh b\u1edfi th\u1ea3m th\u1ef1c v\u1eadt d\u00e0y \u0111\u1eb7c khi\u1ebfn ch\u00fang t\u00f4i ngh\u0129 r\u1eb1ng ch\u00fang t\u00f4i c\u00e1ch th\u1ecb tr\u1ea5n g\u1ea7n nh\u1ea5t h\u01a1n 100 km, m\u1eb7c d\u00f9 th\u1ef1c t\u1ebf kh\u00f4ng ph\u1ea3i nh\u01b0 v\u1eady.<br \/>\nN<\/p>\n<div class=\"body-description secondary\">\nN<br \/>\nSau b\u1eefa tr\u01b0a, ch\u00fang ta quay tr\u1edf l\u1ea1i Punta Cana!!<br \/>\nN<\/p>\n<h2 id=\"headline-62-1277\" class=\"ct-headline\">H\u00e0nh tr\u00ecnh c\u1ee7a chuy\u1ebfn tham quan<\/h2>\n<p>N<\/p>\n<div id=\"_rich_text-77-1277\" class=\"oxy-rich-text\">\nN<br \/>\nnL\u1ecbch tr\u00ecnh c\u1ee7a chuy\u1ebfn tham quan n\u00e0y nh\u01b0 sau:<br \/>\nN<\/p>\n<ul>\nN \t<\/p>\n<li><strong>06:50 s\u00e1ng<\/strong>\u00a0- \u0110\u00f3n b\u1ea1n t\u1ea1i kh\u00e1ch s\u1ea1n c\u1ee7a b\u1ea1n.<\/li>\n<p>N \t<\/p>\n<li><strong>08:30 s\u00e1ng<\/strong>\u00a0\u2013 \u0110\u1ebfn n\u00fai Tr\u00f2n, m\u1ed9t th\u1eafng c\u1ea3nh \u0111\u1ed9c nh\u1ea5t v\u00f4 nh\u1ecb c\u1ee7a c\u1ea3 n\u01b0\u1edbc.<\/li>\n<p>N \t<\/p>\n<li><strong>10:30 s\u00e1ng<\/strong>\u00a0\u2013 Kh\u1edfi h\u00e0nh t\u1eeb Sabana de la Mar \u0111\u1ebfn C\u00f4ng vi\u00ean Qu\u1ed1c gia Haitises b\u1eb1ng t\u00e0u cao t\u1ed1c. Tr\u00ean \u0111\u01b0\u1eddng \u0111i ch\u00fang ta s\u1ebd th\u1ea5y\u00a0<strong>chim k\u1ef3 l\u1ea1<\/strong>, v\u00e0 ch\u00fang ta s\u1ebd \u0111\u1ebfn\u00a0<strong>hang \u0111\u1ed9ng<\/strong>\u00a0n\u01a1i b\u1ea1n c\u00f3 th\u1ec3 nh\u00ecn th\u1ea5y\u00a0<strong>tranh b\u1ea3n \u0111\u1ecba<\/strong>.<\/li>\n<p>N \t<\/p>\n<li><strong>12:30<\/strong>\u00a0<strong>bu\u1ed5i chi\u1ec1u\u00a0<\/strong>\u2013 \u0110i s\u00e2u v\u00e0o r\u1eebng r\u1eadm cho \u0111\u1ebfn khi ch\u00fang ta \u0111\u1ebfn Th\u00e1c Yanigua Ranch, m\u1ed9t n\u01a1i l\u00fd t\u01b0\u1edfng \u0111\u1ec3 \u0103n tr\u01b0a v\u00e0 ng\u00e2m m\u00ecnh. B\u1ea1n c\u0169ng c\u00f3 th\u1ec3 t\u1eafm b\u00f9n tr\u1ecb li\u1ec7u.<\/li>\n<p>N \t<\/p>\n<li><strong>02:00<\/strong>\u00a0<strong>bu\u1ed5i chi\u1ec1u<\/strong>\u00a0\u2013 B\u1ea1n c\u00f3 th\u1ec3 n\u1ebfm th\u1eed\u00a0<strong>c\u00e0 ph\u00ea v\u00e0 ca cao<\/strong>\u00a0t\u1eeb c\u00e1c trang tr\u1ea1i v\u00e0 trang tr\u1ea1i \u0111\u1ecba ph\u01b0\u01a1ng.<\/li>\n<p>N \t<\/p>\n<li><strong>03:00<\/strong>\u00a0<strong>bu\u1ed5i chi\u1ec1u<\/strong>- Tham quan\u00a0<strong>m\u1ecf h\u1ed5 ph\u00e1ch xanh<\/strong>.<\/li>\n<p>N \t<\/p>\n<li><strong>04:30 chi\u1ec1u<\/strong>\u00a0\u2013 D\u1eebng l\u1ea1i \u1edf m\u1ed9t \u0111i\u1ec3m ch\u1ee5p \u1ea3nh, n\u01a1i b\u1ea1n c\u00f3 th\u1ec3 nh\u00ecn th\u1ea5y v\u1ebb \u0111\u1eb9p l\u1ed9ng l\u1eaby c\u1ee7a C\u00f4ng vi\u00ean Qu\u1ed1c gia Haitises.<\/li>\n<p>N \t<\/p>\n<li><strong>05:00 chi\u1ec1u<\/strong>\u00a0\u2013 Cu\u1ed1i c\u00f9ng, h\u01b0\u1edbng d\u1eabn vi\u00ean s\u1ebd \u0111\u01b0a ch\u00fang ta \u0111\u1ebfn m\u1ed9t trong nh\u1eefng c\u00f4ng tr\u00ecnh k\u1ef3 l\u1ea1 nh\u1ea5t c\u1ee7a n\u01a1i n\u00e0y,\u00a0<em>ng\u00f4i nh\u00e0 c\u1ee7a Tarzan<\/em>, n\u1eb1m tr\u00ean m\u1ed9t c\u00e1i c\u00e2y cao h\u01a1n 100 feet.<\/li>\n<p>N \t<\/p>\n<li><strong>06:00 chi\u1ec1u<\/strong>\u00a0\u2013 Quay tr\u1edf l\u1ea1i kh\u00e1ch s\u1ea1n v\u1edbi ph\u01b0\u01a1ng ti\u1ec7n di chuy\u1ec3n c\u1ee7a ch\u00fang t\u00f4i.<\/li>\n<p>N<\/ul>\n<p>N<em>* Th\u1eddi gian ch\u1ec9 ra \u1edf tr\u00ean l\u00e0 g\u1ea7n \u0111\u00fang<\/em><br \/>\nN<br \/>\nN<\/div>\n<p>N\n<\/p><\/div>\n<p>Trong tr\u01b0\u1eddng h\u1ee3p b\u1ea1n mu\u1ed1n chuy\u1ebfn \u0111i n\u00e0y d\u00e0i h\u01a1n ho\u1eb7c ng\u1eafn h\u01a1n, ch\u1ec9 c\u1ea7n li\u00ean h\u1ec7 v\u1edbi ch\u00fang t\u00f4i\u2026<br \/>\nN<br \/>\nN&Nbsp;<br \/>\nN<\/p>\n<h4><em><strong>B\u1ea1n n\u00ean mang theo nh\u1eefng g\u00ec?<\/strong><\/em><\/h4>\n<p>N<\/p>\n<ul>\nN \t<\/p>\n<li style=\"font-weight: 400;\"><span style=\"font-weight: 400;\">M\u00e1y \u1ea3nh<\/span><\/li>\n<p>N \t<\/p>\n<li style=\"font-weight: 400;\"><span style=\"font-weight: 400;\">ch\u1ed3i \u0111u\u1ed5i<\/span><\/li>\n<p>N \t<\/p>\n<li style=\"font-weight: 400;\"><span style=\"font-weight: 400;\">Kem ch\u1ed1ng n\u1eafng<\/span><\/li>\n<p>N \t<\/p>\n<li style=\"font-weight: 400;\"><span style=\"font-weight: 400;\">m\u0169<\/span><\/li>\n<p>N \t<\/p>\n<li style=\"font-weight: 400;\"><span style=\"font-weight: 400;\">qu\u1ea7n tho\u1ea3i m\u00e1i<\/span><\/li>\n<p>N \t<\/p>\n<li style=\"font-weight: 400;\"><span style=\"font-weight: 400;\">Gi\u00e0y leo n\u00fai \u0111i r\u1eebng<\/span><\/li>\n<p>N \t<\/p>\n<li style=\"font-weight: 400;\"><span style=\"font-weight: 400;\">D\u00e9p \u0111i c\u00e1c mi\u1ec1n Xu\u00e2n.<\/span><\/li>\n<p>N \t<\/p>\n<li style=\"font-weight: 400;\"><span style=\"font-weight: 400;\">\u0111\u1ed3 b\u01a1i<\/span><\/li>\n<p>N<\/ul>\n<p>N&Nbsp;<br \/>\nN<\/p>\n<h4><b><i>\u0110\u00f3n kh\u00e1ch s\u1ea1n <\/i><\/b><\/h4>\n<p>N<span style=\"font-weight: 400;\">\u0110\u00f3n kh\u00e1ch s\u1ea1n \u0111\u01b0\u1ee3c cung c\u1ea5p cho tour du l\u1ecbch n\u00e0y. Ch\u1ecdn T\u00ean kh\u00e1ch s\u1ea1n v\u00e0 th\u1eddi gian l\u00ean \u0111\u00e2y. Trong tr\u01b0\u1eddng h\u1ee3p Kh\u00e1ch s\u1ea1n c\u1ee7a b\u1ea1n kh\u00f4ng c\u00f3 trong danh s\u00e1ch, vui l\u00f2ng Li\u00ean h\u1ec7 v\u1edbi Ch\u00fang t\u00f4i.<\/span><br \/>\nN<br \/>\nN&Nbsp;<br \/>\nN<br \/>\nN<b>Ghi ch\u00fa:<\/b><span style=\"font-weight: 400;\"> N\u1ebfu b\u1ea1n \u0111\u1eb7t ch\u1ed7 trong v\u00f2ng 24 gi\u1edd k\u1ec3 t\u1eeb gi\u1edd kh\u1edfi h\u00e0nh chuy\u1ebfn tham quan\/Chuy\u1ebfn tham quan, ch\u00fang t\u00f4i c\u00f3 th\u1ec3 s\u1eafp x\u1ebfp d\u1ecbch v\u1ee5 \u0111\u00f3n kh\u00e1ch t\u1ea1i kh\u00e1ch s\u1ea1n. Sau khi giao d\u1ecbch mua c\u1ee7a b\u1ea1n ho\u00e0n t\u1ea5t, ch\u00fang t\u00f4i s\u1ebd g\u1eedi cho b\u1ea1n th\u00f4ng tin li\u00ean h\u1ec7 \u0111\u1ea7y \u0111\u1ee7 (s\u1ed1 \u0111i\u1ec7n tho\u1ea1i, \u0111\u1ecba ch\u1ec9 email, v.v.) \u0111\u1ec3 H\u01b0\u1edbng d\u1eabn vi\u00ean du l\u1ecbch \u0111\u1ecba ph\u01b0\u01a1ng c\u1ee7a ch\u00fang t\u00f4i s\u1eafp x\u1ebfp vi\u1ec7c \u0111\u00f3n kh\u00e1ch.<\/span><br \/>\nN<\/p>\n<h4><b><i>X\u00e1c nh\u1eadn th\u00f4ng tin b\u1ed5 sung <\/i><\/b><\/h4>\n<p>N<\/p>\n<ol>\nN \t<\/p>\n<li>V\u00e9 l\u00e0 Bi\u00ean lai sau khi thanh to\u00e1n Tour n\u00e0y. B\u1ea1n c\u00f3 th\u1ec3 hi\u1ec3n th\u1ecb thanh to\u00e1n tr\u00ean \u0111i\u1ec7n tho\u1ea1i c\u1ee7a m\u00ecnh.<\/li>\n<p>N \t<\/p>\n<li style=\"font-weight: 400;\"><span style=\"font-weight: 400;\">\u0110i\u1ec3m h\u1eb9n s\u1ebd nh\u1eadn \u0111\u01b0\u1ee3c sau qu\u00e1 tr\u00ecnh \u0111\u1eb7t ch\u1ed7.<\/span><\/li>\n<p>N \t<\/p>\n<li style=\"font-weight: 400;\"><span style=\"font-weight: 400;\">Tr\u1ebb em ph\u1ea3i \u0111i c\u00f9ng ng\u01b0\u1eddi l\u1edbn.<\/span><\/li>\n<p>N \t<\/p>\n<li style=\"font-weight: 400;\"><span style=\"font-weight: 400;\"> Kh\u00f4ng th\u1ec3 s\u1eed d\u1ee5ng xe l\u0103n <\/span><\/li>\n<p>N \t<\/p>\n<li style=\"font-weight: 400;\"><span style=\"font-weight: 400;\">Tr\u1ebb s\u01a1 sinh ph\u1ea3i ng\u1ed3i tr\u00ean \u0111\u00f9i <\/span><\/li>\n<p>N \t<\/p>\n<li style=\"font-weight: 400;\"><span style=\"font-weight: 400;\">Kh\u00f4ng n\u00ean d\u00f9ng cho du kh\u00e1ch c\u00f3 v\u1ea5n \u0111\u1ec1 v\u1ec1 l\u01b0ng<\/span><\/li>\n<p>N \t<\/p>\n<li style=\"font-weight: 400;\"><span style=\"font-weight: 400;\">Kh\u00f4ng n\u00ean d\u00f9ng cho du kh\u00e1ch mang thai <\/span><\/li>\n<p>N \t<\/p>\n<li style=\"font-weight: 400;\"><span style=\"font-weight: 400;\"> Kh\u00f4ng c\u00f3 v\u1ea5n \u0111\u1ec1 v\u1ec1 tim ho\u1eb7c c\u00e1c t\u00ecnh tr\u1ea1ng y t\u1ebf nghi\u00eam tr\u1ecdng kh\u00e1c <\/span><\/li>\n<p>N \t<\/p>\n<li style=\"font-weight: 400;\"><span style=\"font-weight: 400;\">H\u1ea7u h\u1ebft du kh\u00e1ch c\u00f3 th\u1ec3 tham gia<\/span><\/li>\n<p>N<\/ol>\n<p>N<\/p>\n<h4><b><i>Ch\u00ednh s\u00e1ch h\u1ee7y<\/i><\/b><\/h4>\n<p>n\u0110\u1ec3 \u0111\u01b0\u1ee3c ho\u00e0n l\u1ea1i to\u00e0n b\u1ed9 s\u1ed1 ti\u1ec1n, vui l\u00f2ng \u0111\u1ecdc ch\u00ednh s\u00e1ch H\u1ee7y c\u1ee7a ch\u00fang t\u00f4i\u00a0<a href=\"https:\/\/ballenajorobada.com\/vi\/dat-phong-truc-tuyen\/\" target=\"_blank\" rel=\"noopener\" data-saferedirecturl=\"https:\/\/www.google.com\/url?q=https:\/\/ballenajorobada.com\/online-booking\/&amp;source=gmail&amp;ust=1672308980019000&amp;usg=AOvVaw26v5FL8g3-3hyHN76KOvdD\">B\u1ea5m v\u00e0o \u0111\u00e2y<\/a>. Ti\u1ec1n s\u1ebd b\u1ecb m\u1ea5t n\u1ebfu \u0111\u1eb7t ch\u1ed7 b\u1ecb h\u1ee7y trong c\u00f9ng ng\u00e0y c\u1ee7a chuy\u1ebfn \u0111i.<\/p>\n\n\t\t<\/div>\n\t<\/div>\n<\/div><\/div><\/div><\/div><div class=\"vc_row wpb_row vc_row-fluid\" ><div class=\"wpb_column vc_column_container vc_col-sm-12\"><div class=\"vc_column-inner\"><div class=\"wpb_wrapper\"><div class=\"vc_empty_space\"   style=\"height: 32px\"><span class=\"vc_empty_space_inner\"><\/span><\/div>\n\t<div class=\"wpb_video_widget wpb_content_element vc_clearfix   vc_video-aspect-ratio-169 vc_video-el-width-100 vc_video-align-left\" >\n\t\t<div class=\"wpb_wrapper\">\n\t\t\t<h2 class=\"wpb_heading wpb_video_heading\">Video C\u00f4ng vi\u00ean qu\u1ed1c gia Los Haitises:<\/h2>\n\t\t\t<div class=\"wpb_video_wrapper\"><iframe loading=\"lazy\" title=\"C\u00f4ng vi\u00ean Qu\u1ed1c gia Los Haitises, Chuy\u1ebfn tham quan &amp; Du ngo\u1ea1n T\u1eeb Samana ho\u1eb7c Sabana de la Mar. \u0110\u1eb7t t\u1ea1i \u0111\u00e2y:\" src=\"https:\/\/player.vimeo.com\/video\/346508015?dnt=1&amp;app_id=122963\" width=\"1100\" height=\"619\" frameborder=\"0\" allow=\"autoplay; fullscreen; picture-in-picture\" allowfullscreen><\/iframe><\/div>\n\t\t<\/div>\n\t<\/div>\n<div class=\"vc_empty_space\"   style=\"height: 32px\"><span class=\"vc_empty_space_inner\"><\/span><\/div><\/div><\/div><\/div><\/div><div class=\"vc_row wpb_row vc_row-fluid\" ><div class=\"wpb_column vc_column_container vc_col-sm-12\"><div class=\"vc_column-inner\"><div class=\"wpb_wrapper\"><div class=\"vc_empty_space\"   style=\"height: 32px\"><span class=\"vc_empty_space_inner\"><\/span><\/div>\n\t<div class=\"wpb_text_column wpb_content_element\" >\n\t\t<div class=\"wpb_wrapper\">\n\t\t\t<p>\nN<\/p>\n<h4>Li\u00ean h\u1ec7 ch\u00fang t\u00f4i?<\/h4>\n<p>N<\/p>\n<h5><em><strong>\u0111\u1eb7t ph\u00f2ng phi\u00eau l\u01b0u<\/strong><\/em><\/h5>\n<p>N<em><strong>ng\u01b0\u1eddi d\u00e2n \u0111\u1ecba ph\u01b0\u01a1ng<\/strong>\u00a0v\u00e0\u00a0<strong>c\u00f4ng d\u00e2n<\/strong>\u00a0H\u01b0\u1edbng d\u1eabn vi\u00ean du l\u1ecbch &amp; D\u1ecbch v\u1ee5 kh\u00e1ch<\/em><br \/>\nN<br \/>\nN<span class=\"text-turquoise\">\u0111\u1eb7t ph\u00f2ng:<\/span>\u00a0Chuy\u1ebfn tham quan &amp; du ngo\u1ea1n t\u1ea1i Dom. Tr\u1ea3 l\u1eddi.<br \/>\nN<br \/>\nN<img decoding=\"async\" class=\"emoji\" draggable=\"false\" src=\"https:\/\/s.w.org\/images\/core\/emoji\/11.2.0\/svg\/1f4de.svg\" alt=\" \" title=\"\">\u00a0\u0110i\u1ec7n tho\u1ea1i \/ Whatsapp\u00a0\u00a0<a href=\"tel:+1-809-720-6035\">+1-809-720-6035<\/a>.<br \/>\nN<br \/>\nN<img decoding=\"async\" class=\"emoji\" draggable=\"false\" src=\"https:\/\/s.w.org\/images\/core\/emoji\/11.2.0\/svg\/1f4e9.svg\" alt=\" \" title=\"\">\u00a0<a href=\"mailto:info@bookingadventures.com.do\">info@bookingadventures.com.do<\/a><br \/>\nN<br \/>\nN<strong>Ch\u00fang t\u00f4i \u0111ang thi\u1ebft l\u1eadp linh ho\u1ea1t c\u00e1c chuy\u1ebfn tham quan ri\u00eang t\u01b0 b\u1eb1ng Whatsapp:\u00a0<a href=\"tel:+18097206035\">+18097206035.<\/a><\/strong><\/p>\n\n\t\t<\/div>\n\t<\/div>\n<div class=\"vc_empty_space\"   style=\"height: 32px\"><span class=\"vc_empty_space_inner\"><\/span><\/div><\/div><\/div><\/div><\/div>\n<\/section>","protected":false},"excerpt":{"rendered":"<p>Chuy\u1ebfn tham quan t\u1eeb Punta Cana: C\u00f4ng vi\u00ean qu\u1ed1c gia Los Haitises, Th\u00e1c n\u01b0\u1edbc Yanigua &amp; Montana Redonda. Bao g\u1ed3m B\u1eefa tr\u01b0a v\u00e0 Ph\u01b0\u01a1ng ti\u1ec7n \u0111i l\u1ea1i cho chuy\u1ebfn tham quan 3 hang \u0111\u1ed9ng ch\u00ednh, kh\u00e1m ph\u00e1 2 h\u1ec7 sinh th\u00e1i r\u1eebng ng\u1eadp m\u1eb7n kh\u00e1c nhau, quang c\u1ea3nh v\u00e0 H\u1ed3 Simming. n Chuy\u1ebfn \u0111i c\u1ea3 ng\u00e0y \u0111\u1ebfn C\u00f4ng vi\u00ean Qu\u1ed1c gia Los Haitises v\u1edbi H\u01b0\u1edbng d\u1eabn vi\u00ean \u0111\u1ecba ph\u01b0\u01a1ng. Tham quan Cays \u1edf C\u00f4ng vi\u00ean Qu\u1ed1c gia Los Haitises, R\u1eebng ng\u1eadp m\u1eb7n, Th\u1ea3m th\u1ef1c v\u1eadt, Chim, Hang \u0111\u1ed9ng, Ch\u1eef t\u01b0\u1ee3ng h\u00ecnh v\u00e0 c\u00e1c khu v\u1ef1c l\u1ecbch s\u1eed Sabana de la Mar \u1edf C\u00f4ng vi\u00ean Qu\u1ed1c gia Los Haitises. Nh\u1eefng khung c\u1ea3nh tuy\u1ec7t v\u1eddi \u1edf [\u2026]<\/p>","protected":false},"author":2,"featured_media":0,"parent":0,"menu_order":0,"comment_status":"open","ping_status":"closed","template":"","meta":{"footnotes":""},"class_list":["post-15879","page","type-page","status-publish","hentry"],"_links":{"self":[{"href":"https:\/\/ballenajorobada.com\/vi\/wp-json\/wp\/v2\/pages\/15879","targetHints":{"allow":["GET"]}}],"collection":[{"href":"https:\/\/ballenajorobada.com\/vi\/wp-json\/wp\/v2\/pages"}],"about":[{"href":"https:\/\/ballenajorobada.com\/vi\/wp-json\/wp\/v2\/types\/page"}],"author":[{"embeddable":true,"href":"https:\/\/ballenajorobada.com\/vi\/wp-json\/wp\/v2\/users\/2"}],"replies":[{"embeddable":true,"href":"https:\/\/ballenajorobada.com\/vi\/wp-json\/wp\/v2\/comments?post=15879"}],"version-history":[{"count":0,"href":"https:\/\/ballenajorobada.com\/vi\/wp-json\/wp\/v2\/pages\/15879\/revisions"}],"wp:attachment":[{"href":"https:\/\/ballenajorobada.com\/vi\/wp-json\/wp\/v2\/media?parent=15879"}],"curies":[{"name":"wp","href":"https:\/\/api.w.org\/{rel}","templated":true}]}}