{"id":12536,"date":"2021-05-28T12:21:00","date_gmt":"2021-05-28T12:21:00","guid":{"rendered":"https:\/\/www.ticketswhales.com\/?post_type=product&#038;p=12536"},"modified":"2023-11-06T15:20:26","modified_gmt":"2023-11-06T15:20:26","slug":"zipline-27-waterfalls-combo","status":"publish","type":"product","link":"https:\/\/ballenajorobada.com\/vi\/Tours-Excursions\/27thac-nuoc-damajagua\/zipline-27-thac-combo","title":{"rendered":"\u0110u d\u00e2y 27 th\u00e1c n\u01b0\u1edbc (\u0110i b\u1ed9 v\u00e0 B\u01a1i l\u1ed9i)"},"content":{"rendered":"<section class=\"wpb-content-wrapper\"><div class=\"vc_row wpb_row vc_row-fluid\" ><div class=\"wpb_column vc_column_container vc_col-sm-12\"><div class=\"vc_column-inner\"><div class=\"wpb_wrapper\"><div class=\"vc_btn3-container vc_btn3-inline\" ><button class=\"vc_general vc_btn3 vc_btn3-size-md vc_btn3-shape-rounded vc_btn3-style-modern vc_btn3-color-green\">\u0110\u0102\u0323T B\u00c2Y GI\u1edc<\/button><\/div>\n\t<div class=\"wpb_text_column wpb_content_element\" >\n\t\t<div class=\"wpb_wrapper\">\n\t\t\t<p>27 Waterfalls (27 Charcos) of Damajagua Zipline +Lunch Included, Trekking or Hike Puerto Plata<\/p>\n\n\t\t<\/div>\n\t<\/div>\n<\/div><\/div><\/div><\/div><div class=\"vc_row wpb_row vc_row-fluid\" ><div class=\"wpb_column vc_column_container vc_col-sm-12\"><div class=\"vc_column-inner\"><div class=\"wpb_wrapper\">\n\t<div class=\"wpb_text_column wpb_content_element\" >\n\t\t<div class=\"wpb_wrapper\">\n\t\t\t<h3 class=\"ui_header h1 attractions-product-info-ProductTitle__title--1qM0o\">27 Th\u00e1c n\u01b0\u1edbc (27 Charcos) c\u1ee7a Damajagua Zipline, Trekking ho\u1eb7c Hike Puerto Plata<\/h3>\n<h4><b><i>T\u1ed5ng quan <\/i><\/b><\/h4>\n<p>Nh\u1eadn V\u00e9 c\u1ee7a b\u1ea1n cho chuy\u1ebfn du ngo\u1ea1n n\u1eeda ng\u00e0y \u1edf \u0111\u00e2y trong 27 Th\u00e1c n\u01b0\u1edbc t\u1eeb Damajagua. H\u00e3y t\u1eadn h\u01b0\u1edfng 5 tr\u1ea1m zipline bao g\u1ed3m c\u1ea3 hai c\u00e2y c\u1ea7u treo. M\u1ecdi th\u1ee9 b\u1eaft \u0111\u1ea7u \u0111i b\u1ed9 kho\u1ea3ng 45 ph\u00fat cho \u0111\u1ebfn khi \u0111\u1ebfn h\u1ed3 b\u01a1i 12, n\u01a1i b\u1ea1n s\u1ebd b\u1eaft \u0111\u1ea7u \u0111i xu\u1ed1ng h\u1ed3 b\u01a1i 7 b\u1eb1ng zipline.<\/p>\n<p>\u1ede v\u0169ng 12, nh\u00e2n vi\u00ean zipline \u0111ang \u0111\u1ee3i b\u1ea1n \u0111\u1ec3 h\u1ed7 tr\u1ee3 b\u1ea1n trong su\u1ed1t chuy\u1ebfn tham quan v\u00f2ng quanh. Chuy\u1ebfn tham quan k\u00e9o d\u00e0i kho\u1ea3ng 2 gi\u1edd 45 ph\u00fat.<br \/>\nH\u00f2a m\u00ecnh v\u00e0o thi\u00ean nhi\u00ean v\u00e0 t\u1eadn h\u01b0\u1edfng m\u1ed9t trong nh\u1eefng ho\u1ea1t \u0111\u1ed9ng th\u00fa v\u1ecb nh\u1ea5t \u1edf Puerto Plata, Th\u00e1c n\u01b0\u1edbc Damajagua v\u00e0 Zipline.<\/p>\n<p>Sau tr\u1ea3i nghi\u1ec7m n\u00e0y, b\u1ea1n s\u1ebd quay tr\u1edf l\u1ea1i \u0111\u1ecba \u0111i\u1ec3m m\u00e0 b\u1ea1n g\u1eb7p H\u01b0\u1edbng d\u1eabn vi\u00ean.<\/p>\n<ul>\n<li style=\"font-weight: 400;\">\u0110\u00e3 bao g\u1ed3m ph\u00ed<\/li>\n<li>B\u1eefa tr\u01b0a<\/li>\n<li>\u0110\u1ed3 \u0103n nh\u1eb9<\/li>\n<li style=\"font-weight: 400;\">H\u01b0\u1edbng d\u1eabn vi\u00ean \u0111\u1ecba ph\u01b0\u01a1ng b\u1eb1ng ti\u1ebfng Anh<\/li>\n<\/ul>\n<p>&nbsp;<\/p>\n<h4><b>Bao g\u1ed3m &amp; Lo\u1ea1i tr\u1eeb<\/b><\/h4>\n<p>&nbsp;<\/p>\n<p><b>bao g\u1ed3m<\/b><\/p>\n<ol>\n<li style=\"font-weight: 400;\">27 Th\u00e1c n\u01b0\u1edbc Damajagua<\/li>\n<li>B\u1eefa tr\u01b0a<\/li>\n<li style=\"font-weight: 400;\"><span style=\"font-weight: 400;\">T\u1ea5t c\u1ea3 c\u00e1c lo\u1ea1i thu\u1ebf, ph\u00ed v\u00e0 l\u1ec7 ph\u00ed x\u1eed l\u00fd<\/span><\/li>\n<li style=\"font-weight: 400;\"><span style=\"font-weight: 400;\">Thu\u1ebf \u0111\u1ecba ph\u01b0\u01a1ng<\/span><\/li>\n<li style=\"font-weight: 400;\"><span style=\"font-weight: 400;\">n\u01b0\u1edbc gi\u1ea3i kh\u00e1t<\/span><\/li>\n<li>\u0110\u1ed3 \u0103n nh\u1eb9<\/li>\n<li style=\"font-weight: 400;\"><span style=\"font-weight: 400;\">T\u1ea5t c\u1ea3 c\u00e1c ho\u1ea1t \u0111\u1ed9ng<\/span><\/li>\n<li style=\"font-weight: 400;\"><span style=\"font-weight: 400;\">H\u01b0\u1edbng d\u1eabn \u0111\u1ecba ph\u01b0\u01a1ng<\/span><\/li>\n<\/ol>\n<p><b> lo\u1ea1i tr\u1eeb<\/b><\/p>\n<ol>\n<li style=\"font-weight: 400;\"><span style=\"font-weight: 400;\">ti\u1ec1n th\u01b0\u1edfng<\/span><\/li>\n<li>v\u1eadn chuy\u1ec3n (Thi\u1ebft l\u1eadp b\u1eb1ng c\u00e1ch li\u00ean h\u1ec7 v\u1edbi ch\u00fang t\u00f4i)<\/li>\n<li style=\"font-weight: 400;\"><span style=\"font-weight: 400;\">\u0110\u1ed3 u\u1ed1ng c\u00f3 c\u1ed3n<\/span><\/li>\n<\/ol>\n<p>&nbsp;<\/p>\n<h4><em><strong>Kh\u1edfi h\u00e0nh &amp; Tr\u1edf v\u1ec1<\/strong><\/em><\/h4>\n<p><span style=\"font-weight: 400;\">Kh\u00e1ch du l\u1ecbch s\u1ebd nh\u1eadn \u0111\u01b0\u1ee3c m\u1ed9t \u0111i\u1ec3m g\u1eb7p g\u1ee1 sau Quy tr\u00ecnh \u0111\u1eb7t ch\u1ed7. C\u00e1c chuy\u1ebfn tham quan b\u1eaft \u0111\u1ea7u v\u00e0 k\u1ebft th\u00fac t\u1ea1i c\u00e1c \u0111i\u1ec3m g\u1eb7p g\u1ee1 c\u1ee7a b\u1ea1n.<\/span><\/p>\n<h4><\/h4>\n<h3 class=\"ui_header h1 attractions-product-info-ProductTitle__title--1qM0o\">27 Th\u00e1c n\u01b0\u1edbc (27 Charcos) c\u1ee7a Damajagua Zipline, Trekking ho\u1eb7c Hike Puerto Plata<\/h3>\n<h4><b><i>Mong \u0111\u1ee3i \u0111i\u1ec1u g\u00ec?<\/i><\/b><\/h4>\n<div class=\"apd_content_block\" data-tab=\"TABS_OVERVIEW\"><\/div>\n<div data-tab=\"TABS_WHAT_TO_EXPECT\">\n<div class=\"ui_card attractions-card-CollapsibleProductDetailsCard__cardContainer--3r2wk attractions-card-CollapsibleProductDetailsCard__cleanslateOverrideDT--2AJh0\">\n<div class=\"attractions-card-CollapsibleCard__content--2Ws8q\">\n<div class=\"attractions-card-CollapsibleCard__contentWrap--374jk attractions-card-CollapsibleCard__titleUnderline--1uHze\">\n<div class=\"attractions-card-CollapsibleProductDetailsCard__cardContent--23ext\">\n<div class=\"common-text-ReadMore__readMore--3Iu8c common-text-ReadMore__variantFadeOut--1tInd\">\n<div class=\"common-text-ReadMore__content--2X4LR\">\n<div class=\"ui_columns is-desktop\">\n<div>\u0110i\u1ec1u ch\u00fang t\u00f4i \u0111\u1ea3m b\u1ea3o \u0111\u1ea7u ti\u00ean l\u00e0 An to\u00e0n. \u0110i\u1ec1u quan tr\u1ecdng nh\u1ea5t v\u1ec1 \u0111u d\u00e2y k\u00e9o l\u00e0 s\u1ef1 an to\u00e0n c\u1ee7a b\u1ea1n v\u00e0 \u0111\u00f3 l\u00e0 l\u00fd do t\u1ea1i sao ch\u00fang t\u00f4i cung c\u1ea5p nh\u1eefng h\u01b0\u1edbng d\u1eabn vi\u00ean \u0111u d\u00e2y chuy\u00ean nghi\u1ec7p nh\u1ea5t, nh\u1eefng ng\u01b0\u1eddi s\u1ebd \u0111i c\u00f9ng b\u1ea1n t\u1eeb qu\u1ea7y l\u1ec5 t\u00e2n \u0111\u1ec3 khi\u1ebfn cu\u1ed9c phi\u00eau l\u01b0u c\u1ee7a b\u1ea1n tr\u1edf n\u00ean th\u00fa v\u1ecb h\u01a1n.<\/div>\n<div><\/div>\n<div>L\u01b0\u1edbt tr\u00ean d\u00e2y c\u00e1p s\u1ebd khi\u1ebfn b\u1ea1n c\u1ea3m th\u1ea5y ph\u1ea5n kh\u00edch v\u00e0 c\u0169ng l\u00e0 ch\u00eca kh\u00f3a \u0111\u1ec3 c\u00f3 \u0111\u01b0\u1ee3c kh\u00f4ng kh\u00ed trong l\u00e0nh tr\u00ean m\u00e1i t\u00f3c c\u1ee7a b\u1ea1n trong m\u1ed9t khu r\u1eebng nhi\u1ec7t \u0111\u1edbi v\u1edbi m\u1ed9t trong nh\u1eefng con s\u00f4ng \u0111\u1eb9p nh\u1ea5t \u1edf C\u1ed9ng h\u00f2a Dominica, Th\u00e1c n\u01b0\u1edbc Damajagua.<\/div>\n<div><\/div>\n<div class=\"ui_column\">Sau b\u1eefa \u0103n, h\u00e3y n\u00f3i l\u1eddi t\u1ea1m bi\u1ec7t v\u1edbi h\u01b0\u1edbng d\u1eabn vi\u00ean \u0111\u1ecba ph\u01b0\u01a1ng v\u00e0 tr\u1ea3i nghi\u1ec7m tuy\u1ec7t v\u1eddi nh\u1ea5t c\u1ee7a b\u1ea1n s\u1ebd \u0111\u01b0\u1ee3c ghi nh\u1edb v\u00e0 ch\u1ee5p \u1ea3nh ho\u1eb7c video cho \u0111\u1ebfn h\u1ebft cu\u1ed9c \u0111\u1eddi.<\/div>\n<\/div>\n<\/div>\n<\/div>\n<\/div>\n<\/div>\n<\/div>\n<\/div>\n<\/div>\n<h4><em><strong>B\u1ea1n n\u00ean mang theo nh\u1eefng g\u00ec?<\/strong><\/em><\/h4>\n<ul>\n<li style=\"font-weight: 400;\"><span style=\"font-weight: 400;\">M\u00e1y \u1ea3nh<\/span><\/li>\n<li style=\"font-weight: 400;\"><span style=\"font-weight: 400;\">ch\u1ed3i \u0111u\u1ed5i<\/span><\/li>\n<li style=\"font-weight: 400;\"><span style=\"font-weight: 400;\">Kem ch\u1ed1ng n\u1eafng<\/span><\/li>\n<li style=\"font-weight: 400;\"><span style=\"font-weight: 400;\">m\u0169<\/span><\/li>\n<li style=\"font-weight: 400;\"><span style=\"font-weight: 400;\">qu\u1ea7n tho\u1ea3i m\u00e1i<\/span><\/li>\n<li style=\"font-weight: 400;\"><span style=\"font-weight: 400;\">Gi\u00e0y leo n\u00fai \u0111i r\u1eebng<\/span><\/li>\n<li style=\"font-weight: 400;\"><span style=\"font-weight: 400;\">D\u00e9p \u0111i c\u00e1c mi\u1ec1n Xu\u00e2n.<\/span><\/li>\n<li style=\"font-weight: 400;\"><span style=\"font-weight: 400;\">\u0111\u1ed3 b\u01a1i<\/span><\/li>\n<\/ul>\n<p>&nbsp;<\/p>\n<h4><b><i>\u0110\u00f3n kh\u00e1ch s\u1ea1n <\/i><\/b><\/h4>\n<p><span style=\"font-weight: 400;\">\u0110\u00f3n kh\u00e1ch s\u1ea1n kh\u00f4ng \u0111\u01b0\u1ee3c cung c\u1ea5p cho tour du l\u1ecbch n\u00e0y. Ch\u00fang t\u00f4i thi\u1ebft l\u1eadp Nh\u1eadn h\u00e0ng b\u1eb1ng c\u00e1ch li\u00ean h\u1ec7 v\u1edbi ch\u00fang t\u00f4i qua Whatsapp.<\/span><\/p>\n<p>&nbsp;<\/p>\n<p><b>Ghi ch\u00fa:<\/b><span style=\"font-weight: 400;\"> N\u1ebfu b\u1ea1n \u0111\u1eb7t ch\u1ed7 trong v\u00f2ng 24 gi\u1edd tr\u01b0\u1edbc gi\u1edd kh\u1edfi h\u00e0nh c\u1ee7a chuy\u1ebfn tham quan\/Chuy\u1ebfn tham quan, ch\u00fang t\u00f4i c\u00f3 th\u1ec3 s\u1eafp x\u1ebfp d\u1ecbch v\u1ee5 \u0111\u00f3n kh\u00e1ch t\u1ea1i kh\u00e1ch s\u1ea1n v\u1edbi m\u1ed9t kho\u1ea3n ph\u1ee5 ph\u00ed. Sau khi giao d\u1ecbch mua c\u1ee7a b\u1ea1n ho\u00e0n t\u1ea5t, ch\u00fang t\u00f4i s\u1ebd g\u1eedi cho b\u1ea1n th\u00f4ng tin li\u00ean h\u1ec7 \u0111\u1ea7y \u0111\u1ee7 (s\u1ed1 \u0111i\u1ec7n tho\u1ea1i, \u0111\u1ecba ch\u1ec9 email, v.v.) \u0111\u1ec3 H\u01b0\u1edbng d\u1eabn vi\u00ean du l\u1ecbch \u0111\u1ecba ph\u01b0\u01a1ng c\u1ee7a ch\u00fang t\u00f4i s\u1eafp x\u1ebfp vi\u1ec7c \u0111\u00f3n kh\u00e1ch.<\/span><\/p>\n<h4><b><i>X\u00e1c nh\u1eadn th\u00f4ng tin b\u1ed5 sung <\/i><\/b><\/h4>\n<ol>\n<li>V\u00e9 l\u00e0 Bi\u00ean nh\u1eadn sau khi thanh to\u00e1n cho Tour n\u00e0y. B\u1ea1n c\u00f3 th\u1ec3 hi\u1ec3n th\u1ecb thanh to\u00e1n tr\u00ean \u0111i\u1ec7n tho\u1ea1i c\u1ee7a m\u00ecnh.<\/li>\n<li style=\"font-weight: 400;\"><span style=\"font-weight: 400;\">\u0110i\u1ec3m h\u1eb9n s\u1ebd nh\u1eadn \u0111\u01b0\u1ee3c sau qu\u00e1 tr\u00ecnh \u0111\u1eb7t ch\u1ed7.<\/span><\/li>\n<li style=\"font-weight: 400;\"><span style=\"font-weight: 400;\">Tr\u1ebb em ph\u1ea3i \u0111i c\u00f9ng ng\u01b0\u1eddi l\u1edbn.<\/span><\/li>\n<li style=\"font-weight: 400;\"><span style=\"font-weight: 400;\"> Kh\u00f4ng th\u1ec3 s\u1eed d\u1ee5ng xe l\u0103n <\/span><\/li>\n<li style=\"font-weight: 400;\"><span style=\"font-weight: 400;\">Tr\u1ebb s\u01a1 sinh ph\u1ea3i ng\u1ed3i tr\u00ean \u0111\u00f9i <\/span><\/li>\n<li style=\"font-weight: 400;\"><span style=\"font-weight: 400;\">Kh\u00f4ng n\u00ean d\u00f9ng cho du kh\u00e1ch c\u00f3 v\u1ea5n \u0111\u1ec1 v\u1ec1 l\u01b0ng<\/span><\/li>\n<li style=\"font-weight: 400;\"><span style=\"font-weight: 400;\">Kh\u00f4ng n\u00ean d\u00f9ng cho du kh\u00e1ch mang thai <\/span><\/li>\n<li style=\"font-weight: 400;\"><span style=\"font-weight: 400;\"> Kh\u00f4ng c\u00f3 v\u1ea5n \u0111\u1ec1 v\u1ec1 tim ho\u1eb7c c\u00e1c t\u00ecnh tr\u1ea1ng y t\u1ebf nghi\u00eam tr\u1ecdng kh\u00e1c <\/span><\/li>\n<li style=\"font-weight: 400;\"><span style=\"font-weight: 400;\">H\u1ea7u h\u1ebft du kh\u00e1ch c\u00f3 th\u1ec3 tham gia<\/span><\/li>\n<\/ol>\n<h4><b><i>Ch\u00ednh s\u00e1ch h\u1ee7y<\/i><\/b><\/h4>\n<p>\u0110\u1ec3 \u0111\u01b0\u1ee3c ho\u00e0n ti\u1ec1n \u0111\u1ea7y \u0111\u1ee7, vui l\u00f2ng \u0111\u1ecdc ch\u00ednh s\u00e1ch H\u1ee7y c\u1ee7a ch\u00fang t\u00f4i\u00a0<a href=\"https:\/\/ballenajorobada.com\/vi\/dat-phong-truc-tuyen\/\" target=\"_blank\" rel=\"noopener\" data-saferedirecturl=\"https:\/\/www.google.com\/url?q=https:\/\/ballenajorobada.com\/online-booking\/&amp;source=gmail&amp;ust=1672449202351000&amp;usg=AOvVaw1yAeVAPktmaVCqDujgUn90\">B\u1ea5m v\u00e0o \u0111\u00e2y<\/a>. Ti\u1ec1n s\u1ebd b\u1ecb m\u1ea5t n\u1ebfu \u0111\u1eb7t ch\u1ed7 b\u1ecb h\u1ee7y trong c\u00f9ng ng\u00e0y c\u1ee7a chuy\u1ebfn \u0111i.<\/p>\n\n\t\t<\/div>\n\t<\/div>\n<div class=\"vc_btn3-container vc_btn3-inline\" ><button class=\"vc_general vc_btn3 vc_btn3-size-md vc_btn3-shape-rounded vc_btn3-style-modern vc_btn3-color-green\">\u0110\u0102\u0323T B\u00c2Y GI\u1edc<\/button><\/div><\/div><\/div><\/div><\/div><div class=\"vc_row wpb_row vc_row-fluid\" ><div class=\"wpb_column vc_column_container vc_col-sm-12\"><div class=\"vc_column-inner\"><div class=\"wpb_wrapper\">\n\t<div class=\"wpb_video_widget wpb_content_element vc_clearfix   vc_video-aspect-ratio-169 vc_video-el-width-100 vc_video-align-left\" >\n\t\t<div class=\"wpb_wrapper\">\n\t\t\t<h2 class=\"wpb_heading wpb_video_heading\">Chuy\u1ebfn tham quan 27 th\u00e1c n\u01b0\u1edbc Damajagua t\u1eeb Puerto Plata:<\/h2>\n\t\t\t<div class=\"wpb_video_wrapper\"><iframe loading=\"lazy\" title=\"27 Th\u00e1c n\u01b0\u1edbc Damajagua c\u1ee7a Booking Adventures &amp; Travel C\u1ed9ng h\u00f2a Dominica\" width=\"1100\" height=\"619\" src=\"https:\/\/www.youtube.com\/embed\/AVNh_we_RQE?start=17&feature=oembed\" frameborder=\"0\" allow=\"accelerometer; autoplay; encrypted-media; gyroscope; picture-in-picture\" allowfullscreen><\/iframe><\/div>\n\t\t<\/div>\n\t<\/div>\n<\/div><\/div><\/div><\/div><div class=\"vc_row wpb_row vc_row-fluid\" ><\/div><div class=\"wpb_column vc_column_container vc_col-sm-12\"><div class=\"vc_column-inner\"><div class=\"wpb_wrapper\"><\/div><\/div><\/div><div class=\"vc_empty_space\"   style=\"height: 32px\"><span class=\"vc_empty_space_inner\"><\/span><\/div><div class=\"vc_empty_space\"   style=\"height: 32px\"><span class=\"vc_empty_space_inner\"><\/span><\/div><div class=\"vc_row wpb_row vc_row-fluid\" ><div class=\"wpb_column vc_column_container vc_col-sm-12\"><div class=\"vc_column-inner\"><div class=\"wpb_wrapper\"><div class=\"vc_btn3-container vc_btn3-inline\" ><button class=\"vc_general vc_btn3 vc_btn3-size-md vc_btn3-shape-rounded vc_btn3-style-modern vc_btn3-color-green\">\u0110\u0102\u0323T B\u00c2Y GI\u1edc<\/button><\/div><\/div><\/div><\/div><\/div>\n<\/section>","protected":false},"excerpt":{"rendered":"<p>This tour from 27 Damajagua waterfalls in Puerto Plata, Lunch and Tour of the 27 waterfalls, Zip line, hike and jump to the river.<\/p>\n<p>Ecological Trip to the 27 waterfalls of Puerto Plata. Get your tickets for a half-day tour here at Damajagua&#8217;s Waterfall 27. Entrance tickets with lunch and excursion include jumping, ziplining, and swimming in the most beautiful waterfalls in the Dominican Republic. Hiking and swimming with safety equipment to have the best experience!<\/p>\n<p><strong>Select the day for the trip:\u00a0<\/strong><\/p>","protected":false},"featured_media":8275,"template":"","meta":[],"product_brand":[],"product_cat":[897,947],"product_tag":[286,284,292,401,290,291,406,405,404,403,288,402,287,293,285,888,407,289],"class_list":{"0":"post-12536","1":"product","2":"type-product","3":"status-publish","4":"has-post-thumbnail","6":"product_cat-27waterfalls-damajagua","7":"product_cat-1-puerto-plata","8":"product_tag-27-charcos-de-damajagua","9":"product_tag-27-waterfalls","10":"product_tag-27-waterfalls-dominican-republic","11":"product_tag-27-waterfalls-dominican-republic-facts","12":"product_tag-27-waterfalls-excursion","13":"product_tag-27-waterfalls-puerto-plata","14":"product_tag-amber-cove-cruise-terminal-27-waterfalls","15":"product_tag-amber-cove-excursions","16":"product_tag-damajagua-falls-tours","17":"product_tag-damajagua-national-park","18":"product_tag-excursion-27-waterfalls","19":"product_tag-how-to-get-to-27-waterfalls-from-puerto-plata","20":"product_tag-jumping-27-waterfalls","21":"product_tag-los-27-charcos-de-puerto-plata","22":"product_tag-puerto-plata","23":"product_tag-puerto-plata-zipline","24":"product_tag-things-to-do-in-amber-cove","25":"product_tag-tour-27-waterfalls","27":"first","28":"instock","29":"sale","30":"sold-individually","31":"shipping-taxable","32":"product-type-external"},"_links":{"self":[{"href":"https:\/\/ballenajorobada.com\/vi\/wp-json\/wp\/v2\/product\/12536","targetHints":{"allow":["GET"]}}],"collection":[{"href":"https:\/\/ballenajorobada.com\/vi\/wp-json\/wp\/v2\/product"}],"about":[{"href":"https:\/\/ballenajorobada.com\/vi\/wp-json\/wp\/v2\/types\/product"}],"wp:featuredmedia":[{"embeddable":true,"href":"https:\/\/ballenajorobada.com\/vi\/wp-json\/wp\/v2\/media\/8275"}],"wp:attachment":[{"href":"https:\/\/ballenajorobada.com\/vi\/wp-json\/wp\/v2\/media?parent=12536"}],"wp:term":[{"taxonomy":"product_brand","embeddable":true,"href":"https:\/\/ballenajorobada.com\/vi\/wp-json\/wp\/v2\/product_brand?post=12536"},{"taxonomy":"product_cat","embeddable":true,"href":"https:\/\/ballenajorobada.com\/vi\/wp-json\/wp\/v2\/product_cat?post=12536"},{"taxonomy":"product_tag","embeddable":true,"href":"https:\/\/ballenajorobada.com\/vi\/wp-json\/wp\/v2\/product_tag?post=12536"}],"curies":[{"name":"wp","href":"https:\/\/api.w.org\/{rel}","templated":true}]}}