{"id":8168,"date":"2019-03-12T13:32:13","date_gmt":"2019-03-12T13:32:13","guid":{"rendered":"https:\/\/www.ticketswhales.com\/?post_type=product&#038;p=8168"},"modified":"2025-02-02T16:59:10","modified_gmt":"2025-02-02T16:59:10","slug":"salto-de-la-jalda-national-park","status":"publish","type":"product","link":"https:\/\/ballenajorobada.com\/vi\/Tours-Excursions\/local-tour-guides\/cong-vien-quoc-gia-salto-de-la-jalda","title":{"rendered":"Salto La Jalda (\u0110i b\u1ed9 \u0111\u01b0\u1eddng d\u00e0i v\u00e0 b\u01a1i l\u1ed9i)"},"content":{"rendered":"<section class=\"wpb-content-wrapper\"><div class=\"vc_row wpb_row vc_row-fluid\" ><div class=\"wpb_column vc_column_container vc_col-sm-12\"><div class=\"vc_column-inner\"><div class=\"wpb_wrapper\"><div class=\"mkdf-section-title-holder\" style=\"text-align: left\">\n\t<div class=\"mkdf-st-inner\">\n\t\t\t\t\t<h5 class=\"mkdf-st-subtitle\" >\n\t\t\t\tTh\u00e1c n\u01b0\u1edbc cao nh\u1ea5t \u1edf Carib\u00ea 272 feet\t\t\t<\/h5>\n\t\t\t\t\t\t\t<h3 class=\"mkdf-st-title\" >\n\t\t\t\tV\u01b0\u1eddn qu\u1ed1c gia Salto de la Jalda\t\t\t<\/h3>\n\t\t\t\t\t\t\t<p class=\"mkdf-st-text\" >\n\t\t\t\t\u0110i b\u1ed9 \u0111\u01b0\u1eddng d\u00e0i ho\u1eb7c C\u01b0\u1ee1i ng\u1ef1a.\t\t\t<\/p>\n\t\t\t<\/div>\n<\/div><\/div><\/div><\/div><\/div><div class=\"vc_row wpb_row vc_row-fluid\" ><div class=\"wpb_column vc_column_container vc_col-sm-12\"><div class=\"vc_column-inner\"><div class=\"wpb_wrapper\"><div class=\"vc_btn3-container vc_btn3-inline\" ><a class=\"vc_general vc_btn3 vc_btn3-size-md vc_btn3-shape-rounded vc_btn3-style-modern vc_btn3-color-green\" href=\"https:\/\/bookingadventures.tours\/booking.php?tour_id=15732596c207e72b242ef1044167660d\" title=\"\" rel=\"noopener\">\u0110\u0102\u0323T B\u00c2Y GI\u1edc<\/a><\/div>\n\t<div class=\"wpb_text_column wpb_content_element\" >\n\t\t<div class=\"wpb_wrapper\">\n\t\t\t<h4><b><i>T\u1ed5ng quan <\/i><\/b><\/h4>\n<p>\u0110\u00e2y l\u00e0 m\u1ed9t tour du l\u1ecbch ri\u00eang \u0111\u1ec3\u00a0<strong>Th\u00e1c n\u01b0\u1edbc Salto de la Jalda<\/strong> v\u1edbi C\u01b0\u1ee1i ng\u1ef1a ho\u1eb7c \u0110i b\u1ed9 \u0111\u01b0\u1eddng d\u00e0i. Tham quan r\u1eebng cacao, c\u00e0 ph\u00ea d\u01b0\u1edbi t\u00e1n d\u1eeba. Khi b\u1ea1n \u0111\u1ebfn Th\u00e1c n\u01b0\u1edbc, b\u1ea1n \u0111\u01b0\u1ee3c ph\u00e9p b\u01a1i v\u00e0 \u0110\u1eb7t th\u1eddi gian v\u1edbi H\u01b0\u1edbng d\u1eabn vi\u00ean \u0111\u1ecba ph\u01b0\u01a1ng c\u1ee7a m\u00ecnh.<\/p>\n<p>T\u00ecm hi\u1ec3u v\u1edbi ng\u01b0\u1eddi d\u00e2n \u0111\u1ecba ph\u01b0\u01a1ng v\u00e0 c\u00f3 \u0111\u01b0\u1ee3c m\u1ed9t chuy\u1ebfn \u0111i an to\u00e0n. Nh\u1eadn v\u00e9 c\u1ee7a b\u1ea1n trong \u01afu \u0111\u00e3i ngay h\u00f4m nay.<\/p>\n<p>&nbsp;<\/p>\n<ul>\n<li>C\u01b0\u1ee1i ng\u1ef1a ho\u1eb7c \u0111i b\u1ed9 \u0111\u01b0\u1eddng d\u00e0i<\/li>\n<li style=\"font-weight: 400;\"><span style=\"font-weight: 400;\">H\u01b0\u1edbng d\u1eabn cung c\u1ea5p h\u01b0\u1edbng d\u1eabn v\u00e0 gi\u00e1m s\u00e1t<\/span><\/li>\n<li>Ph\u00ed v\u00e0o v\u01b0\u1eddn qu\u1ed1c gia<\/li>\n<\/ul>\n<p>&nbsp;<\/p>\n<h4><b>Bao g\u1ed3m &amp; Lo\u1ea1i tr\u1eeb<\/b><\/h4>\n<p>&nbsp;<\/p>\n<p><b>bao g\u1ed3m<\/b><\/p>\n<ol>\n<li style=\"font-weight: 400;\"><span style=\"font-weight: 400;\">Tour \u0111i b\u1ed9 \u0111\u01b0\u1eddng d\u00e0i ho\u1eb7c c\u01b0\u1ee1i ng\u1ef1a<\/span><\/li>\n<li style=\"font-weight: 400;\"><span style=\"font-weight: 400;\">T\u1ea5t c\u1ea3 c\u00e1c lo\u1ea1i thu\u1ebf, ph\u00ed v\u00e0 l\u1ec7 ph\u00ed x\u1eed l\u00fd<\/span><\/li>\n<li style=\"font-weight: 400;\"><span style=\"font-weight: 400;\">Thu\u1ebf \u0111\u1ecba ph\u01b0\u01a1ng<\/span><\/li>\n<li style=\"font-weight: 400;\"><span style=\"font-weight: 400;\">n\u01b0\u1edbc gi\u1ea3i kh\u00e1t<\/span><\/li>\n<li style=\"font-weight: 400;\"><span style=\"font-weight: 400;\">T\u1ea5t c\u1ea3 c\u00e1c ho\u1ea1t \u0111\u1ed9ng<\/span><\/li>\n<li style=\"font-weight: 400;\"><span style=\"font-weight: 400;\">H\u01b0\u1edbng d\u1eabn \u0111\u1ecba ph\u01b0\u01a1ng<\/span><\/li>\n<\/ol>\n<p><b> lo\u1ea1i tr\u1eeb<\/b><\/p>\n<ol>\n<li style=\"font-weight: 400;\"><span style=\"font-weight: 400;\">ti\u1ec1n th\u01b0\u1edfng<\/span><\/li>\n<li style=\"font-weight: 400;\"><span style=\"font-weight: 400;\">Chuy\u1ec3n nh\u01b0\u1ee3ng<\/span><\/li>\n<li>B\u1eefa tr\u01b0a<\/li>\n<li style=\"font-weight: 400;\"><span style=\"font-weight: 400;\">\u0110\u1ed3 u\u1ed1ng c\u00f3 c\u1ed3n<\/span><\/li>\n<\/ol>\n<p>&nbsp;<\/p>\n<h4><em><strong>Kh\u1edfi h\u00e0nh &amp; Tr\u1edf v\u1ec1<\/strong><\/em><\/h4>\n<p><span style=\"font-weight: 400;\">Kh\u00e1ch du l\u1ecbch s\u1ebd nh\u1eadn \u0111\u01b0\u1ee3c m\u1ed9t \u0111i\u1ec3m g\u1eb7p g\u1ee1 sau Quy tr\u00ecnh \u0111\u1eb7t ch\u1ed7. C\u00e1c chuy\u1ebfn tham quan b\u1eaft \u0111\u1ea7u v\u00e0 k\u1ebft th\u00fac t\u1ea1i c\u00e1c \u0111i\u1ec3m g\u1eb7p g\u1ee1 c\u1ee7a ch\u00fang t\u00f4i.<\/span><\/p>\n<p>&nbsp;<\/p>\n<h2>\u0110i b\u1ed9 \u0111\u01b0\u1eddng d\u00e0i C\u00f4ng vi\u00ean qu\u1ed1c gia Salto de la Jalda<\/h2>\n<h4><b><i>Mong \u0111\u1ee3i \u0111i\u1ec1u g\u00ec?<\/i><\/b><\/h4>\n<p><em><strong>Nh\u1eadn v\u00e9 c\u1ee7a b\u1ea1n<\/strong><\/em> v\u00ec \u0111\u00e3 \u0111\u1ebfn th\u0103m Th\u00e1c n\u01b0\u1edbc cao nh\u1ea5t \u1edf Caribean.\u00a0 <strong>El Salto la Jalda<\/strong> \u0110i b\u1ed9 \u0111\u01b0\u1eddng d\u00e0i al c\u01b0\u1ee1i ng\u1ef1a.<\/p>\n<p><span style=\"font-weight: 400;\">Chuy\u1ebfn tham quan do \u201cBooking Adventures\u201d t\u1ed5 ch\u1ee9c b\u1eaft \u0111\u1ea7u t\u1ea1i \u0111i\u1ec3m h\u1eb9n \u0111\u00e3 \u0111\u1eb7t v\u1edbi H\u01b0\u1edbng d\u1eabn vi\u00ean. <\/span>\u0110\u1ec3 b\u1eaft \u0111\u1ea7u chuy\u1ebfn tham quan, ch\u00fang t\u00f4i g\u1eb7p nhau \u1edf<strong> Sabana de la Mar<\/strong>. Sau \u0111\u00f3, ch\u00fang t\u00f4i l\u00ean xe, ch\u00fang t\u00f4i l\u00e1i xe 25 ph\u00fat \u0111\u1ebfn C\u1ed9ng \u0111\u1ed3ng Magua. N\u01a1i ch\u00fang t\u00f4i s\u1ebd g\u1eb7p h\u01b0\u1edbng d\u1eabn vi\u00ean \u0111i b\u1ed9 \u0111\u01b0\u1eddng d\u00e0i \u0111\u1ecba ph\u01b0\u01a1ng c\u1ee7a ch\u00fang t\u00f4i. \u0110\u1ec3 ph\u01b0\u01a1ng ti\u1ec7n c\u1ee7a b\u1ea1n \u1edf m\u1ed9t n\u01a1i \u0111\u1eadu xe an to\u00e0n, ch\u00fang t\u00f4i c\u01b0\u1ee1i ng\u1ef1a ho\u1eb7c \u0111i b\u1ed9 \u0111\u1ebfn C\u00f4ng vi\u00ean Qu\u1ed1c gia Salto de La Jalda, v\u1edbi th\u1eddi gian ba gi\u1edd \u0111\u1ec3 \u0111\u1ebfn \u0111\u00f3.<\/p>\n<p>Con \u0111\u01b0\u1eddng bao g\u1ed3m 6,5 km, \u0111\u00f3 l\u00e0 m\u1ed9t tr\u1ea3i nghi\u1ec7m d\u00e0i xuy\u00ean qua R\u1eebng Dominican, \u0110i qua Cacaos, D\u1eeba v\u00e0 R\u1eebng c\u00e0 ph\u00ea. Trong to\u00e0n b\u1ed9 chuy\u1ebfn \u0111i c\u1ee7a m\u00ecnh, ch\u00fang t\u00f4i s\u1ebd \u0111i qua g\u1ea7n s\u00f4ng Magua v\u00e0 b\u0103ng qua n\u00f3 kho\u1ea3ng 8 l\u1ea7n m\u00e0 kh\u00f4ng g\u1eb7p nhi\u1ec1u kh\u00f3 kh\u0103n.<\/p>\n<p>H\u1ea7u nh\u01b0 to\u00e0n b\u1ed9 con \u0111\u01b0\u1eddng m\u00f2n \u0111\u1ec1u c\u00f3 b\u00f3ng m\u00e1t c\u1ee7a m\u1ed9t l\u01b0\u1ee3ng l\u1edbn r\u1eebng ca cao \u0111\u01b0\u1ee3c tr\u1ed3ng tr\u01b0\u1edbc khi khu v\u1ef1c n\u00e0y \u0111\u01b0\u1ee3c tuy\u00ean b\u1ed1 l\u00e0 C\u00f4ng vi\u00ean Qu\u1ed1c gia Salto de La Jalda. Trong ph\u1ea7n \u0111\u1ea7u ti\u00ean c\u1ee7a cu\u1ed9c phi\u00eau l\u01b0u du l\u1ecbch sinh th\u00e1i, b\u1ea1n c\u00f3 th\u1ec3 th\u01b0\u1edfng th\u1ee9c ti\u1ebfng h\u00f3t c\u1ee7a c\u00e1c lo\u00e0i chim, \u00e2m thanh c\u1ee7a d\u00f2ng n\u01b0\u1edbc ch\u1ea3y, \u0111\u1ecba h\u00ecnh ch\u1ee7 y\u1ebfu b\u1eb1ng ph\u1eb3ng v\u00e0 t\u1ea5t c\u1ea3 c\u00e1c th\u1ea3m th\u1ef1c v\u1eadt xanh t\u01b0\u01a1i.<\/p>\n<p>Ngo\u00e0i ca cao \u1edf v\u00f9ng \u0111\u1ea5t c\u1ee7a C\u00f4ng vi\u00ean Qu\u1ed1c gia La Jalda, b\u1ea1n c\u0169ng c\u00f3 th\u1ec3 th\u1ea5y nh\u1eefng \u0111\u1ed3n \u0111i\u1ec1n c\u00e0 ph\u00ea. G\u1ea7n \u0111\u1ebfn th\u00e1c n\u01b0\u1edbc, ch\u00fang t\u00f4i gh\u00e9 qua nh\u00e0 c\u1ee7a c\u00e1c ki\u1ec3m l\u00e2m vi\u00ean c\u00f3 ngu\u1ed3n g\u1ed1c t\u1eeb th\u1ecb tr\u1ea5n Magua, \u0111\u01b0\u1ee3c giao cho C\u00f4ng vi\u00ean Qu\u1ed1c gia Jalda. \u1ede \u0111\u00f3 b\u1ea1n c\u00f3 th\u1ec3 ngh\u1ec9 ng\u01a1i m\u1ed9t ch\u00fat, t\u1eeb \u0111\u00f3 b\u1ea1n c\u00f3 th\u1ec3 nh\u00ecn th\u1ea5y to\u00e0n c\u1ea3nh tuy\u1ec7t v\u1eddi c\u1ee7a Salto de La Jalda.<\/p>\n<p>Ch\u00fang t\u00f4i s\u1ebd ti\u1ebfp t\u1ee5c cho \u0111\u1ebfn khi th\u00e1c n\u01b0\u1edbc. b\u01a1i \u1edf \u0111\u00f3 v\u00e0 sau v\u00e0i gi\u1edd quay tr\u1edf l\u1ea1i ph\u01b0\u01a1ng ti\u1ec7n qua c\u00f9ng m\u1ed9t con \u0111\u01b0\u1eddng m\u00f2n. \u0110\u00e2y l\u00e0 m\u1ed9t cu\u1ed9c phi\u00eau l\u01b0u c\u1ef1c \u0111oan. Xin vui l\u00f2ng n\u1ebfu b\u1ea1n kh\u00f4ng c\u00f3 \u0111i\u1ec1u ki\u1ec7n \u0111\u1ec3 \u0111i b\u1ed9 \u0111\u01b0\u1eddng d\u00e0i, b\u1ea1n c\u1ea7n c\u01b0\u1ee1i ng\u1ef1a.<\/p>\n<p>&nbsp;<\/p>\n<h4><em><strong>B\u1ea1n n\u00ean mang theo nh\u1eefng g\u00ec?<\/strong><\/em><\/h4>\n<ul>\n<li style=\"font-weight: 400;\"><span style=\"font-weight: 400;\">M\u00e1y \u1ea3nh<\/span><\/li>\n<li style=\"font-weight: 400;\"><span style=\"font-weight: 400;\">ch\u1ed3i \u0111u\u1ed5i<\/span><\/li>\n<li style=\"font-weight: 400;\"><span style=\"font-weight: 400;\">kem ch\u1ed1ng n\u1eafng<\/span><\/li>\n<li style=\"font-weight: 400;\"><span style=\"font-weight: 400;\">m\u0169<\/span><\/li>\n<li style=\"font-weight: 400;\"><span style=\"font-weight: 400;\">qu\u1ea7n tho\u1ea3i m\u00e1i<\/span><\/li>\n<li style=\"font-weight: 400;\"><span style=\"font-weight: 400;\">Gi\u00e0y leo n\u00fai \u0111i r\u1eebng<\/span><\/li>\n<li style=\"font-weight: 400;\"><span style=\"font-weight: 400;\">\u0111\u1ed3 b\u01a1i<\/span><\/li>\n<li>B\u00ecnh n\u01b0\u1edbc th\u00eam<\/li>\n<li>\u0102n tr\u01b0a ho\u1eb7c \u0103n v\u1eb7t<\/li>\n<\/ul>\n<p>&nbsp;<\/p>\n<h4><b><i>\u0110\u00f3n kh\u00e1ch s\u1ea1n <\/i><\/b><\/h4>\n<p><span style=\"font-weight: 400;\">\u0110\u00f3n kh\u00e1ch s\u1ea1n kh\u00f4ng \u0111\u01b0\u1ee3c cung c\u1ea5p cho tour du l\u1ecbch n\u00e0y. <\/span><\/p>\n<p>&nbsp;<\/p>\n<p><b>Ghi ch\u00fa:<\/b><span style=\"font-weight: 400;\"> N\u1ebfu b\u1ea1n \u0111\u1eb7t ch\u1ed7 trong v\u00f2ng 24 gi\u1edd tr\u01b0\u1edbc gi\u1edd kh\u1edfi h\u00e0nh c\u1ee7a chuy\u1ebfn tham quan\/Chuy\u1ebfn tham quan, ch\u00fang t\u00f4i c\u00f3 th\u1ec3 s\u1eafp x\u1ebfp d\u1ecbch v\u1ee5 \u0111\u00f3n kh\u00e1ch t\u1ea1i kh\u00e1ch s\u1ea1n v\u1edbi m\u1ed9t kho\u1ea3n ph\u1ee5 ph\u00ed. Sau khi giao d\u1ecbch mua c\u1ee7a b\u1ea1n ho\u00e0n t\u1ea5t, ch\u00fang t\u00f4i s\u1ebd g\u1eedi cho b\u1ea1n th\u00f4ng tin li\u00ean h\u1ec7 \u0111\u1ea7y \u0111\u1ee7 (s\u1ed1 \u0111i\u1ec7n tho\u1ea1i, \u0111\u1ecba ch\u1ec9 email, v.v.) \u0111\u1ec3 H\u01b0\u1edbng d\u1eabn vi\u00ean du l\u1ecbch \u0111\u1ecba ph\u01b0\u01a1ng c\u1ee7a ch\u00fang t\u00f4i s\u1eafp x\u1ebfp vi\u1ec7c \u0111\u00f3n kh\u00e1ch.<\/span><\/p>\n<h4><b><i>X\u00e1c nh\u1eadn th\u00f4ng tin b\u1ed5 sung <\/i><\/b><\/h4>\n<ol>\n<li>V\u00e9 l\u00e0 Bi\u00ean lai sau khi thanh to\u00e1n Tour n\u00e0y. B\u1ea1n c\u00f3 th\u1ec3 hi\u1ec3n th\u1ecb thanh to\u00e1n tr\u00ean \u0111i\u1ec7n tho\u1ea1i c\u1ee7a m\u00ecnh.<\/li>\n<li style=\"font-weight: 400;\"><span style=\"font-weight: 400;\">\u0110i\u1ec3m h\u1eb9n s\u1ebd nh\u1eadn \u0111\u01b0\u1ee3c sau qu\u00e1 tr\u00ecnh \u0111\u1eb7t ch\u1ed7.<\/span><\/li>\n<li style=\"font-weight: 400;\"><span style=\"font-weight: 400;\">Tr\u1ebb em ph\u1ea3i \u0111i c\u00f9ng ng\u01b0\u1eddi l\u1edbn.<\/span><\/li>\n<li style=\"font-weight: 400;\"><span style=\"font-weight: 400;\"> Kh\u00f4ng th\u1ec3 s\u1eed d\u1ee5ng xe l\u0103n <\/span><\/li>\n<li style=\"font-weight: 400;\"><span style=\"font-weight: 400;\">Tr\u1ebb s\u01a1 sinh kh\u00f4ng \u0111\u01b0\u1ee3c ph\u00e9p tham gia chuy\u1ebfn \u0111i n\u00e0y<\/span><\/li>\n<li style=\"font-weight: 400;\"><span style=\"font-weight: 400;\">Kh\u00f4ng n\u00ean d\u00f9ng cho du kh\u00e1ch c\u00f3 v\u1ea5n \u0111\u1ec1 v\u1ec1 l\u01b0ng<\/span><\/li>\n<li style=\"font-weight: 400;\"><span style=\"font-weight: 400;\">Kh\u00f4ng n\u00ean d\u00f9ng cho du kh\u00e1ch mang thai <\/span><\/li>\n<li style=\"font-weight: 400;\"><span style=\"font-weight: 400;\"> Kh\u00f4ng c\u00f3 v\u1ea5n \u0111\u1ec1 v\u1ec1 tim ho\u1eb7c c\u00e1c t\u00ecnh tr\u1ea1ng y t\u1ebf nghi\u00eam tr\u1ecdng kh\u00e1c <\/span><\/li>\n<li style=\"font-weight: 400;\"><span style=\"font-weight: 400;\">H\u1ea7u h\u1ebft du kh\u00e1ch c\u00f3 th\u1ec3 tham gia<\/span><\/li>\n<\/ol>\n<h4><b><i>Ch\u00ednh s\u00e1ch h\u1ee7y<\/i><\/b><\/h4>\n<p>\u0110\u1ec3 \u0111\u01b0\u1ee3c ho\u00e0n ti\u1ec1n \u0111\u1ea7y \u0111\u1ee7, vui l\u00f2ng \u0111\u1ecdc ch\u00ednh s\u00e1ch H\u1ee7y c\u1ee7a ch\u00fang t\u00f4i\u00a0<a href=\"https:\/\/www.ticketswhales.com\/online-booking\/\" target=\"_blank\" rel=\"noopener\" data-saferedirecturl=\"https:\/\/www.google.com\/url?q=https:\/\/www.ticketswhales.com\/online-booking\/&amp;source=gmail&amp;ust=1672449202351000&amp;usg=AOvVaw1yAeVAPktmaVCqDujgUn90\">B\u1ea5m v\u00e0o \u0111\u00e2y<\/a>. Ti\u1ec1n s\u1ebd b\u1ecb m\u1ea5t n\u1ebfu \u0111\u1eb7t ch\u1ed7 b\u1ecb h\u1ee7y trong c\u00f9ng ng\u00e0y c\u1ee7a chuy\u1ebfn \u0111i.<\/p>\n\n\t\t<\/div>\n\t<\/div>\n<\/div><\/div><\/div><\/div><div class=\"vc_row wpb_row vc_row-fluid\" ><div class=\"wpb_column vc_column_container vc_col-sm-12\"><div class=\"vc_column-inner\"><div class=\"wpb_wrapper\">\n\t<div class=\"wpb_text_column wpb_content_element\" >\n\t\t<div class=\"wpb_wrapper\">\n\t\t\t<h4>Li\u00ean h\u1ec7 ch\u00fang t\u00f4i?<\/h4>\n<h5><em><strong>\u0111\u1eb7t ph\u00f2ng phi\u00eau l\u01b0u<\/strong><\/em><\/h5>\n<p><em><strong>ng\u01b0\u1eddi d\u00e2n \u0111\u1ecba ph\u01b0\u01a1ng<\/strong> v\u00e0 <strong>c\u00f4ng d\u00e2n<\/strong> H\u01b0\u1edbng d\u1eabn vi\u00ean du l\u1ecbch &amp; D\u1ecbch v\u1ee5 kh\u00e1ch<\/em><\/p>\n<p><span class=\"text-turquoise\">\u0111\u1eb7t ph\u00f2ng:<\/span> Chuy\u1ebfn tham quan &amp; du ngo\u1ea1n t\u1ea1i Dom. Tr\u1ea3 l\u1eddi.<\/p>\n<p><img decoding=\"async\" class=\"emoji\" draggable=\"false\" src=\"https:\/\/s.w.org\/images\/core\/emoji\/11.2.0\/svg\/1f4de.svg\" alt=\"\ud83d\udcde\" title=\"\"> \u0110i\u1ec7n tho\u1ea1i \/ Whatsapp\u00a0 <a href=\"tel:+1-809-720-6035\">+1-809-720-6035<\/a>.<\/p>\n<p><img decoding=\"async\" class=\"emoji\" draggable=\"false\" src=\"https:\/\/s.w.org\/images\/core\/emoji\/11.2.0\/svg\/1f4e9.svg\" alt=\"\ud83d\udce9\" title=\"\"> <a href=\"mailto:info@bookingadventures.com.do\">info@bookingadventures.com.do<\/a><\/p>\n<p><strong>Ch\u00fang t\u00f4i \u0111ang thi\u1ebft l\u1eadp linh ho\u1ea1t c\u00e1c chuy\u1ebfn tham quan ri\u00eang t\u01b0 b\u1eb1ng Whatsapp: <a href=\"tel:+18097206035\">+18097206035.<\/a><\/strong><\/p>\n\n\t\t<\/div>\n\t<\/div>\n<\/div><\/div><\/div><\/div><div class=\"vc_row wpb_row vc_row-fluid\" ><div class=\"wpb_column vc_column_container vc_col-sm-12\"><div class=\"vc_column-inner\"><div class=\"wpb_wrapper\"><div class=\"vc_btn3-container vc_btn3-inline\" ><a class=\"vc_general vc_btn3 vc_btn3-size-md vc_btn3-shape-rounded vc_btn3-style-modern vc_btn3-color-green\" href=\"https:\/\/bookingadventures.tours\/booking.php?tour_id=15732596c207e72b242ef1044167660d\" title=\"\" rel=\"noopener\">\u0110\u0102\u0323T B\u00c2Y GI\u1edc<\/a><\/div><\/div><\/div><\/div><\/div>\n<\/section>","protected":false},"excerpt":{"rendered":"<p>M\u1ed9t cu\u1ed9c phi\u00eau l\u01b0u m\u1ea1o hi\u1ec3m \u0111\u1ebfn th\u00e1c n\u01b0\u1edbc cao h\u01a1n c\u1ee7a v\u00f9ng Caribe. H\u00e3y c\u00f9ng ng\u01b0\u1eddi d\u00e2n \u0111\u1ecba ph\u01b0\u01a1ng \u0111i b\u1ed9 \u0111\u01b0\u1eddng d\u00e0i ho\u1eb7c c\u01b0\u1ee1i ng\u1ef1a \u0111\u1ebfn Th\u00e1c n\u01b0\u1edbc. T\u00ecm hi\u1ec3u v\u1ec1 l\u1ed1i s\u1ed1ng th\u1ef1c s\u1ef1 c\u1ee7a ng\u01b0\u1eddi Dominica trong r\u1eebng. Tham quan nh\u1eefng \u0111\u1ed3n \u0111i\u1ec1n r\u1eebng Cacao l\u1edbn nh\u1ea5t \u1edf C\u1ed9ng h\u00f2a Dominica v\u00e0 t\u00ecm hi\u1ec3u v\u1ec1 c\u00e2u chuy\u1ec7n n\u00e0y v\u1edbi H\u01b0\u1edbng d\u1eabn vi\u00ean b\u1ea3n \u0111\u1ecba.<\/p>\n<p>Khi \u0111\u1eb7t chuy\u1ebfn \u0111i n\u00e0y, b\u1ea1n \u0111ang h\u1ed7 tr\u1ee3 c\u00e1c Gia \u0111\u00ecnh t\u1eeb C\u1ed9ng \u0111\u1ed3ng Magua, Sabana de la Mar. N\u01a1i kh\u00f4ng c\u00f3 kh\u00e1ch du l\u1ecbch quanh n\u0103m. Ti\u1ec1n \u1edf l\u1ea1i v\u1edbi nh\u1eefng ng\u01b0\u1eddi d\u00e2n \u0111\u1ecba ph\u01b0\u01a1ng n\u00e0y.<\/p>\n<p>&nbsp;<\/p>\n<p><strong>Vui l\u00f2ng ch\u1ecdn ng\u00e0y cho chuy\u1ebfn tham quan\u00a0<\/strong><\/p>","protected":false},"featured_media":16751,"template":"","meta":[],"product_brand":[],"product_cat":[178,946,634,189,170,191,252],"product_tag":[226,635,636,180,637,638,224,225,639,640,227,641,228,175,642,643,644,645],"class_list":{"0":"post-8168","1":"product","2":"type-product","3":"status-publish","4":"has-post-thumbnail","6":"product_cat-hiking","7":"product_cat-1-sabana-de-la-mar","8":"product_cat-hike-to-miches-la-jalda-waterfall-waterfalls","9":"product_cat-horse-riding-to-waterfalls","10":"product_cat-local-tour-guides","11":"product_cat-swimming-natural-springs","12":"product_cat-waterfalls","13":"product_tag-higthest-waterfall-in-the-caribean","14":"product_tag-hike-la-jalda","15":"product_tag-hike-to-miches-la-jalda-waterfall-waterfalls","16":"product_tag-hiking","17":"product_tag-la-jalda-excursions","18":"product_tag-la-jalda-horses","19":"product_tag-la-jalda-national-park","20":"product_tag-la-jalda-waterfall","21":"product_tag-leaping","22":"product_tag-leaping-jalda","23":"product_tag-magua","24":"product_tag-magua-la-jalda","25":"product_tag-miches","26":"product_tag-sabana-de-la-mar","27":"product_tag-salto-de-la-jalda","28":"product_tag-salto-la-jalda-sabana-de-la-mar","29":"product_tag-salto-la-jalda-tours","30":"product_tag-waterfalls","32":"first","33":"instock","34":"sale","35":"featured","36":"shipping-taxable","37":"product-type-external"},"_links":{"self":[{"href":"https:\/\/ballenajorobada.com\/vi\/wp-json\/wp\/v2\/product\/8168","targetHints":{"allow":["GET"]}}],"collection":[{"href":"https:\/\/ballenajorobada.com\/vi\/wp-json\/wp\/v2\/product"}],"about":[{"href":"https:\/\/ballenajorobada.com\/vi\/wp-json\/wp\/v2\/types\/product"}],"wp:featuredmedia":[{"embeddable":true,"href":"https:\/\/ballenajorobada.com\/vi\/wp-json\/wp\/v2\/media\/16751"}],"wp:attachment":[{"href":"https:\/\/ballenajorobada.com\/vi\/wp-json\/wp\/v2\/media?parent=8168"}],"wp:term":[{"taxonomy":"product_brand","embeddable":true,"href":"https:\/\/ballenajorobada.com\/vi\/wp-json\/wp\/v2\/product_brand?post=8168"},{"taxonomy":"product_cat","embeddable":true,"href":"https:\/\/ballenajorobada.com\/vi\/wp-json\/wp\/v2\/product_cat?post=8168"},{"taxonomy":"product_tag","embeddable":true,"href":"https:\/\/ballenajorobada.com\/vi\/wp-json\/wp\/v2\/product_tag?post=8168"}],"curies":[{"name":"wp","href":"https:\/\/api.w.org\/{rel}","templated":true}]}}